{"id":83,"date":"2022-10-27T16:32:11","date_gmt":"2022-10-27T14:32:11","guid":{"rendered":"urn:uuid:28880692-f289-467a-a5a6-60eb008dae66"},"modified":"2023-09-13T16:32:20","modified_gmt":"2023-09-13T14:32:20","slug":"erziehung","status":"publish","type":"page","link":"https:\/\/mvb.zh.ch\/tr\/beratungsangebot\/erziehung\/","title":{"rendered":"Erziehung"},"content":{"rendered":"\t\n\t\n    <div\n        class=\"wp-block-mind-image alignfull\"\n        \n\t        >\n\t    \t\t    <picture\n\t\t\t\tclass=\"isLandscape\"\n\t\t\t>\t\t\t\t\t<source type=\"image\/webp\" srcset=\"https:\/\/mvb.zh.ch\/tr\/wp-content\/uploads\/sites\/3\/2023\/01\/mvb_header_erziehung_2340x1080-370x0-c-default.webp 370w, https:\/\/mvb.zh.ch\/tr\/wp-content\/uploads\/sites\/3\/2023\/01\/mvb_header_erziehung_2340x1080-560x0-c-default.webp 560w, https:\/\/mvb.zh.ch\/tr\/wp-content\/uploads\/sites\/3\/2023\/01\/mvb_header_erziehung_2340x1080-768x0-c-default.webp 768w, https:\/\/mvb.zh.ch\/tr\/wp-content\/uploads\/sites\/3\/2023\/01\/mvb_header_erziehung_2340x1080-1160x0-c-default.webp 1160w, https:\/\/mvb.zh.ch\/tr\/wp-content\/uploads\/sites\/3\/2023\/01\/mvb_header_erziehung_2340x1080-1920x0-c-default.webp 1920w, https:\/\/mvb.zh.ch\/tr\/wp-content\/uploads\/sites\/3\/2023\/01\/mvb_header_erziehung_2340x1080-2340x0-c-default.webp 2340w\" sizes=\"100vw\">\n<source type=\"image\/jpeg\" srcset=\"https:\/\/mvb.zh.ch\/tr\/wp-content\/uploads\/sites\/3\/2023\/01\/mvb_header_erziehung_2340x1080-370x0-c-default.jpg 370w, https:\/\/mvb.zh.ch\/tr\/wp-content\/uploads\/sites\/3\/2023\/01\/mvb_header_erziehung_2340x1080-560x0-c-default.jpg 560w, https:\/\/mvb.zh.ch\/tr\/wp-content\/uploads\/sites\/3\/2023\/01\/mvb_header_erziehung_2340x1080-768x0-c-default.jpg 768w, https:\/\/mvb.zh.ch\/tr\/wp-content\/uploads\/sites\/3\/2023\/01\/mvb_header_erziehung_2340x1080-1160x0-c-default.jpg 1160w, https:\/\/mvb.zh.ch\/tr\/wp-content\/uploads\/sites\/3\/2023\/01\/mvb_header_erziehung_2340x1080-1920x0-c-default.jpg 1920w, https:\/\/mvb.zh.ch\/tr\/wp-content\/uploads\/sites\/3\/2023\/01\/mvb_header_erziehung_2340x1080-2340x0-c-default.jpg 2340w\" sizes=\"100vw\">\n<img src=\"https:\/\/mvb.zh.ch\/tr\/wp-content\/uploads\/sites\/3\/2023\/01\/mvb_header_erziehung_2340x1080-2340x0-c-default.jpg\" width=\"2340\" height=\"1080\" alt=\"Resimde b\u00fcy\u00fc\u011f\u00fc o\u011flan ve k\u00fc\u00e7\u00fc\u011f\u00fc k\u0131z olmak \u00fczere iki karde\u015f g\u00f6steriliyor. Bir scooter i\u00e7in kavga ediyorlar.\" loading=\"lazy\">\n\t\t\t<\/picture>\n\t        <\/div>\n\n\n<header\n\tclass=\"wp-block-mind-post-title autospace\"\n\t\n>\n\t\n\t\n<h1\n    class=\"heading-1\"\n    id=\"main-title\"\n><\/h1>\n\n<\/header>\n\n\n\n<p class=\"is-style-lead-ajb\">E\u011fitim soru\u00adlar\u0131 \u00e7ok boyut\u00adludur ve g\u00fcnl\u00fck aile ya\u015fan\u00adt\u0131s\u0131n\u0131n bir par\u00e7as\u0131d\u0131r \u2013 k\u0131skan\u00e7l\u0131k ve inat, kavga ve s\u0131n\u0131r\u00adlar koymak ve daha bir\u00e7o\u011fu. \u00c7ocu\u011funuzun davran\u0131\u015flar\u0131n\u0131 daha iyi anla\u00adman\u0131z ve uygun \u00e7\u00f6z\u00fcm\u00adler bulman\u0131z i\u00e7in size destek oluy\u00adoruz.<\/p>\n\n\n\n            <h2\n            class=\"wp-block-mind-heading wp-block-mind-heading-isLevel2 wp-block-mind-heading-isDisplayLevel3 heading-3\"\n            id=\"bebegin-kiskanilmasi\"\n        ><span>Bebe\u011fin k\u0131skan\u0131l\u00admas\u0131<\/span><\/h2>\n    \n\n\n<p class=\"is-style-lead\">B\u00fcy\u00fck \u00e7ocuk yeni do\u011fan bebe\u011fe k\u0131skan\u00e7l\u0131kla tepki vere\u00adbilir. Bu \u00e7ok normal bir durum. Aniden art\u0131k yaln\u0131z de\u011fildir ve ilginizi bebekle payla\u015f\u00admas\u0131 gerekir. Ebeveyn\u00adler olarak b\u00fcy\u00fck \u00e7ocu\u011funuzun huzur\u00adsu\u00adzlu\u011funu ciddiye alman\u0131z ve onu daha do\u011fum\u00addan \u00f6nce bebe\u011fe haz\u0131r\u00adla\u00adman\u0131z \u00f6nem\u00adlidir. \u00d6rne\u011fin a\u011flamak ve avutul\u00admak isteyen bir oyuncak bebekle oynaya\u00adbilirsiniz. B\u00fcy\u00fck \u00e7ocukla ba\u015f ba\u015fa aktiviteler plan\u00adla\u00admaya devam edin. B\u00f6ylece k\u0131skan\u00e7l\u0131\u011f\u0131yla daha iyi ba\u015fa \u00e7\u0131kmas\u0131nda ona destek olabilirsiniz.<\/p>\n\n\n\n\n\n\t<div\n\t    class=\"wp-block-mind-button is-style-text\"\n\t    \n\t>\n\t    \t        <a\n\t            class=\"button-theme [ button-primary-bg ] has-icon\"\n\t            href=\"https:\/\/www.fuerslebengut.ch\/eifersuechtig-auf-das-neue-geschwisterchen\/\"\n\t            \t        >\t<svg viewBox=\"0 0 29 49\" fill=\"none\" xmlns=\"http:\/\/www.w3.org\/2000\/svg\"  class=\"button-icon [ readmore-icon ]\" focusable=\"false\" aria-hidden=\"true\" role=\"img\">\n<path d=\"M3.50218 48.0013C2.60365 48.0013 1.71533 47.6713 1.03122 47.0013C-0.337 45.6613 -0.337 43.4913 1.03122 42.1513L19.5532 24.0013L1.02101 5.85125C-0.337 4.51125 -0.337 2.34125 1.02101 1.00125C2.37902 -0.338747 4.60493 -0.328747 5.97315 1.00125L26.9763 21.5813C28.3446 22.9213 28.3446 25.0913 26.9763 26.4313L5.97315 47.0013C5.28904 47.6713 4.3905 48.0013 3.50218 48.0013V48.0013Z\" fill=\"black\"\/>\n<\/svg>\n\n\n\t        <span\n\t        class=\"button-text\"\n        >Daha fazla Almanca bilgi<\/span>\n\t\n    \n<\/a>\n\t    \t<\/div>\n\n\n            <h2\n            class=\"wp-block-mind-heading wp-block-mind-heading-isLevel2 wp-block-mind-heading-isDisplayLevel3 heading-3\"\n            id=\"inatcilik-evresi\"\n        ><span>\u0130nat\u00e7\u0131l\u0131k evresi<\/span><\/h2>\n    \n\n\n<p class=\"is-style-lead\">18. ve 24. aylar aras\u0131nda \u00e7ocuk\u00adlar ba\u011f\u0131m\u00ads\u0131\u00adzla\u015f\u00admaya ba\u015flar ve bununla birlikte s\u00fcrekli olarak s\u0131n\u0131r\u00adlar\u0131 a\u015farlar. Bu s\u0131n\u0131r\u00adlar ebeveyn\u00adlerin kural\u00adlar\u0131 ve yasak\u00adlar\u0131 ya da \u00e7ocuk\u00adlar\u0131n kendi s\u0131n\u0131r\u00adlar\u0131 olabilir. \u00c7ocu\u011funuzun hayal k\u0131r\u0131k\u00adl\u0131\u011f\u0131 inat olarak d\u0131\u015fa vurur. \u0130nat n\u00f6bet\u00adlerini engelleye\u00admezsiniz. Ancak inat\u00adlar\u0131 daha iyi anla\u00admay\u0131 ve b\u00f6ylece \u00fcstesin\u00adden gelmeyi \u00f6\u011frenebilirsiniz. Bu konuda size destek oluy\u00adoruz.<\/p>\n\n\n\n\n\n\t<div\n\t    class=\"wp-block-mind-button is-style-text\"\n\t    \n\t>\n\t    \t        <a\n\t            class=\"button-theme [ button-primary-bg ] has-icon\"\n\t            href=\"https:\/\/www.fuerslebengut.ch\/trotzen-und-selbststaendig-werden\/\"\n\t            \t        >\t<svg viewBox=\"0 0 29 49\" fill=\"none\" xmlns=\"http:\/\/www.w3.org\/2000\/svg\"  class=\"button-icon [ readmore-icon ]\" focusable=\"false\" aria-hidden=\"true\" role=\"img\">\n<path d=\"M3.50218 48.0013C2.60365 48.0013 1.71533 47.6713 1.03122 47.0013C-0.337 45.6613 -0.337 43.4913 1.03122 42.1513L19.5532 24.0013L1.02101 5.85125C-0.337 4.51125 -0.337 2.34125 1.02101 1.00125C2.37902 -0.338747 4.60493 -0.328747 5.97315 1.00125L26.9763 21.5813C28.3446 22.9213 28.3446 25.0913 26.9763 26.4313L5.97315 47.0013C5.28904 47.6713 4.3905 48.0013 3.50218 48.0013V48.0013Z\" fill=\"black\"\/>\n<\/svg>\n\n\n\t        <span\n\t        class=\"button-text\"\n        >Daha fazla Almanca bilgi<\/span>\n\t\n    \n<\/a>\n\t    \t<\/div>\n\n\n            <h2\n            class=\"wp-block-mind-heading wp-block-mind-heading-isLevel2 wp-block-mind-heading-isDisplayLevel3 heading-3\"\n            id=\"kardesler-arasinda-kavga\"\n        ><span>Karde\u015fler aras\u0131nda kavga<\/span><\/h2>\n    \n\n\n<p class=\"is-style-lead\">\u00c7ocuk\u00adlar ailedeki konum\u00adlar\u0131n\u0131 ve de\u011fer\u00adlerini g\u00fcvenc\u00adeye almak ister\u00adler. Bu nedenle karde\u015fler aras\u0131nda rekabet ve kavga normaldir. Ebeveyn\u00adler olarak sizin karde\u015fler aras\u0131n\u00addaki kavgaya, k\u0131skan\u00e7l\u0131\u011fa ya da di\u011fer negatif hislere kar\u015f\u0131 nas\u0131l tepki verm\u00adeniz gerek\u00adti\u011fi hakk\u0131nda genel bir \u00e7\u00f6z\u00fcm yoktur. Derhal m\u00fcda\u00adhale etmek yerine sakin kalmak ve \u00f6nce\u00adlikle g\u00f6zlem\u00adle\u00admek genel\u00adlikle yard\u0131mc\u0131 olur.<\/p>\n\n\n\n\n\n\t<div\n\t    class=\"wp-block-mind-button is-style-text\"\n\t    \n\t>\n\t    \t        <a\n\t            class=\"button-theme [ button-primary-bg ] has-icon\"\n\t            href=\"https:\/\/www.fuerslebengut.ch\/streit-und-rivalitaet-unter-geschwistern\/\"\n\t            \t        >\t<svg viewBox=\"0 0 29 49\" fill=\"none\" xmlns=\"http:\/\/www.w3.org\/2000\/svg\"  class=\"button-icon [ readmore-icon ]\" focusable=\"false\" aria-hidden=\"true\" role=\"img\">\n<path d=\"M3.50218 48.0013C2.60365 48.0013 1.71533 47.6713 1.03122 47.0013C-0.337 45.6613 -0.337 43.4913 1.03122 42.1513L19.5532 24.0013L1.02101 5.85125C-0.337 4.51125 -0.337 2.34125 1.02101 1.00125C2.37902 -0.338747 4.60493 -0.328747 5.97315 1.00125L26.9763 21.5813C28.3446 22.9213 28.3446 25.0913 26.9763 26.4313L5.97315 47.0013C5.28904 47.6713 4.3905 48.0013 3.50218 48.0013V48.0013Z\" fill=\"black\"\/>\n<\/svg>\n\n\n\t        <span\n\t        class=\"button-text\"\n        >Daha fazla Almanca bilgi<\/span>\n\t\n    \n<\/a>\n\t    \t<\/div>\n\n\n    <div\n        class=\"wp-block-mind-background has-spacing-top-lg alignfull has-background has-gruen-papier-background-color content autospace isChildBlockContainer\"\n        \n    >\n\t    \t\t\t\n<div\n    class=\"wp-block-mind-grid hasInnerPadding\"\n    \n>\n\t<div class=\"wp-block-mind-grid-wrapper\" id=\"wp-block-mind-grid-wrapper-5\">\n        \n    <div\n\t    class=\"wp-block-mind-grid-item alignwide isGridColumnSpan-3 isGridColumnSpanMedium-4 isAlignSelf-center\"\n\t    style=\"\"\n\t    \n    >\n        <div class=\"wp-block-mind-grid-item-blocks innerContent autospace isChildBlockContainer\">\n            \n<div\n\tclass=\"wp-block-theme-animation content\"\n\t\n>\n\t<lottie-player\n\t  autoplay\n\t  loop\n\t  mode=\"normal\"\n\t  src=\"https:\/\/mvb.zh.ch\/tr\/wp-content\/uploads\/sites\/3\/2022\/11\/icon-fragen-mvb.json\"\n\t  speed=\"1.00\"\n\t>\n\t<\/lottie-player>\n<\/div>\n\n\n        <\/div>\n    <\/div>\n\n\n    <div\n\t    class=\"wp-block-mind-grid-item alignwide isGridColumnSpan-9 isGridColumnSpanMedium-8 isGridColumnStart-4 isGridColumnStartMedium-5 isAlignSelf-center\"\n\t    style=\"\"\n\t    \n    >\n        <div class=\"wp-block-mind-grid-item-blocks innerContent autospace isChildBlockContainer\">\n            \n            <h2\n            class=\"wp-block-mind-heading wp-block-mind-heading-isLevel2 wp-block-mind-heading-isDisplayLevelDefault heading-2\"\n            id=\"egitim-hakkinda-sorulariniz-mi-var-sizin-dilinizde-memnuniyetle-danismanlik-yapiyoruz\"\n        ><span>E\u011fitim hakk\u0131nda soru\u00adlar\u0131n\u0131z m\u0131 var? Sizin dilin\u00adizde memnuniyetle dan\u0131\u015f\u00adman\u00adl\u0131k yap\u0131y\u00adoruz!<\/span><\/h2>\n    \n\n\n\n\t<div\n\t    class=\"wp-block-mind-button is-style-primary\"\n\t    \n\t>\n\t    \t        <a\n\t            class=\"button-theme [ button-primary-bg ] has-icon\"\n\t            href=\"https:\/\/mvb.zh.ch\/tr\/kontakt\/\"\n\t            \t        >\t<svg data-name=\"Ebene 1\" xmlns=\"http:\/\/www.w3.org\/2000\/svg\" viewBox=\"0 0 49.378 33.401\"  class=\"button-icon [ readmore-icon ]\" focusable=\"false\" aria-hidden=\"true\" role=\"img\">\n  <path d=\"M260.5,232.906l14.654,16.271-.037.041-14.627,17.089-3.51-2.655,10.654-11.894H225.772v-4.621H267.64l-10.669-11.1Z\" transform=\"translate(-225.772 -232.906)\" fill=\"#fff\"\/>\n<\/svg>\n\n\n\t        <span\n\t        class=\"button-text\"\n        >\u0130leti\u015fime ge\u00e7<\/span>\n\t\n    \n<\/a>\n\t    \t<\/div>\n\n\n        <\/div>\n    <\/div>\n\n\n\t<\/div>\n\n\t        <style type=\"text\/css\">\n#wp-block-mind-grid-wrapper-5 { -ms-grid-rows: repeat(2, auto); }\n#wp-block-mind-grid-wrapper-5 > *:nth-child(1) { -ms-grid-row: 1; -ms-grid-row-span: 1; }\n#wp-block-mind-grid-wrapper-5 > *:nth-child(2) { -ms-grid-row: 2; -ms-grid-row-span: 1; }\n<\/style>\n\n\t<\/div>\n\n\n\n\t        <\/div>\n\n\n<div\n    class=\"wp-block-mind-image-text\"\n    \n>\n    <div class=\"wp-block-mind-image-text-content isVerticallyCentered hasColumnWidths-narrowWide\">\n        \n<div class=\"wp-block-mind-content innerContent autospace isChildBlockContainer\">\n    \n<blockquote\n\tclass=\"wp-block-mind-quote\"\n\t\n>\n\t\t\t<p>S\u00fcrekli olarak Alman\u00adcayla bo\u011fu\u015fuy\u00ado\u00adrum ve bir t\u00fcrl\u00fc kendimi ifade edemiy\u00ado\u00adrum. Dan\u0131\u015f\u00adman\u00adl\u0131k aile ya\u015fan\u00adt\u0131m\u0131 d\u00fczene sokmama yard\u0131mc\u0131 oluyor.<\/p>\n\n\n\t\t\t\t\t<cite class=\"wp-block-mind-quote-cite\">1 ve 4 ya\u015f\u0131nda iki \u00e7ocu\u011fu olan Arjeta T.<\/cite>\n\t\t\t<\/blockquote>\n\n\n\n\n\t<div\n\t    class=\"wp-block-mind-button is-style-outline\"\n\t    \n\t>\n\t    \t        <a\n\t            class=\"button-theme [ button-primary-bg ]\"\n\t            href=\"https:\/\/mvb.zh.ch\/tr\/was-andere-eltern-sagen\/\"\n\t            \t        >\t\n\n\t        <span\n\t        class=\"button-text\"\n        >Di\u011fer ebeveyn\u00adler ne diyor<\/span>\n\t\n    \n<\/a>\n\t    \t<\/div>\n\n\n<\/div>\n\n\n\t\n\t\n    <div\n        class=\"wp-block-mind-image mobile-small\"\n        \n\t        >\n\t    \t\t    <picture\n\t\t\t\tclass=\"isPortrait\"\n\t\t\t>\t\t\t\t\t<source type=\"image\/webp\" srcset=\"https:\/\/mvb.zh.ch\/tr\/wp-content\/uploads\/sites\/3\/2022\/12\/portrait_6_1080-e1671033814615-370x0-c-default.webp 370w, https:\/\/mvb.zh.ch\/tr\/wp-content\/uploads\/sites\/3\/2022\/12\/portrait_6_1080-e1671033814615-560x0-c-default.webp 560w, https:\/\/mvb.zh.ch\/tr\/wp-content\/uploads\/sites\/3\/2022\/12\/portrait_6_1080-e1671033814615-800x0-c-default.webp 800w, https:\/\/mvb.zh.ch\/tr\/wp-content\/uploads\/sites\/3\/2022\/12\/portrait_6_1080-e1671033814615-969x0-c-default.webp 969w\">\n<source type=\"image\/png\" srcset=\"https:\/\/mvb.zh.ch\/tr\/wp-content\/uploads\/sites\/3\/2022\/12\/portrait_6_1080-e1671033814615-370x0-c-default.png 370w, https:\/\/mvb.zh.ch\/tr\/wp-content\/uploads\/sites\/3\/2022\/12\/portrait_6_1080-e1671033814615-560x0-c-default.png 560w, https:\/\/mvb.zh.ch\/tr\/wp-content\/uploads\/sites\/3\/2022\/12\/portrait_6_1080-e1671033814615-800x0-c-default.png 800w, https:\/\/mvb.zh.ch\/tr\/wp-content\/uploads\/sites\/3\/2022\/12\/portrait_6_1080-e1671033814615-969x0-c-default.png 969w\">\n<img src=\"https:\/\/mvb.zh.ch\/tr\/wp-content\/uploads\/sites\/3\/2022\/12\/portrait_6_1080-e1671033814615-969x0-c-default.png\" width=\"969\" height=\"1079.7428571429\" alt=\"Resimde mutlu bir ifadeye sahip olan Arjeta T.&#039;nin \u00fcst beden portresi g\u00f6steriliyor \" loading=\"lazy\">\n\t\t\t<\/picture>\n\t        <\/div>\n\n\n    <\/div>\n<\/div>\n\n\n            <h2\n            class=\"wp-block-mind-heading has-spacing-top-lg alignwide wp-block-mind-heading-isLevel2 wp-block-mind-heading-isDisplayLevelDefault heading-2\"\n            id=\"diger-danismanlik-konulari\"\n        ><span>Di\u011fer dan\u0131\u015f\u00adman\u00adl\u0131k konu\u00adlar\u0131<\/span><\/h2>\n    \n\n","protected":false},"excerpt":{"rendered":"<p>Neden daha b\u00fcy\u00fck \u00e7ocuk bebe\u011fi k\u0131skan\u0131r? \u0130nat eden \u00e7ocu\u011fum art\u0131k sabr\u0131m\u0131 ta\u015f\u0131rd\u0131\u011f\u0131nda ne yapmal\u0131y\u0131m?<\/p>\n","protected":false},"author":1,"featured_media":413,"parent":14,"menu_order":8,"comment_status":"closed","ping_status":"closed","template":"","meta":{"eyecatcher_title":"","eyecatcher_text":"","eyecatcher_link":"","eyecatcher_icon_position":"","eyecatcher_icon":0,"hide_post_title":false,"hide_header":false,"hide_footer":false},"acf":[],"yoast_head":"<!-- This site is optimized with the Yoast SEO plugin v19.11 - https:\/\/yoast.com\/wordpress\/plugins\/seo\/ -->\n<title>E\u011fitim - Z\u00fcrih Kantonu Anne ve Baba Dan\u0131\u015fmanlar\u0131<\/title>\n<meta name=\"robots\" content=\"index, follow, max-snippet:-1, max-image-preview:large, max-video-preview:-1\" \/>\n<link rel=\"canonical\" href=\"https:\/\/mvb.zh.ch\/tr\/beratungsangebot\/erziehung\/\" \/>\n<meta property=\"og:locale\" content=\"tr_TR\" \/>\n<meta property=\"og:type\" content=\"article\" \/>\n<meta property=\"og:title\" content=\"E\u011fitim - Z\u00fcrih Kantonu Anne ve Baba Dan\u0131\u015fmanlar\u0131\" \/>\n<meta property=\"og:description\" content=\"Neden daha b\u00fcy\u00fck \u00e7ocuk bebe\u011fi k\u0131skan\u0131r? \u0130nat eden \u00e7ocu\u011fum art\u0131k sabr\u0131m\u0131 ta\u015f\u0131rd\u0131\u011f\u0131nda ne yapmal\u0131y\u0131m?\" \/>\n<meta property=\"og:url\" content=\"https:\/\/mvb.zh.ch\/tr\/beratungsangebot\/erziehung\/\" \/>\n<meta property=\"og:site_name\" content=\"Z\u00fcrih Kantonu Anne ve Baba Dan\u0131\u015fmanlar\u0131\" \/>\n<meta property=\"article:modified_time\" content=\"2023-09-13T14:32:20+00:00\" \/>\n<meta property=\"og:image\" content=\"https:\/\/mvb.zh.ch\/tr\/wp-content\/uploads\/sites\/3\/2022\/12\/erziehung-1200x630-c-default.jpg\" \/>\n\t<meta property=\"og:image:width\" content=\"1200\" \/>\n\t<meta property=\"og:image:height\" content=\"630\" \/>\n\t<meta property=\"og:image:type\" content=\"image\/jpeg\" \/>\n<meta name=\"twitter:card\" content=\"summary_large_image\" \/>\n<meta name=\"twitter:label1\" content=\"Tahmini okuma s\u00fcresi\" \/>\n\t<meta name=\"twitter:data1\" content=\"2 dakika\" \/>\n<script type=\"application\/ld+json\" class=\"yoast-schema-graph\">{\"@context\":\"https:\/\/schema.org\",\"@graph\":[{\"@type\":\"WebPage\",\"@id\":\"https:\/\/mvb.zh.ch\/tr\/beratungsangebot\/erziehung\/\",\"url\":\"https:\/\/mvb.zh.ch\/tr\/beratungsangebot\/erziehung\/\",\"name\":\"E\u011fitim - Z\u00fcrih Kantonu Anne ve Baba Dan\u0131\u015fmanlar\u0131\",\"isPartOf\":{\"@id\":\"https:\/\/mvb.zh.ch\/tr\/#website\"},\"datePublished\":\"2022-10-27T14:32:11+00:00\",\"dateModified\":\"2023-09-13T14:32:20+00:00\",\"breadcrumb\":{\"@id\":\"https:\/\/mvb.zh.ch\/tr\/beratungsangebot\/erziehung\/#breadcrumb\"},\"inLanguage\":\"tr\",\"potentialAction\":[{\"@type\":\"ReadAction\",\"target\":[\"https:\/\/mvb.zh.ch\/tr\/beratungsangebot\/erziehung\/\"]}]},{\"@type\":\"BreadcrumbList\",\"@id\":\"https:\/\/mvb.zh.ch\/tr\/beratungsangebot\/erziehung\/#breadcrumb\",\"itemListElement\":[{\"@type\":\"ListItem\",\"position\":1,\"name\":\"Startseite\",\"item\":\"https:\/\/mvb.zh.ch\/tr\/\"},{\"@type\":\"ListItem\",\"position\":2,\"name\":\"Beratungsangebot\",\"item\":\"https:\/\/mvb.zh.ch\/tr\/beratungsangebot\/\"},{\"@type\":\"ListItem\",\"position\":3,\"name\":\"Erziehung\"}]},{\"@type\":\"WebSite\",\"@id\":\"https:\/\/mvb.zh.ch\/tr\/#website\",\"url\":\"https:\/\/mvb.zh.ch\/tr\/\",\"name\":\"Z\u00fcrih Kantonu Anne ve Baba Dan\u0131\u015fmanlar\u0131\",\"description\":\"\",\"publisher\":{\"@id\":\"https:\/\/mvb.zh.ch\/tr\/#organization\"},\"inLanguage\":\"tr\"}]}<\/script>\n<!-- \/ Yoast SEO plugin. -->","yoast_head_json":{"title":"E\u011fitim - Z\u00fcrih Kantonu Anne ve Baba Dan\u0131\u015fmanlar\u0131","robots":{"index":"index","follow":"follow","max-snippet":"max-snippet:-1","max-image-preview":"max-image-preview:large","max-video-preview":"max-video-preview:-1"},"canonical":"https:\/\/mvb.zh.ch\/tr\/beratungsangebot\/erziehung\/","og_locale":"tr_TR","og_type":"article","og_title":"E\u011fitim - Z\u00fcrih Kantonu Anne ve Baba Dan\u0131\u015fmanlar\u0131","og_description":"Neden daha b\u00fcy\u00fck \u00e7ocuk bebe\u011fi k\u0131skan\u0131r? \u0130nat eden \u00e7ocu\u011fum art\u0131k sabr\u0131m\u0131 ta\u015f\u0131rd\u0131\u011f\u0131nda ne yapmal\u0131y\u0131m?","og_url":"https:\/\/mvb.zh.ch\/tr\/beratungsangebot\/erziehung\/","og_site_name":"Z\u00fcrih Kantonu Anne ve Baba Dan\u0131\u015fmanlar\u0131","article_modified_time":"2023-09-13T14:32:20+00:00","og_image":[{"width":1200,"height":630,"url":"https:\/\/mvb.zh.ch\/tr\/wp-content\/uploads\/sites\/3\/2022\/12\/erziehung-1200x630-c-default.jpg","type":"image\/jpeg"}],"twitter_card":"summary_large_image","twitter_misc":{"Tahmini okuma s\u00fcresi":"2 dakika"},"schema":{"@context":"https:\/\/schema.org","@graph":[{"@type":"WebPage","@id":"https:\/\/mvb.zh.ch\/tr\/beratungsangebot\/erziehung\/","url":"https:\/\/mvb.zh.ch\/tr\/beratungsangebot\/erziehung\/","name":"E\u011fitim - Z\u00fcrih Kantonu Anne ve Baba Dan\u0131\u015fmanlar\u0131","isPartOf":{"@id":"https:\/\/mvb.zh.ch\/tr\/#website"},"datePublished":"2022-10-27T14:32:11+00:00","dateModified":"2023-09-13T14:32:20+00:00","breadcrumb":{"@id":"https:\/\/mvb.zh.ch\/tr\/beratungsangebot\/erziehung\/#breadcrumb"},"inLanguage":"tr","potentialAction":[{"@type":"ReadAction","target":["https:\/\/mvb.zh.ch\/tr\/beratungsangebot\/erziehung\/"]}]},{"@type":"BreadcrumbList","@id":"https:\/\/mvb.zh.ch\/tr\/beratungsangebot\/erziehung\/#breadcrumb","itemListElement":[{"@type":"ListItem","position":1,"name":"Startseite","item":"https:\/\/mvb.zh.ch\/tr\/"},{"@type":"ListItem","position":2,"name":"Beratungsangebot","item":"https:\/\/mvb.zh.ch\/tr\/beratungsangebot\/"},{"@type":"ListItem","position":3,"name":"Erziehung"}]},{"@type":"WebSite","@id":"https:\/\/mvb.zh.ch\/tr\/#website","url":"https:\/\/mvb.zh.ch\/tr\/","name":"Z\u00fcrih Kantonu Anne ve Baba Dan\u0131\u015fmanlar\u0131","description":"","publisher":{"@id":"https:\/\/mvb.zh.ch\/tr\/#organization"},"inLanguage":"tr"}]}},"_links":{"self":[{"href":"https:\/\/mvb.zh.ch\/tr\/wp-json\/wp\/v2\/pages\/83"}],"collection":[{"href":"https:\/\/mvb.zh.ch\/tr\/wp-json\/wp\/v2\/pages"}],"about":[{"href":"https:\/\/mvb.zh.ch\/tr\/wp-json\/wp\/v2\/types\/page"}],"author":[{"embeddable":true,"href":"https:\/\/mvb.zh.ch\/tr\/wp-json\/wp\/v2\/users\/1"}],"replies":[{"embeddable":true,"href":"https:\/\/mvb.zh.ch\/tr\/wp-json\/wp\/v2\/comments?post=83"}],"version-history":[{"count":10,"href":"https:\/\/mvb.zh.ch\/tr\/wp-json\/wp\/v2\/pages\/83\/revisions"}],"predecessor-version":[{"id":820,"href":"https:\/\/mvb.zh.ch\/tr\/wp-json\/wp\/v2\/pages\/83\/revisions\/820"}],"up":[{"embeddable":true,"href":"https:\/\/mvb.zh.ch\/tr\/wp-json\/wp\/v2\/pages\/14"}],"wp:featuredmedia":[{"embeddable":true,"href":"https:\/\/mvb.zh.ch\/tr\/wp-json\/wp\/v2\/media\/413"}],"wp:attachment":[{"href":"https:\/\/mvb.zh.ch\/tr\/wp-json\/wp\/v2\/media?parent=83"}],"curies":[{"name":"wp","href":"https:\/\/api.w.org\/{rel}","templated":true}]}}