{"id":75,"date":"2022-10-27T16:30:49","date_gmt":"2022-10-27T14:30:49","guid":{"rendered":"urn:uuid:a47485c7-1ede-4fc2-9210-61527c864778"},"modified":"2023-09-13T16:28:21","modified_gmt":"2023-09-13T14:28:21","slug":"stillen","status":"publish","type":"page","link":"https:\/\/mvb.zh.ch\/tr\/beratungsangebot\/stillen\/","title":{"rendered":"Stillen"},"content":{"rendered":"\t\n\t\n    <div\n        class=\"wp-block-mind-image alignfull\"\n        \n\t        >\n\t    \t\t    <picture\n\t\t\t\tclass=\"isLandscape\"\n\t\t\t>\t\t\t\t\t<source type=\"image\/webp\" srcset=\"https:\/\/mvb.zh.ch\/tr\/wp-content\/uploads\/sites\/3\/2023\/01\/mvb_header_stillen_2340x1080-370x0-c-default.webp 370w, https:\/\/mvb.zh.ch\/tr\/wp-content\/uploads\/sites\/3\/2023\/01\/mvb_header_stillen_2340x1080-560x0-c-default.webp 560w, https:\/\/mvb.zh.ch\/tr\/wp-content\/uploads\/sites\/3\/2023\/01\/mvb_header_stillen_2340x1080-768x0-c-default.webp 768w, https:\/\/mvb.zh.ch\/tr\/wp-content\/uploads\/sites\/3\/2023\/01\/mvb_header_stillen_2340x1080-1160x0-c-default.webp 1160w, https:\/\/mvb.zh.ch\/tr\/wp-content\/uploads\/sites\/3\/2023\/01\/mvb_header_stillen_2340x1080-1920x0-c-default.webp 1920w, https:\/\/mvb.zh.ch\/tr\/wp-content\/uploads\/sites\/3\/2023\/01\/mvb_header_stillen_2340x1080-2340x0-c-default.webp 2340w\" sizes=\"100vw\">\n<source type=\"image\/jpeg\" srcset=\"https:\/\/mvb.zh.ch\/tr\/wp-content\/uploads\/sites\/3\/2023\/01\/mvb_header_stillen_2340x1080-370x0-c-default.jpg 370w, https:\/\/mvb.zh.ch\/tr\/wp-content\/uploads\/sites\/3\/2023\/01\/mvb_header_stillen_2340x1080-560x0-c-default.jpg 560w, https:\/\/mvb.zh.ch\/tr\/wp-content\/uploads\/sites\/3\/2023\/01\/mvb_header_stillen_2340x1080-768x0-c-default.jpg 768w, https:\/\/mvb.zh.ch\/tr\/wp-content\/uploads\/sites\/3\/2023\/01\/mvb_header_stillen_2340x1080-1160x0-c-default.jpg 1160w, https:\/\/mvb.zh.ch\/tr\/wp-content\/uploads\/sites\/3\/2023\/01\/mvb_header_stillen_2340x1080-1920x0-c-default.jpg 1920w, https:\/\/mvb.zh.ch\/tr\/wp-content\/uploads\/sites\/3\/2023\/01\/mvb_header_stillen_2340x1080-2340x0-c-default.jpg 2340w\" sizes=\"100vw\">\n<img src=\"https:\/\/mvb.zh.ch\/tr\/wp-content\/uploads\/sites\/3\/2023\/01\/mvb_header_stillen_2340x1080-2340x0-c-default.jpg\" width=\"2340\" height=\"1080\" alt=\"Resimde b\u00fcy\u00fck, antika bir koltukta rahat bir \u015fekilde oturup emziren anne g\u00f6steriliyor. Yeni do\u011fan bebe\u011fine sevgi dolu bir ifadeyle bak\u0131yor.\" loading=\"lazy\">\n\t\t\t<\/picture>\n\t        <\/div>\n\n\n<header\n\tclass=\"wp-block-mind-post-title autospace\"\n\t\n>\n\t\n\t\n<h1\n    class=\"heading-1\"\n    id=\"main-title\"\n><\/h1>\n\n<\/header>\n\n\n\n<p class=\"is-style-lead-ajb\">Emzirme, bir anne olarak sizin i\u00e7in b\u00fcy\u00fck bir de\u011fi\u015fimdir ve ba\u015flang\u0131\u00e7ta genel\u00adlikle zor gelebilir. Emzirme pozisy\u00adon\u00adlar\u0131 ve emzirme d\u00f6ne\u00adminde beslenme hakk\u0131nda size dan\u0131\u015f\u00adman\u00adl\u0131k veriy\u00adoruz. Prob\u00adlem\u00adlere sizinle birlikte \u00e7\u00f6z\u00fcm ar\u0131y\u00adoruz.<\/p>\n\n\n\n            <h2\n            class=\"wp-block-mind-heading wp-block-mind-heading-isLevel2 wp-block-mind-heading-isDisplayLevel3 heading-3\"\n            id=\"emzirme-doneminde-beslenme\"\n        ><span>Emzirme d\u00f6ne\u00adminde beslenme<\/span><\/h2>\n    \n\n\n<p class=\"is-style-lead\">Emzirirken anne olarak takviye ener\u00adjiye ihtiy\u00adac\u0131n\u0131z olur. Kendi\u00adnize de dikkat etmeniz \u00f6nem\u00adlidir. Yeter\u00adince su i\u00e7in ve ana \u00f6\u011f\u00fcn\u00adlere iki ya da \u00fc\u00e7 ara \u00f6\u011f\u00fcn ilave edin veya porsiy\u00adon\u00adlar\u0131n\u0131z\u0131 b\u00fcy\u00fct\u00fcn. M\u00fcmk\u00fcn oldu\u011funca dinlen\u00admek ve rahat\u00adla\u00admak i\u00e7in kendi\u00adnize zaman ay\u0131r\u0131n.<\/p>\n\n\n\n\n\n\t<div\n\t    class=\"wp-block-mind-button is-style-text\"\n\t    \n\t>\n\t    \t        <a\n\t            class=\"button-theme [ button-primary-bg ] has-icon\"\n\t            href=\"https:\/\/www.fuerslebengut.ch\/ernaehrung-waehrend-der-stillzeit\/#:~:text=Durch%20das%20Stillen%20erh%C3%A4lt%20Ihr,auch%20auf%20sich%20selbst%20achtgeben\"\n\t            \t        >\t<svg viewBox=\"0 0 29 49\" fill=\"none\" xmlns=\"http:\/\/www.w3.org\/2000\/svg\"  class=\"button-icon [ readmore-icon ]\" focusable=\"false\" aria-hidden=\"true\" role=\"img\">\n<path d=\"M3.50218 48.0013C2.60365 48.0013 1.71533 47.6713 1.03122 47.0013C-0.337 45.6613 -0.337 43.4913 1.03122 42.1513L19.5532 24.0013L1.02101 5.85125C-0.337 4.51125 -0.337 2.34125 1.02101 1.00125C2.37902 -0.338747 4.60493 -0.328747 5.97315 1.00125L26.9763 21.5813C28.3446 22.9213 28.3446 25.0913 26.9763 26.4313L5.97315 47.0013C5.28904 47.6713 4.3905 48.0013 3.50218 48.0013V48.0013Z\" fill=\"black\"\/>\n<\/svg>\n\n\n\t        <span\n\t        class=\"button-text\"\n        >Daha fazla Almanca bilgi<\/span>\n\t\n    \n<\/a>\n\t    \t<\/div>\n\n\n            <h2\n            class=\"wp-block-mind-heading wp-block-mind-heading-isLevel2 wp-block-mind-heading-isDisplayLevel3 heading-3\"\n            id=\"emzirme-pozisyonlari\"\n        ><span>Emzirme pozisy\u00adon\u00adlar\u0131<\/span><\/h2>\n    \n\n\n<p class=\"is-style-lead\">Emzirme, anne ve bebek i\u00e7in bir \u00f6\u011frenme s\u00fcre\u00adcidir. Emzirirken \u00e7e\u015fitli pozisy\u00adon\u00adlar deneyin. Emzirme pozisy\u00adonunu de\u011fi\u015ftirirs\u00adeniz meme e\u015fit \u015fekilde bo\u015fal\u0131r. B\u00f6ylece tek tarafl\u0131 meme ucu ac\u0131s\u0131n\u0131 ve yara olu\u015fu\u00admunu engelleye\u00adbilirsiniz.<\/p>\n\n\n\n            <h2\n            class=\"wp-block-mind-heading wp-block-mind-heading-isLevel2 wp-block-mind-heading-isDisplayLevel3 heading-3\"\n            id=\"sut-kanallarinin-tikanmasi-ve-meme-enfeksiyonu\"\n        ><span>S\u00fct kanal\u00adlar\u0131n\u0131n t\u0131kan\u00admas\u0131 ve meme enfek\u00adsiy\u00adonu<\/span><\/h2>\n    \n\n\n<p class=\"is-style-lead\">Bazen emzirirken s\u00fct kanal\u00adlar\u0131n\u0131n t\u0131kan\u00admas\u0131 veya hatta meme enfek\u00adsiy\u00adonu meydana gelebilir. Sertle\u015fmi\u015f, muhteme\u00adlen dokun\u00admaya kar\u015f\u0131 hassas ve k\u0131zarm\u0131\u015f nokta\u00adlar, s\u00fct ak\u0131\u015f\u0131n\u00addaki bozuk\u00adluk\u00adlar ve mevcutsa ate\u015f de bunun olas\u0131 belir\u00adti\u00adleridir. Bu rahat\u00ads\u0131z ve a\u011fr\u0131l\u0131 bir durum\u00addur ve h\u0131zl\u0131ca tedavi edilme\u00adlidir.<\/p>\n\n\n\n\n\n\t<div\n\t    class=\"wp-block-mind-button is-style-text\"\n\t    \n\t>\n\t    \t        <a\n\t            class=\"button-theme [ button-primary-bg ] has-icon\"\n\t            href=\"https:\/\/www.fuerslebengut.ch\/milchstau-und-brustentzuendung\/\"\n\t            \t        >\t<svg viewBox=\"0 0 29 49\" fill=\"none\" xmlns=\"http:\/\/www.w3.org\/2000\/svg\"  class=\"button-icon [ readmore-icon ]\" focusable=\"false\" aria-hidden=\"true\" role=\"img\">\n<path d=\"M3.50218 48.0013C2.60365 48.0013 1.71533 47.6713 1.03122 47.0013C-0.337 45.6613 -0.337 43.4913 1.03122 42.1513L19.5532 24.0013L1.02101 5.85125C-0.337 4.51125 -0.337 2.34125 1.02101 1.00125C2.37902 -0.338747 4.60493 -0.328747 5.97315 1.00125L26.9763 21.5813C28.3446 22.9213 28.3446 25.0913 26.9763 26.4313L5.97315 47.0013C5.28904 47.6713 4.3905 48.0013 3.50218 48.0013V48.0013Z\" fill=\"black\"\/>\n<\/svg>\n\n\n\t        <span\n\t        class=\"button-text\"\n        >Daha fazla Almanca bilgi<\/span>\n\t\n    \n<\/a>\n\t    \t<\/div>\n\n\n            <h2\n            class=\"wp-block-mind-heading wp-block-mind-heading-isLevel2 wp-block-mind-heading-isDisplayLevel3 heading-3\"\n            id=\"emzirme-ve-calisma\"\n        ><span>Emzirme ve \u00e7al\u0131\u015fma<\/span><\/h2>\n    \n\n\n<p class=\"is-style-lead\">Emziren bir anne olarak \u00e7ocu\u011funuzun birinci ya\u015f\u0131 boyunca emzirme veya s\u00fct sa\u011fma i\u00e7in \u00f6deme kapsam\u0131n\u00addaki \u00e7al\u0131\u015fma s\u00fcresini kullan\u00adabilirsiniz. \u00c7ocu\u011funuzu emzirm\u00adeye ve s\u00fct sa\u011fmaya devam etmek iste\u011finiz hakk\u0131nda i\u015fverenini\u00adzle zaman\u0131nda g\u00f6r\u00fc\u015f\u00fcn.<\/p>\n\n\n\n\n\n\t<div\n\t    class=\"wp-block-mind-button is-style-text\"\n\t    \n\t>\n\t    \t        <a\n\t            class=\"button-theme [ button-primary-bg ] has-icon\"\n\t            href=\"https:\/\/www.fuerslebengut.ch\/stillen-und-arbeiten\/\"\n\t            \t        >\t<svg viewBox=\"0 0 29 49\" fill=\"none\" xmlns=\"http:\/\/www.w3.org\/2000\/svg\"  class=\"button-icon [ readmore-icon ]\" focusable=\"false\" aria-hidden=\"true\" role=\"img\">\n<path d=\"M3.50218 48.0013C2.60365 48.0013 1.71533 47.6713 1.03122 47.0013C-0.337 45.6613 -0.337 43.4913 1.03122 42.1513L19.5532 24.0013L1.02101 5.85125C-0.337 4.51125 -0.337 2.34125 1.02101 1.00125C2.37902 -0.338747 4.60493 -0.328747 5.97315 1.00125L26.9763 21.5813C28.3446 22.9213 28.3446 25.0913 26.9763 26.4313L5.97315 47.0013C5.28904 47.6713 4.3905 48.0013 3.50218 48.0013V48.0013Z\" fill=\"black\"\/>\n<\/svg>\n\n\n\t        <span\n\t        class=\"button-text\"\n        >Daha fazla Almanca bilgi<\/span>\n\t\n    \n<\/a>\n\t    \t<\/div>\n\n\n    <div\n        class=\"wp-block-mind-background has-spacing-top-lg alignfull has-background has-gruen-papier-background-color content autospace isChildBlockContainer\"\n        \n    >\n\t    \t\t\t\n<div\n    class=\"wp-block-mind-grid hasInnerPadding\"\n    \n>\n\t<div class=\"wp-block-mind-grid-wrapper\" id=\"wp-block-mind-grid-wrapper-5\">\n        \n    <div\n\t    class=\"wp-block-mind-grid-item alignwide isGridColumnSpan-3 isGridColumnSpanMedium-4 isAlignSelf-center\"\n\t    style=\"\"\n\t    \n    >\n        <div class=\"wp-block-mind-grid-item-blocks innerContent autospace isChildBlockContainer\">\n            \n<div\n\tclass=\"wp-block-theme-animation content\"\n\t\n>\n\t<lottie-player\n\t  autoplay\n\t  loop\n\t  mode=\"normal\"\n\t  src=\"https:\/\/mvb.zh.ch\/tr\/wp-content\/uploads\/sites\/3\/2022\/11\/icon-fragen-mvb.json\"\n\t  speed=\"1.00\"\n\t>\n\t<\/lottie-player>\n<\/div>\n\n\n        <\/div>\n    <\/div>\n\n\n    <div\n\t    class=\"wp-block-mind-grid-item alignwide isGridColumnSpan-9 isGridColumnSpanMedium-8 isGridColumnStart-4 isGridColumnStartMedium-5 isAlignSelf-center\"\n\t    style=\"\"\n\t    \n    >\n        <div class=\"wp-block-mind-grid-item-blocks innerContent autospace isChildBlockContainer\">\n            \n            <h2\n            class=\"wp-block-mind-heading wp-block-mind-heading-isLevel2 wp-block-mind-heading-isDisplayLevelDefault heading-2\"\n            id=\"emzirme-hakkinda-sorulariniz-mi-var-sizin-dilinizde-memnuniyetle-danismanlik-yapiyoruz\"\n        ><span>Emzirme hakk\u0131nda soru\u00adlar\u0131n\u0131z m\u0131 var? Sizin dilin\u00adizde memnuniyetle dan\u0131\u015f\u00adman\u00adl\u0131k yap\u0131y\u00adoruz!<\/span><\/h2>\n    \n\n\n\n\t<div\n\t    class=\"wp-block-mind-button is-style-primary\"\n\t    \n\t>\n\t    \t        <a\n\t            class=\"button-theme [ button-primary-bg ] has-icon\"\n\t            href=\"https:\/\/mvb.zh.ch\/tr\/kontakt\/\"\n\t            \t        >\t<svg data-name=\"Ebene 1\" xmlns=\"http:\/\/www.w3.org\/2000\/svg\" viewBox=\"0 0 49.378 33.401\"  class=\"button-icon [ readmore-icon ]\" focusable=\"false\" aria-hidden=\"true\" role=\"img\">\n  <path d=\"M260.5,232.906l14.654,16.271-.037.041-14.627,17.089-3.51-2.655,10.654-11.894H225.772v-4.621H267.64l-10.669-11.1Z\" transform=\"translate(-225.772 -232.906)\" fill=\"#fff\"\/>\n<\/svg>\n\n\n\t        <span\n\t        class=\"button-text\"\n        >\u0130leti\u015fime ge\u00e7<\/span>\n\t\n    \n<\/a>\n\t    \t<\/div>\n\n\n        <\/div>\n    <\/div>\n\n\n\t<\/div>\n\n\t        <style type=\"text\/css\">\n#wp-block-mind-grid-wrapper-5 { -ms-grid-rows: repeat(2, auto); }\n#wp-block-mind-grid-wrapper-5 > *:nth-child(1) { -ms-grid-row: 1; -ms-grid-row-span: 1; }\n#wp-block-mind-grid-wrapper-5 > *:nth-child(2) { -ms-grid-row: 2; -ms-grid-row-span: 1; }\n<\/style>\n\n\t<\/div>\n\n\n\n\t        <\/div>\n\n\n<div\n    class=\"wp-block-mind-image-text\"\n    \n>\n    <div class=\"wp-block-mind-image-text-content isVerticallyCentered hasColumnWidths-narrowWide\">\n        \n<div class=\"wp-block-mind-content innerContent autospace isChildBlockContainer\">\n    \n<blockquote\n\tclass=\"wp-block-mind-quote\"\n\t\n>\n\t\t\t<p>Emzirmek benim i\u00e7in bir \u00e7ileydi. Dan\u0131\u015f\u00adman\u00adl\u0131k sayesinde \u015fimdi \u00e7ok daha iyi.<\/p>\n\n\n\t\t\t\t\t<cite class=\"wp-block-mind-quote-cite\">6 ayl\u0131k bir bebe\u011fi olan Nesrin K.<\/cite>\n\t\t\t<\/blockquote>\n\n\n\n\n\t<div\n\t    class=\"wp-block-mind-button is-style-outline\"\n\t    \n\t>\n\t    \t        <a\n\t            class=\"button-theme [ button-primary-bg ]\"\n\t            href=\"https:\/\/mvb.zh.ch\/tr\/was-andere-eltern-sagen\/\"\n\t            \t        >\t\n\n\t        <span\n\t        class=\"button-text\"\n        >Di\u011fer ebeveyn\u00adler ne diyor<\/span>\n\t\n    \n<\/a>\n\t    \t<\/div>\n\n\n<\/div>\n\n\n\t\n\t\n    <div\n        class=\"wp-block-mind-image mobile-small\"\n        \n\t        >\n\t    \t\t    <picture\n\t\t\t\tclass=\"isPortrait\"\n\t\t\t>\t\t\t\t\t<source type=\"image\/webp\" srcset=\"https:\/\/mvb.zh.ch\/tr\/wp-content\/uploads\/sites\/3\/2022\/12\/portrait_2_1080-e1671032142176-370x0-c-default.webp 370w, https:\/\/mvb.zh.ch\/tr\/wp-content\/uploads\/sites\/3\/2022\/12\/portrait_2_1080-e1671032142176-560x0-c-default.webp 560w, https:\/\/mvb.zh.ch\/tr\/wp-content\/uploads\/sites\/3\/2022\/12\/portrait_2_1080-e1671032142176-710x0-c-default.webp 710w\">\n<source type=\"image\/png\" srcset=\"https:\/\/mvb.zh.ch\/tr\/wp-content\/uploads\/sites\/3\/2022\/12\/portrait_2_1080-e1671032142176-370x0-c-default.png 370w, https:\/\/mvb.zh.ch\/tr\/wp-content\/uploads\/sites\/3\/2022\/12\/portrait_2_1080-e1671032142176-560x0-c-default.png 560w, https:\/\/mvb.zh.ch\/tr\/wp-content\/uploads\/sites\/3\/2022\/12\/portrait_2_1080-e1671032142176-710x0-c-default.png 710w\">\n<img src=\"https:\/\/mvb.zh.ch\/tr\/wp-content\/uploads\/sites\/3\/2022\/12\/portrait_2_1080-e1671032142176-710x0-c-default.png\" width=\"710\" height=\"1080\" alt=\"Resimde mutlu bir ifadeye sahip olan Kersin K.&#039;nin \u00fcst beden portresi g\u00f6steriliyor\" loading=\"lazy\">\n\t\t\t<\/picture>\n\t        <\/div>\n\n\n    <\/div>\n<\/div>\n\n\n            <h2\n            class=\"wp-block-mind-heading has-spacing-top-lg alignwide wp-block-mind-heading-isLevel2 wp-block-mind-heading-isDisplayLevelDefault heading-2\"\n            id=\"diger-danismanlik-konulari\"\n        ><span>Di\u011fer dan\u0131\u015f\u00adman\u00adl\u0131k konu\u00adlar\u0131<\/span><\/h2>\n    \n\n","protected":false},"excerpt":{"rendered":"<p>Anne olarak emzirme d\u00f6neminde nas\u0131l beslenmeliyim? Meme u\u00e7lar\u0131m ac\u0131d\u0131\u011f\u0131nda ne yapabilirim? Bebe\u011fimi ne kadar s\u00fcre emzirmeliyim?<\/p>\n","protected":false},"author":1,"featured_media":698,"parent":14,"menu_order":3,"comment_status":"closed","ping_status":"closed","template":"","meta":{"eyecatcher_title":"","eyecatcher_text":"","eyecatcher_link":"","eyecatcher_icon_position":"","eyecatcher_icon":0,"hide_post_title":false,"hide_header":false,"hide_footer":false},"acf":[],"yoast_head":"<!-- This site is optimized with the Yoast SEO plugin v19.11 - https:\/\/yoast.com\/wordpress\/plugins\/seo\/ -->\n<title>Emzirme - Z\u00fcrih Kantonu Anne ve Baba Dan\u0131\u015fmanlar\u0131<\/title>\n<meta name=\"robots\" content=\"index, follow, max-snippet:-1, max-image-preview:large, max-video-preview:-1\" \/>\n<link rel=\"canonical\" href=\"https:\/\/mvb.zh.ch\/tr\/beratungsangebot\/stillen\/\" \/>\n<meta property=\"og:locale\" content=\"tr_TR\" \/>\n<meta property=\"og:type\" content=\"article\" \/>\n<meta property=\"og:title\" content=\"Emzirme - Z\u00fcrih Kantonu Anne ve Baba Dan\u0131\u015fmanlar\u0131\" \/>\n<meta property=\"og:description\" content=\"Anne olarak emzirme d\u00f6neminde nas\u0131l beslenmeliyim? Meme u\u00e7lar\u0131m ac\u0131d\u0131\u011f\u0131nda ne yapabilirim? Bebe\u011fimi ne kadar s\u00fcre emzirmeliyim?\" \/>\n<meta property=\"og:url\" content=\"https:\/\/mvb.zh.ch\/tr\/beratungsangebot\/stillen\/\" \/>\n<meta property=\"og:site_name\" content=\"Z\u00fcrih Kantonu Anne ve Baba Dan\u0131\u015fmanlar\u0131\" \/>\n<meta property=\"article:modified_time\" content=\"2023-09-13T14:28:21+00:00\" \/>\n<meta property=\"og:image\" content=\"https:\/\/mvb.zh.ch\/tr\/wp-content\/uploads\/sites\/3\/2023\/01\/stillen-1-1200x630-c-default.jpg\" \/>\n\t<meta property=\"og:image:width\" content=\"1200\" \/>\n\t<meta property=\"og:image:height\" content=\"630\" \/>\n\t<meta property=\"og:image:type\" content=\"image\/jpeg\" \/>\n<meta name=\"twitter:card\" content=\"summary_large_image\" \/>\n<meta name=\"twitter:label1\" content=\"Tahmini okuma s\u00fcresi\" \/>\n\t<meta name=\"twitter:data1\" content=\"1 dakika\" \/>\n<script type=\"application\/ld+json\" class=\"yoast-schema-graph\">{\"@context\":\"https:\/\/schema.org\",\"@graph\":[{\"@type\":\"WebPage\",\"@id\":\"https:\/\/mvb.zh.ch\/tr\/beratungsangebot\/stillen\/\",\"url\":\"https:\/\/mvb.zh.ch\/tr\/beratungsangebot\/stillen\/\",\"name\":\"Emzirme - Z\u00fcrih Kantonu Anne ve Baba Dan\u0131\u015fmanlar\u0131\",\"isPartOf\":{\"@id\":\"https:\/\/mvb.zh.ch\/tr\/#website\"},\"datePublished\":\"2022-10-27T14:30:49+00:00\",\"dateModified\":\"2023-09-13T14:28:21+00:00\",\"breadcrumb\":{\"@id\":\"https:\/\/mvb.zh.ch\/tr\/beratungsangebot\/stillen\/#breadcrumb\"},\"inLanguage\":\"tr\",\"potentialAction\":[{\"@type\":\"ReadAction\",\"target\":[\"https:\/\/mvb.zh.ch\/tr\/beratungsangebot\/stillen\/\"]}]},{\"@type\":\"BreadcrumbList\",\"@id\":\"https:\/\/mvb.zh.ch\/tr\/beratungsangebot\/stillen\/#breadcrumb\",\"itemListElement\":[{\"@type\":\"ListItem\",\"position\":1,\"name\":\"Startseite\",\"item\":\"https:\/\/mvb.zh.ch\/tr\/\"},{\"@type\":\"ListItem\",\"position\":2,\"name\":\"Beratungsangebot\",\"item\":\"https:\/\/mvb.zh.ch\/tr\/beratungsangebot\/\"},{\"@type\":\"ListItem\",\"position\":3,\"name\":\"Stillen\"}]},{\"@type\":\"WebSite\",\"@id\":\"https:\/\/mvb.zh.ch\/tr\/#website\",\"url\":\"https:\/\/mvb.zh.ch\/tr\/\",\"name\":\"Z\u00fcrih Kantonu Anne ve Baba Dan\u0131\u015fmanlar\u0131\",\"description\":\"\",\"publisher\":{\"@id\":\"https:\/\/mvb.zh.ch\/tr\/#organization\"},\"inLanguage\":\"tr\"}]}<\/script>\n<!-- \/ Yoast SEO plugin. -->","yoast_head_json":{"title":"Emzirme - Z\u00fcrih Kantonu Anne ve Baba Dan\u0131\u015fmanlar\u0131","robots":{"index":"index","follow":"follow","max-snippet":"max-snippet:-1","max-image-preview":"max-image-preview:large","max-video-preview":"max-video-preview:-1"},"canonical":"https:\/\/mvb.zh.ch\/tr\/beratungsangebot\/stillen\/","og_locale":"tr_TR","og_type":"article","og_title":"Emzirme - Z\u00fcrih Kantonu Anne ve Baba Dan\u0131\u015fmanlar\u0131","og_description":"Anne olarak emzirme d\u00f6neminde nas\u0131l beslenmeliyim? Meme u\u00e7lar\u0131m ac\u0131d\u0131\u011f\u0131nda ne yapabilirim? Bebe\u011fimi ne kadar s\u00fcre emzirmeliyim?","og_url":"https:\/\/mvb.zh.ch\/tr\/beratungsangebot\/stillen\/","og_site_name":"Z\u00fcrih Kantonu Anne ve Baba Dan\u0131\u015fmanlar\u0131","article_modified_time":"2023-09-13T14:28:21+00:00","og_image":[{"width":1200,"height":630,"url":"https:\/\/mvb.zh.ch\/tr\/wp-content\/uploads\/sites\/3\/2023\/01\/stillen-1-1200x630-c-default.jpg","type":"image\/jpeg"}],"twitter_card":"summary_large_image","twitter_misc":{"Tahmini okuma s\u00fcresi":"1 dakika"},"schema":{"@context":"https:\/\/schema.org","@graph":[{"@type":"WebPage","@id":"https:\/\/mvb.zh.ch\/tr\/beratungsangebot\/stillen\/","url":"https:\/\/mvb.zh.ch\/tr\/beratungsangebot\/stillen\/","name":"Emzirme - Z\u00fcrih Kantonu Anne ve Baba Dan\u0131\u015fmanlar\u0131","isPartOf":{"@id":"https:\/\/mvb.zh.ch\/tr\/#website"},"datePublished":"2022-10-27T14:30:49+00:00","dateModified":"2023-09-13T14:28:21+00:00","breadcrumb":{"@id":"https:\/\/mvb.zh.ch\/tr\/beratungsangebot\/stillen\/#breadcrumb"},"inLanguage":"tr","potentialAction":[{"@type":"ReadAction","target":["https:\/\/mvb.zh.ch\/tr\/beratungsangebot\/stillen\/"]}]},{"@type":"BreadcrumbList","@id":"https:\/\/mvb.zh.ch\/tr\/beratungsangebot\/stillen\/#breadcrumb","itemListElement":[{"@type":"ListItem","position":1,"name":"Startseite","item":"https:\/\/mvb.zh.ch\/tr\/"},{"@type":"ListItem","position":2,"name":"Beratungsangebot","item":"https:\/\/mvb.zh.ch\/tr\/beratungsangebot\/"},{"@type":"ListItem","position":3,"name":"Stillen"}]},{"@type":"WebSite","@id":"https:\/\/mvb.zh.ch\/tr\/#website","url":"https:\/\/mvb.zh.ch\/tr\/","name":"Z\u00fcrih Kantonu Anne ve Baba Dan\u0131\u015fmanlar\u0131","description":"","publisher":{"@id":"https:\/\/mvb.zh.ch\/tr\/#organization"},"inLanguage":"tr"}]}},"_links":{"self":[{"href":"https:\/\/mvb.zh.ch\/tr\/wp-json\/wp\/v2\/pages\/75"}],"collection":[{"href":"https:\/\/mvb.zh.ch\/tr\/wp-json\/wp\/v2\/pages"}],"about":[{"href":"https:\/\/mvb.zh.ch\/tr\/wp-json\/wp\/v2\/types\/page"}],"author":[{"embeddable":true,"href":"https:\/\/mvb.zh.ch\/tr\/wp-json\/wp\/v2\/users\/1"}],"replies":[{"embeddable":true,"href":"https:\/\/mvb.zh.ch\/tr\/wp-json\/wp\/v2\/comments?post=75"}],"version-history":[{"count":10,"href":"https:\/\/mvb.zh.ch\/tr\/wp-json\/wp\/v2\/pages\/75\/revisions"}],"predecessor-version":[{"id":813,"href":"https:\/\/mvb.zh.ch\/tr\/wp-json\/wp\/v2\/pages\/75\/revisions\/813"}],"up":[{"embeddable":true,"href":"https:\/\/mvb.zh.ch\/tr\/wp-json\/wp\/v2\/pages\/14"}],"wp:featuredmedia":[{"embeddable":true,"href":"https:\/\/mvb.zh.ch\/tr\/wp-json\/wp\/v2\/media\/698"}],"wp:attachment":[{"href":"https:\/\/mvb.zh.ch\/tr\/wp-json\/wp\/v2\/media?parent=75"}],"curies":[{"name":"wp","href":"https:\/\/api.w.org\/{rel}","templated":true}]}}