{"id":59,"date":"2022-10-27T15:13:40","date_gmt":"2022-10-27T13:13:40","guid":{"rendered":"urn:uuid:ffa5d312-55ea-4bc7-a17d-1d69676a9f7d"},"modified":"2023-01-19T19:34:18","modified_gmt":"2023-01-19T18:34:18","slug":"impressum","status":"publish","type":"page","link":"https:\/\/mvb.zh.ch\/tr\/impressum\/","title":{"rendered":"Impres\u00adsum"},"content":{"rendered":"<header\n\tclass=\"wp-block-mind-post-title autospace\"\n\t\n>\n\t\n\t\n<h1\n    class=\"heading-1\"\n    id=\"main-title\"\n><\/h1>\n\n<\/header>\n\n\n            <h2\n            class=\"wp-block-mind-heading wp-block-mind-heading-isLevel2 wp-block-mind-heading-isDisplayLevel3 heading-3\"\n            id=\"sayfa-icerigi-sorumlusu\"\n        ><span>Sayfa i\u00e7eri\u011fi sorum\u00adlusu<\/span><\/h2>\n    \n\n<div class=\"wp-block-mind-location-contact\">\n\t\t\t\t\t\t<address><span\n\t\t\tclass=\"contact-name\"\n\t\t>Amt f\u00fcr Jugend und Berufs\u00adber\u00adatung<\/span><br>Gesch\u00e4ftsstelle der Bezirke B\u00fclach und Dielsdorf<br>Schaffhauserstrasse 53<br>8180&nbsp;B\u00fclach<\/address>\n\n\t\t\t\t\t\t\t\t\t\t\t\t\t\t    \t <a\n\t\t class=\"contact-item-value\"\n\t\t href=\"mailto:ajb.buelach@ajb.zh.ch\"\n\t >ajb.buelach@ajb.zh.ch<\/a>\n\t\t\t\t\t\t\t\t\t\t\t\t\t\t    \t<a\n\tclass=\"phone contact-item-value\"\n\thref=\"tel:0041432599500\" rel=\"nofollow\"\n\taria-label=\"4 1. 4 3. 2 5 9. 9 5. 0 0\"\n>+41 43 259 95 00<\/a>\n\n\t\t\t\t\t\t\t\t\t\t\t\t\t\t\t\t\t\t\t\t\t<\/div>\n\n\n            <h3\n            class=\"wp-block-mind-heading wp-block-mind-heading-isLevel3 wp-block-mind-heading-isDisplayLevelDefault heading-3\"\n            id=\"uygulama\"\n        ><span>Uygu\u00adlama<\/span><\/h3>\n    \n\n\n<p><a href=\"https:\/\/www.mind.ch\/\" target=\"_blank\" rel=\"noreferrer noopener\">MIND. Agentur f\u00fcr Strate\u00adgie, Design, Code und Content<\/a><\/p>\n\n\n\n            <h2\n            class=\"wp-block-mind-heading wp-block-mind-heading-isLevel2 wp-block-mind-heading-isDisplayLevel3 heading-3\"\n            id=\"sorumluluk-reddi\"\n        ><span>Sorum\u00adlu\u00adluk Reddi<\/span><\/h2>\n    \n\n\n<p>T\u00fcm metinler ve ba\u011flan\u00adt\u0131lar dikkatli bir \u015fekilde kontrol edilmi\u015ftir ve s\u00fcrekli olarak g\u00fcncel\u00adlenir. Bu web sitesinde do\u011fru ve eksik\u00adsiz bilgiler sunmaya \u00e7aba g\u00f6steriy\u00adoruz ancak bu web sayfas\u0131n\u00addan edinilen bilgi\u00adlerin do\u011fru, eksik\u00adsiz ya da g\u00fcncel oldu\u011funa dair herhangi bir sorum\u00adlu\u00adluk, garanti ya da y\u00fck\u00fcm\u00adl\u00fcl\u00fck \u00fcstlen\u00admiy\u00adoruz. Bu web sitesin\u00addeki bilgi\u00adleri \u00f6n bilgilendirme yapmak\u00ads\u0131z\u0131n iste\u00addi\u011fimiz zaman de\u011fi\u015ftirme hakk\u0131n\u0131 sakl\u0131 tutuyor ve burada yer alan bilgi\u00adleri g\u00fcncelle\u00admek i\u00e7in de sorum\u00adlu\u00adluk alm\u0131y\u00adoruz.<\/p>\n\n\n\n\n<p>Harici sa\u011flay\u0131c\u0131lara verilen t\u00fcm ba\u011flan\u00adt\u0131lar\u0131n do\u011fru\u00adlu\u011fu, al\u0131nd\u0131k\u00adlar\u0131 anda kontrol edilmi\u015ftir ancak k\u00f6pr\u00fclerle ula\u015f\u0131lan web sitelerinin i\u00e7eri\u011fi ve eri\u015filebilir\u00adli\u011fin\u00adden sorumlu de\u011filiz. Yasa d\u0131\u015f\u0131, hatal\u0131 veya eksik i\u00e7erik\u00adler ve \u00f6zel\u00adlikle ba\u011flan\u00adt\u0131l\u0131 sayfalar\u00addan elde edilen bilgiler nedeniyle olu\u015fan hasar\u00adlar\u00addan yaln\u0131zca at\u0131fta bulunulan sayfan\u0131n sa\u011flay\u0131c\u0131s\u0131 sorum\u00adludur. Hasar\u0131n do\u011fru\u00addan, dolayl\u0131 veya mali nite\u00adlikte olup olmad\u0131\u011f\u0131 veya veri kayb\u0131, kullan\u0131m kayb\u0131 veya herhangi bir neden\u00adden kaynaklan\u00adabile\u00adcek ba\u015fka bir hasar olup olmad\u0131\u011f\u0131 \u00f6nemli de\u011fildir.<\/p>\n\n\n\n\n<p>Ayr\u0131ca bu sayfa Z\u00fcrih Kantonu\u2019\u00adnun kullan\u0131m kural\u00adlar\u0131na tabidir:<br><a href=\"http:\/\/www.zh.ch\/internet\/de\/service\/nav\/footer\/nutzungsregelungen.html\" target=\"_blank\" rel=\"noreferrer noopener\">www.zh.ch\/internet\/de\/service\/nav\/footer\/nutzungsregelungen.html<\/a><\/p>\n\n","protected":false},"excerpt":{"rendered":"<p>MIND. Agentur f\u00fcr Strate\u00adgie, Design, Code und Content T\u00fcm metinler ve ba\u011flan\u00adt\u0131lar dikkatli bir \u015fekilde kontrol edilmi\u015ftir ve s\u00fcrekli olarak g\u00fcncel\u00adlenir. Bu web sitesinde do\u011fru ve eksik\u00adsiz bilgiler sunmaya \u00e7aba g\u00f6steriy\u00adoruz ancak bu web sayfas\u0131n\u00addan edinilen bilgi\u00adlerin do\u011fru, eksik\u00adsiz ya da g\u00fcncel oldu\u011funa dair herhangi bir sorum\u00adlu\u00adluk, garanti ya da y\u00fck\u00fcm\u00adl\u00fcl\u00fck \u00fcstlen\u00admiy\u00adoruz. Bu web sitesin\u00addeki [&hellip;]<\/p>\n","protected":false},"author":1,"featured_media":0,"parent":0,"menu_order":14,"comment_status":"closed","ping_status":"closed","template":"","meta":{"eyecatcher_title":"","eyecatcher_text":"","eyecatcher_link":"","eyecatcher_icon_position":"","eyecatcher_icon":0,"hide_post_title":false,"hide_header":false,"hide_footer":false},"acf":[],"yoast_head":"<!-- This site is optimized with the Yoast SEO plugin v19.11 - https:\/\/yoast.com\/wordpress\/plugins\/seo\/ -->\n<title>Impressum - Z\u00fcrih Kantonu Anne ve Baba Dan\u0131\u015fmanlar\u0131<\/title>\n<meta name=\"robots\" content=\"index, follow, max-snippet:-1, max-image-preview:large, max-video-preview:-1\" \/>\n<link rel=\"canonical\" href=\"https:\/\/mvb.zh.ch\/tr\/impressum\/\" \/>\n<meta property=\"og:locale\" content=\"tr_TR\" \/>\n<meta property=\"og:type\" content=\"article\" \/>\n<meta property=\"og:title\" content=\"Impressum - Z\u00fcrih Kantonu Anne ve Baba Dan\u0131\u015fmanlar\u0131\" \/>\n<meta property=\"og:description\" content=\"MIND. Agentur f\u00fcr Strate\u00adgie, Design, Code und Content T\u00fcm metinler ve ba\u011flan\u00adt\u0131lar dikkatli bir \u015fekilde kontrol edilmi\u015ftir ve s\u00fcrekli olarak g\u00fcncel\u00adlenir. Bu web sitesinde do\u011fru ve eksik\u00adsiz bilgiler sunmaya \u00e7aba g\u00f6steriy\u00adoruz ancak bu web sayfas\u0131n\u00addan edinilen bilgi\u00adlerin do\u011fru, eksik\u00adsiz ya da g\u00fcncel oldu\u011funa dair herhangi bir sorum\u00adlu\u00adluk, garanti ya da y\u00fck\u00fcm\u00adl\u00fcl\u00fck \u00fcstlen\u00admiy\u00adoruz. Bu web sitesin\u00addeki [&hellip;]\" \/>\n<meta property=\"og:url\" content=\"https:\/\/mvb.zh.ch\/tr\/impressum\/\" \/>\n<meta property=\"og:site_name\" content=\"Z\u00fcrih Kantonu Anne ve Baba Dan\u0131\u015fmanlar\u0131\" \/>\n<meta property=\"article:modified_time\" content=\"2023-01-19T18:34:18+00:00\" \/>\n<meta name=\"twitter:card\" content=\"summary_large_image\" \/>\n<meta name=\"twitter:label1\" content=\"Tahmini okuma s\u00fcresi\" \/>\n\t<meta name=\"twitter:data1\" content=\"1 dakika\" \/>\n<script type=\"application\/ld+json\" class=\"yoast-schema-graph\">{\"@context\":\"https:\/\/schema.org\",\"@graph\":[{\"@type\":\"WebPage\",\"@id\":\"https:\/\/mvb.zh.ch\/tr\/impressum\/\",\"url\":\"https:\/\/mvb.zh.ch\/tr\/impressum\/\",\"name\":\"Impressum - Z\u00fcrih Kantonu Anne ve Baba Dan\u0131\u015fmanlar\u0131\",\"isPartOf\":{\"@id\":\"https:\/\/mvb.zh.ch\/tr\/#website\"},\"datePublished\":\"2022-10-27T13:13:40+00:00\",\"dateModified\":\"2023-01-19T18:34:18+00:00\",\"breadcrumb\":{\"@id\":\"https:\/\/mvb.zh.ch\/tr\/impressum\/#breadcrumb\"},\"inLanguage\":\"tr\",\"potentialAction\":[{\"@type\":\"ReadAction\",\"target\":[\"https:\/\/mvb.zh.ch\/tr\/impressum\/\"]}]},{\"@type\":\"BreadcrumbList\",\"@id\":\"https:\/\/mvb.zh.ch\/tr\/impressum\/#breadcrumb\",\"itemListElement\":[{\"@type\":\"ListItem\",\"position\":1,\"name\":\"Startseite\",\"item\":\"https:\/\/mvb.zh.ch\/tr\/\"},{\"@type\":\"ListItem\",\"position\":2,\"name\":\"Impressum\"}]},{\"@type\":\"WebSite\",\"@id\":\"https:\/\/mvb.zh.ch\/tr\/#website\",\"url\":\"https:\/\/mvb.zh.ch\/tr\/\",\"name\":\"Z\u00fcrih Kantonu Anne ve Baba Dan\u0131\u015fmanlar\u0131\",\"description\":\"\",\"publisher\":{\"@id\":\"https:\/\/mvb.zh.ch\/tr\/#organization\"},\"inLanguage\":\"tr\"}]}<\/script>\n<!-- \/ Yoast SEO plugin. -->","yoast_head_json":{"title":"Impressum - Z\u00fcrih Kantonu Anne ve Baba Dan\u0131\u015fmanlar\u0131","robots":{"index":"index","follow":"follow","max-snippet":"max-snippet:-1","max-image-preview":"max-image-preview:large","max-video-preview":"max-video-preview:-1"},"canonical":"https:\/\/mvb.zh.ch\/tr\/impressum\/","og_locale":"tr_TR","og_type":"article","og_title":"Impressum - Z\u00fcrih Kantonu Anne ve Baba Dan\u0131\u015fmanlar\u0131","og_description":"MIND. Agentur f\u00fcr Strate\u00adgie, Design, Code und Content T\u00fcm metinler ve ba\u011flan\u00adt\u0131lar dikkatli bir \u015fekilde kontrol edilmi\u015ftir ve s\u00fcrekli olarak g\u00fcncel\u00adlenir. Bu web sitesinde do\u011fru ve eksik\u00adsiz bilgiler sunmaya \u00e7aba g\u00f6steriy\u00adoruz ancak bu web sayfas\u0131n\u00addan edinilen bilgi\u00adlerin do\u011fru, eksik\u00adsiz ya da g\u00fcncel oldu\u011funa dair herhangi bir sorum\u00adlu\u00adluk, garanti ya da y\u00fck\u00fcm\u00adl\u00fcl\u00fck \u00fcstlen\u00admiy\u00adoruz. Bu web sitesin\u00addeki [&hellip;]","og_url":"https:\/\/mvb.zh.ch\/tr\/impressum\/","og_site_name":"Z\u00fcrih Kantonu Anne ve Baba Dan\u0131\u015fmanlar\u0131","article_modified_time":"2023-01-19T18:34:18+00:00","twitter_card":"summary_large_image","twitter_misc":{"Tahmini okuma s\u00fcresi":"1 dakika"},"schema":{"@context":"https:\/\/schema.org","@graph":[{"@type":"WebPage","@id":"https:\/\/mvb.zh.ch\/tr\/impressum\/","url":"https:\/\/mvb.zh.ch\/tr\/impressum\/","name":"Impressum - Z\u00fcrih Kantonu Anne ve Baba Dan\u0131\u015fmanlar\u0131","isPartOf":{"@id":"https:\/\/mvb.zh.ch\/tr\/#website"},"datePublished":"2022-10-27T13:13:40+00:00","dateModified":"2023-01-19T18:34:18+00:00","breadcrumb":{"@id":"https:\/\/mvb.zh.ch\/tr\/impressum\/#breadcrumb"},"inLanguage":"tr","potentialAction":[{"@type":"ReadAction","target":["https:\/\/mvb.zh.ch\/tr\/impressum\/"]}]},{"@type":"BreadcrumbList","@id":"https:\/\/mvb.zh.ch\/tr\/impressum\/#breadcrumb","itemListElement":[{"@type":"ListItem","position":1,"name":"Startseite","item":"https:\/\/mvb.zh.ch\/tr\/"},{"@type":"ListItem","position":2,"name":"Impressum"}]},{"@type":"WebSite","@id":"https:\/\/mvb.zh.ch\/tr\/#website","url":"https:\/\/mvb.zh.ch\/tr\/","name":"Z\u00fcrih Kantonu Anne ve Baba Dan\u0131\u015fmanlar\u0131","description":"","publisher":{"@id":"https:\/\/mvb.zh.ch\/tr\/#organization"},"inLanguage":"tr"}]}},"_links":{"self":[{"href":"https:\/\/mvb.zh.ch\/tr\/wp-json\/wp\/v2\/pages\/59"}],"collection":[{"href":"https:\/\/mvb.zh.ch\/tr\/wp-json\/wp\/v2\/pages"}],"about":[{"href":"https:\/\/mvb.zh.ch\/tr\/wp-json\/wp\/v2\/types\/page"}],"author":[{"embeddable":true,"href":"https:\/\/mvb.zh.ch\/tr\/wp-json\/wp\/v2\/users\/1"}],"replies":[{"embeddable":true,"href":"https:\/\/mvb.zh.ch\/tr\/wp-json\/wp\/v2\/comments?post=59"}],"version-history":[{"count":4,"href":"https:\/\/mvb.zh.ch\/tr\/wp-json\/wp\/v2\/pages\/59\/revisions"}],"predecessor-version":[{"id":787,"href":"https:\/\/mvb.zh.ch\/tr\/wp-json\/wp\/v2\/pages\/59\/revisions\/787"}],"wp:attachment":[{"href":"https:\/\/mvb.zh.ch\/tr\/wp-json\/wp\/v2\/media?parent=59"}],"curies":[{"name":"wp","href":"https:\/\/api.w.org\/{rel}","templated":true}]}}