{"id":183,"date":"2022-11-11T11:41:42","date_gmt":"2022-11-11T10:41:42","guid":{"rendered":"urn:uuid:93369ec4-e4b7-453f-916f-d07e18e44121"},"modified":"2023-09-13T16:30:07","modified_gmt":"2023-09-13T14:30:07","slug":"schreien","status":"publish","type":"page","link":"https:\/\/mvb.zh.ch\/tr\/beratungsangebot\/schreien\/","title":{"rendered":"Schreien"},"content":{"rendered":"\t\n\t\n    <div\n        class=\"wp-block-mind-image alignfull\"\n        \n\t        >\n\t    \t\t    <picture\n\t\t\t\tclass=\"isLandscape\"\n\t\t\t>\t\t\t\t\t<source type=\"image\/webp\" srcset=\"https:\/\/mvb.zh.ch\/tr\/wp-content\/uploads\/sites\/3\/2022\/12\/mvb_header_schreibaby_2340x1080-370x0-c-default.webp 370w, https:\/\/mvb.zh.ch\/tr\/wp-content\/uploads\/sites\/3\/2022\/12\/mvb_header_schreibaby_2340x1080-560x0-c-default.webp 560w, https:\/\/mvb.zh.ch\/tr\/wp-content\/uploads\/sites\/3\/2022\/12\/mvb_header_schreibaby_2340x1080-768x0-c-default.webp 768w, https:\/\/mvb.zh.ch\/tr\/wp-content\/uploads\/sites\/3\/2022\/12\/mvb_header_schreibaby_2340x1080-1160x0-c-default.webp 1160w, https:\/\/mvb.zh.ch\/tr\/wp-content\/uploads\/sites\/3\/2022\/12\/mvb_header_schreibaby_2340x1080-1920x0-c-default.webp 1920w, https:\/\/mvb.zh.ch\/tr\/wp-content\/uploads\/sites\/3\/2022\/12\/mvb_header_schreibaby_2340x1080-2430x0-c-default.webp 2430w\" sizes=\"100vw\">\n<source type=\"image\/jpeg\" srcset=\"https:\/\/mvb.zh.ch\/tr\/wp-content\/uploads\/sites\/3\/2022\/12\/mvb_header_schreibaby_2340x1080-370x0-c-default.jpg 370w, https:\/\/mvb.zh.ch\/tr\/wp-content\/uploads\/sites\/3\/2022\/12\/mvb_header_schreibaby_2340x1080-560x0-c-default.jpg 560w, https:\/\/mvb.zh.ch\/tr\/wp-content\/uploads\/sites\/3\/2022\/12\/mvb_header_schreibaby_2340x1080-768x0-c-default.jpg 768w, https:\/\/mvb.zh.ch\/tr\/wp-content\/uploads\/sites\/3\/2022\/12\/mvb_header_schreibaby_2340x1080-1160x0-c-default.jpg 1160w, https:\/\/mvb.zh.ch\/tr\/wp-content\/uploads\/sites\/3\/2022\/12\/mvb_header_schreibaby_2340x1080-1920x0-c-default.jpg 1920w, https:\/\/mvb.zh.ch\/tr\/wp-content\/uploads\/sites\/3\/2022\/12\/mvb_header_schreibaby_2340x1080-2430x0-c-default.jpg 2430w\" sizes=\"100vw\">\n<img src=\"https:\/\/mvb.zh.ch\/tr\/wp-content\/uploads\/sites\/3\/2022\/12\/mvb_header_schreibaby_2340x1080-2430x0-c-default.jpg\" width=\"2430\" height=\"1081\" alt=\"Resimde kuca\u011f\u0131nda bebe\u011fi olan bir anne g\u00f6steriliyor. Bebe\u011fine sakinle\u015ftirici bir etki yarat\u0131yor.\" loading=\"lazy\">\n\t\t\t<\/picture>\n\t        <\/div>\n\n\n<header\n\tclass=\"wp-block-mind-post-title autospace\"\n\t\n>\n\t\n\t\n<h1\n    class=\"heading-1\"\n    id=\"main-title\"\n><\/h1>\n\n<\/header>\n\n\n\n<p class=\"is-style-lead-ajb\">Bebe\u011finiz \u00f6nce\u00adlikle bir uyku-uyan\u0131k\u00adl\u0131k ritmi geli\u015ftirmeyi \u00f6\u011fren\u00admelidir. Sindirimin de d\u00fczene girmesi gerekir. Bir\u00e7ok bebek bu ilk zaman\u00adlarda \u00f6zel deste\u011fe ihtiya\u00e7 duyar. Baz\u0131 bebek\u00adler \u00e7ok daha fazla ba\u011f\u0131r\u0131r ve zor sakin\u00adle\u015ftir\u00adilir\u00adler. Bu ebeveyn\u00adler i\u00e7in \u00e7ok yorucu olabilir. B\u00f6yle bir durumda size dan\u0131\u015f\u00adman\u00adl\u0131k veriyor ve sizinle birlikte \u00e7\u00f6z\u00fcm ar\u0131y\u00adoruz.<\/p>\n\n\n\n\n<p class=\"is-style-lead-ajb\">\u00d6nemli: Bebe\u011finizi asla sars\u00admay\u0131n. Sarsmak tehlike\u00adlidir.<\/p>\n\n\n\n            <h3\n            class=\"wp-block-mind-heading wp-block-mind-heading-isLevel3 wp-block-mind-heading-isDisplayLevelDefault heading-3\"\n            id=\"avutmak\"\n        ><span>Avutmak<\/span><\/h3>\n    \n\n\n<p class=\"is-style-lead\">Ba\u011f\u0131ran bebe\u011finiz sadece huzur\u00adsu\u00adzlu\u011funu belir\u00adtir, ebeveyn olarak kasten can\u0131n\u0131z\u0131 s\u0131kmaya \u00e7al\u0131\u015f\u00admaz. Genel\u00adlikle fizik\u00adsel temas, tan\u0131d\u0131k bir ses veya ritmik kalp at\u0131\u015f\u0131 ile rahat\u00adlar. Lo\u015f \u0131\u015f\u0131k ya da rahat bir ortam da bebe\u011finizin sakin\u00adle\u015fme\u00adsine yard\u0131mc\u0131 olabilir.<\/p>\n\n\n\n\n<p class=\"is-style-lead\">\u00d6nemli: Bebe\u011finizi asla sars\u00admay\u0131n. Sarsmak tehlike\u00adlidir.<\/p>\n\n\n\n\n\n\t<div\n\t    class=\"wp-block-mind-button is-style-text\"\n\t    \n\t>\n\t    \t        <a\n\t            class=\"button-theme [ button-primary-bg ] has-icon\"\n\t            href=\"https:\/\/www.fuerslebengut.ch\/mein-kind-hoert-nicht-auf-zu-schreien\/\"\n\t            \t        >\t<svg viewBox=\"0 0 29 49\" fill=\"none\" xmlns=\"http:\/\/www.w3.org\/2000\/svg\"  class=\"button-icon [ readmore-icon ]\" focusable=\"false\" aria-hidden=\"true\" role=\"img\">\n<path d=\"M3.50218 48.0013C2.60365 48.0013 1.71533 47.6713 1.03122 47.0013C-0.337 45.6613 -0.337 43.4913 1.03122 42.1513L19.5532 24.0013L1.02101 5.85125C-0.337 4.51125 -0.337 2.34125 1.02101 1.00125C2.37902 -0.338747 4.60493 -0.328747 5.97315 1.00125L26.9763 21.5813C28.3446 22.9213 28.3446 25.0913 26.9763 26.4313L5.97315 47.0013C5.28904 47.6713 4.3905 48.0013 3.50218 48.0013V48.0013Z\" fill=\"black\"\/>\n<\/svg>\n\n\n\t        <span\n\t        class=\"button-text\"\n        >Daha fazla Almanca bilgi<\/span>\n\t\n    \n<\/a>\n\t    \t<\/div>\n\n\n            <h2\n            class=\"wp-block-mind-heading wp-block-mind-heading-isLevel2 wp-block-mind-heading-isDisplayLevel3 heading-3\"\n            id=\"uyku\"\n        ><span>Uyku<\/span><\/h2>\n    \n\n\n<p class=\"is-style-lead\">\u0130lk hafta\u00adlarda \u00e7ocu\u011funuzun uyan\u0131k\u00adl\u0131k ve uyku evreleri d\u00fczen\u00adsiz bir bi\u00e7imde 24 saate yay\u0131l\u0131r. Zamanla \u00e7ocu\u011funuz g\u00fcnd\u00fc\u00adz\u00adleri daha uzun s\u00fcre uyan\u0131k kal\u0131r ve aralarda daha az uyur. Ve gece daha uzun uyur ve aralarda daha az uyan\u0131k olur. G\u00fcnd\u00fcz gece ritmini destek\u00adle\u00admek i\u00e7in uyan\u0131k\u00adl\u0131k evrelerini g\u00fcn boyu oyun, konu\u015fma, banyo vb. ile aktif olarak \u015fekil\u00adlendirin.<\/p>\n\n\n\n\n\n\t<div\n\t    class=\"wp-block-mind-button is-style-text\"\n\t    \n\t>\n\t    \t        <a\n\t            class=\"button-theme [ button-primary-bg ] has-icon\"\n\t            href=\"https:\/\/www.fuerslebengut.ch\/einschlafen-und-durchschlafen\/\"\n\t            \t        >\t<svg viewBox=\"0 0 29 49\" fill=\"none\" xmlns=\"http:\/\/www.w3.org\/2000\/svg\"  class=\"button-icon [ readmore-icon ]\" focusable=\"false\" aria-hidden=\"true\" role=\"img\">\n<path d=\"M3.50218 48.0013C2.60365 48.0013 1.71533 47.6713 1.03122 47.0013C-0.337 45.6613 -0.337 43.4913 1.03122 42.1513L19.5532 24.0013L1.02101 5.85125C-0.337 4.51125 -0.337 2.34125 1.02101 1.00125C2.37902 -0.338747 4.60493 -0.328747 5.97315 1.00125L26.9763 21.5813C28.3446 22.9213 28.3446 25.0913 26.9763 26.4313L5.97315 47.0013C5.28904 47.6713 4.3905 48.0013 3.50218 48.0013V48.0013Z\" fill=\"black\"\/>\n<\/svg>\n\n\n\t        <span\n\t        class=\"button-text\"\n        >Daha fazla Almanca bilgi<\/span>\n\t\n    \n<\/a>\n\t    \t<\/div>\n\n\n            <h2\n            class=\"wp-block-mind-heading wp-block-mind-heading-isLevel2 wp-block-mind-heading-isDisplayLevel3 heading-3\"\n            id=\"yorgunluk\"\n        ><span>Yorgun\u00adluk<\/span><\/h2>\n    \n\n\n<p class=\"is-style-lead\">Bir bebek ba\u011f\u0131r\u00admay\u0131 b\u0131rak\u00adm\u0131y\u00adorsa bu ebeveyn\u00adler i\u00e7in \u00e7ok yorucu olabilir. On dakika boyunca ba\u015far\u0131s\u0131z avutma bile ebeveyn\u00adler i\u00e7in \u00e7ok moral bozucu olabilir. Devaml\u0131 ba\u011f\u0131rma sizi yoruyor ya da k\u0131zd\u0131r\u0131yor mu? Sabr\u0131n\u0131z\u0131n sonuna geliyor musunuz? O zaman aileniz\u00adden ya da uzman\u00adlar\u00addan destek al\u0131n.<\/p>\n\n\n\n\n<p class=\"is-style-lead\">\u00d6nemli: Bebe\u011finizi asla sars\u00admay\u0131n. Sarsmak tehlike\u00adlidir.<\/p>\n\n\n\n\n\n\t<div\n\t    class=\"wp-block-mind-button is-style-text\"\n\t    \n\t>\n\t    \t        <a\n\t            class=\"button-theme [ button-primary-bg ] has-icon\"\n\t            href=\"https:\/\/www.fuerslebengut.ch\/mein-kind-hoert-nicht-auf-zu-schreien\/\"\n\t            \t        >\t<svg viewBox=\"0 0 29 49\" fill=\"none\" xmlns=\"http:\/\/www.w3.org\/2000\/svg\"  class=\"button-icon [ readmore-icon ]\" focusable=\"false\" aria-hidden=\"true\" role=\"img\">\n<path d=\"M3.50218 48.0013C2.60365 48.0013 1.71533 47.6713 1.03122 47.0013C-0.337 45.6613 -0.337 43.4913 1.03122 42.1513L19.5532 24.0013L1.02101 5.85125C-0.337 4.51125 -0.337 2.34125 1.02101 1.00125C2.37902 -0.338747 4.60493 -0.328747 5.97315 1.00125L26.9763 21.5813C28.3446 22.9213 28.3446 25.0913 26.9763 26.4313L5.97315 47.0013C5.28904 47.6713 4.3905 48.0013 3.50218 48.0013V48.0013Z\" fill=\"black\"\/>\n<\/svg>\n\n\n\t        <span\n\t        class=\"button-text\"\n        >Daha fazla Almanca bilgi<\/span>\n\t\n    \n<\/a>\n\t    \t<\/div>\n\n\n            <h2\n            class=\"wp-block-mind-heading wp-block-mind-heading-isLevel2 wp-block-mind-heading-isDisplayLevel3 heading-3\"\n            id=\"sarsmak-tehlikelidir\"\n        ><span>Sarsmak tehlike\u00adlidir<\/span><\/h2>\n    \n\n\n<p class=\"is-style-lead\">Bir bebek sars\u0131ld\u0131\u011f\u0131nda kafa ileri geri sallan\u0131r. Bu \u015fekilde kafa ve beyin yaralan\u00adabilir. Bu, ciddi sakatl\u0131k\u00adlara veya hatta \u00f6l\u00fcme bile yol a\u00e7abilir. Kafay\u0131 tutmadan yap\u0131lan ani hareketler ya da oyun olarak bebe\u011fin havaya at\u0131l\u00admas\u0131 bile tehlike\u00adlidir. \u00c7ocu\u011funuz s\u00fcrekli a\u011flad\u0131\u011f\u0131 i\u00e7in \u00e7aresiz ve hayal k\u0131r\u0131k\u00adl\u0131\u011f\u0131na u\u011fram\u0131\u015f durumda m\u0131s\u0131n\u0131z? \u00c7ocu\u011funuzu g\u00fcvenli bir yere b\u0131rak\u0131n, \u00f6rne\u011fin be\u015fi\u011fe ya da yere, odadan \u00e7\u0131k\u0131n ve yard\u0131m al\u0131n.<\/p>\n\n\n\n\n\n\t<div\n\t    class=\"wp-block-mind-button is-style-text\"\n\t    \n\t>\n\t    \t        <a\n\t            class=\"button-theme [ button-primary-bg ] has-icon\"\n\t            href=\"https:\/\/www.fuerslebengut.ch\/mein-kind-hoert-nicht-auf-zu-schreien\/\"\n\t            \t        >\t<svg viewBox=\"0 0 29 49\" fill=\"none\" xmlns=\"http:\/\/www.w3.org\/2000\/svg\"  class=\"button-icon [ readmore-icon ]\" focusable=\"false\" aria-hidden=\"true\" role=\"img\">\n<path d=\"M3.50218 48.0013C2.60365 48.0013 1.71533 47.6713 1.03122 47.0013C-0.337 45.6613 -0.337 43.4913 1.03122 42.1513L19.5532 24.0013L1.02101 5.85125C-0.337 4.51125 -0.337 2.34125 1.02101 1.00125C2.37902 -0.338747 4.60493 -0.328747 5.97315 1.00125L26.9763 21.5813C28.3446 22.9213 28.3446 25.0913 26.9763 26.4313L5.97315 47.0013C5.28904 47.6713 4.3905 48.0013 3.50218 48.0013V48.0013Z\" fill=\"black\"\/>\n<\/svg>\n\n\n\t        <span\n\t        class=\"button-text\"\n        >Daha fazla Almanca bilgi<\/span>\n\t\n    \n<\/a>\n\t    \t<\/div>\n\n\n    <div\n        class=\"wp-block-mind-background has-spacing-top-lg alignfull has-background has-gruen-papier-background-color content autospace isChildBlockContainer\"\n        \n    >\n\t    \t\t\t\n<div\n    class=\"wp-block-mind-grid hasInnerPadding\"\n    \n>\n\t<div class=\"wp-block-mind-grid-wrapper\" id=\"wp-block-mind-grid-wrapper-5\">\n        \n    <div\n\t    class=\"wp-block-mind-grid-item alignwide isGridColumnSpan-3 isGridColumnSpanMedium-4 isAlignSelf-center\"\n\t    style=\"\"\n\t    \n    >\n        <div class=\"wp-block-mind-grid-item-blocks innerContent autospace isChildBlockContainer\">\n            \n<div\n\tclass=\"wp-block-theme-animation content\"\n\t\n>\n\t<lottie-player\n\t  autoplay\n\t  loop\n\t  mode=\"normal\"\n\t  src=\"https:\/\/mvb.zh.ch\/tr\/wp-content\/uploads\/sites\/3\/2022\/11\/icon-fragen-mvb.json\"\n\t  speed=\"1.00\"\n\t>\n\t<\/lottie-player>\n<\/div>\n\n\n        <\/div>\n    <\/div>\n\n\n    <div\n\t    class=\"wp-block-mind-grid-item alignwide isGridColumnSpan-9 isGridColumnSpanMedium-8 isGridColumnStart-4 isGridColumnStartMedium-5 isAlignSelf-center\"\n\t    style=\"\"\n\t    \n    >\n        <div class=\"wp-block-mind-grid-item-blocks innerContent autospace isChildBlockContainer\">\n            \n            <h2\n            class=\"wp-block-mind-heading wp-block-mind-heading-isLevel2 wp-block-mind-heading-isDisplayLevelDefault heading-2\"\n            id=\"bagirma-hakkinda-sorulariniz-mi-var-sizin-dilinizde-memnuniyetle-danismanlik-yapiyoruz\"\n        ><span>Ba\u011f\u0131rma hakk\u0131nda soru\u00adlar\u0131n\u0131z m\u0131 var? Sizin dilin\u00adizde memnuniyetle dan\u0131\u015f\u00adman\u00adl\u0131k yap\u0131y\u00adoruz!<\/span><\/h2>\n    \n\n\n\n\t<div\n\t    class=\"wp-block-mind-button is-style-primary\"\n\t    \n\t>\n\t    \t        <a\n\t            class=\"button-theme [ button-primary-bg ] has-icon\"\n\t            href=\"https:\/\/mvb.zh.ch\/tr\/kontakt\/\"\n\t            \t        >\t<svg data-name=\"Ebene 1\" xmlns=\"http:\/\/www.w3.org\/2000\/svg\" viewBox=\"0 0 49.378 33.401\"  class=\"button-icon [ readmore-icon ]\" focusable=\"false\" aria-hidden=\"true\" role=\"img\">\n  <path d=\"M260.5,232.906l14.654,16.271-.037.041-14.627,17.089-3.51-2.655,10.654-11.894H225.772v-4.621H267.64l-10.669-11.1Z\" transform=\"translate(-225.772 -232.906)\" fill=\"#fff\"\/>\n<\/svg>\n\n\n\t        <span\n\t        class=\"button-text\"\n        >\u0130leti\u015fime ge\u00e7<\/span>\n\t\n    \n<\/a>\n\t    \t<\/div>\n\n\n        <\/div>\n    <\/div>\n\n\n\t<\/div>\n\n\t        <style type=\"text\/css\">\n#wp-block-mind-grid-wrapper-5 { -ms-grid-rows: repeat(2, auto); }\n#wp-block-mind-grid-wrapper-5 > *:nth-child(1) { -ms-grid-row: 1; -ms-grid-row-span: 1; }\n#wp-block-mind-grid-wrapper-5 > *:nth-child(2) { -ms-grid-row: 2; -ms-grid-row-span: 1; }\n<\/style>\n\n\t<\/div>\n\n\n\n\t        <\/div>\n\n\n<div\n    class=\"wp-block-mind-image-text\"\n    \n>\n    <div class=\"wp-block-mind-image-text-content isVerticallyCentered hasColumnWidths-narrowWide\">\n        \n<div class=\"wp-block-mind-content innerContent autospace isChildBlockContainer\">\n    \n<blockquote\n\tclass=\"wp-block-mind-quote\"\n\t\n>\n\t\t\t<p>\u00c7ok az uyuya\u00adbiliy\u00ador\u00adduk ve s\u00fcrekli tart\u0131\u015f\u0131y\u00ador\u00adduk. Anne baba dan\u0131\u015f\u00adman\u0131n\u0131n deste\u011fiyle art\u0131k bir aile olarak stresle daha iyi ba\u015fa \u00e7\u0131ka\u00adbiliy\u00adoruz.<\/p>\n\n\n\t\t\t\t\t<cite class=\"wp-block-mind-quote-cite\">10 ayl\u0131k bebekleri olan Diana ve Pedro R.<\/cite>\n\t\t\t<\/blockquote>\n\n\n\n\n\t<div\n\t    class=\"wp-block-mind-button is-style-outline\"\n\t    \n\t>\n\t    \t        <a\n\t            class=\"button-theme [ button-primary-bg ]\"\n\t            href=\"https:\/\/mvb.zh.ch\/tr\/was-andere-eltern-sagen\/\"\n\t            \t        >\t\n\n\t        <span\n\t        class=\"button-text\"\n        >Di\u011fer ebeveyn\u00adler ne diyor<\/span>\n\t\n    \n<\/a>\n\t    \t<\/div>\n\n\n<\/div>\n\n\n\t\n\t\n    <div\n        class=\"wp-block-mind-image mobile-small\"\n        \n\t        >\n\t    \t\t    <picture\n\t\t\t\tclass=\"isPortrait\"\n\t\t\t>\t\t\t\t\t<source type=\"image\/webp\" srcset=\"https:\/\/mvb.zh.ch\/tr\/wp-content\/uploads\/sites\/3\/2022\/12\/portrait_3_1080-e1671034675714-370x0-c-default.webp 370w, https:\/\/mvb.zh.ch\/tr\/wp-content\/uploads\/sites\/3\/2022\/12\/portrait_3_1080-e1671034675714-560x0-c-default.webp 560w, https:\/\/mvb.zh.ch\/tr\/wp-content\/uploads\/sites\/3\/2022\/12\/portrait_3_1080-e1671034675714-800x0-c-default.webp 800w, https:\/\/mvb.zh.ch\/tr\/wp-content\/uploads\/sites\/3\/2022\/12\/portrait_3_1080-e1671034675714-985x0-c-default.webp 985w\">\n<source type=\"image\/png\" srcset=\"https:\/\/mvb.zh.ch\/tr\/wp-content\/uploads\/sites\/3\/2022\/12\/portrait_3_1080-e1671034675714-370x0-c-default.png 370w, https:\/\/mvb.zh.ch\/tr\/wp-content\/uploads\/sites\/3\/2022\/12\/portrait_3_1080-e1671034675714-560x0-c-default.png 560w, https:\/\/mvb.zh.ch\/tr\/wp-content\/uploads\/sites\/3\/2022\/12\/portrait_3_1080-e1671034675714-800x0-c-default.png 800w, https:\/\/mvb.zh.ch\/tr\/wp-content\/uploads\/sites\/3\/2022\/12\/portrait_3_1080-e1671034675714-985x0-c-default.png 985w\">\n<img src=\"https:\/\/mvb.zh.ch\/tr\/wp-content\/uploads\/sites\/3\/2022\/12\/portrait_3_1080-e1671034675714-985x0-c-default.png\" width=\"985\" height=\"1079.9821428571\" alt=\"\u0130ll\u00fcstrasyonda mutlu bir gen\u00e7 \u00e7ift olan Diana ve Petro R.&#039;nin \u00fcst beden portreleri g\u00f6steriliyor\" loading=\"lazy\">\n\t\t\t<\/picture>\n\t        <\/div>\n\n\n    <\/div>\n<\/div>\n\n\n            <h2\n            class=\"wp-block-mind-heading has-spacing-top-lg alignwide wp-block-mind-heading-isLevel2 wp-block-mind-heading-isDisplayLevelDefault heading-2\"\n            id=\"diger-danismanlik-konulari\"\n        ><span>Di\u011fer dan\u0131\u015f\u00adman\u00adl\u0131k konu\u00adlar\u0131<\/span><\/h2>\n    \n\n","protected":false},"excerpt":{"rendered":"<p>Bebe\u011fim neden s\u00fcrekli ba\u011f\u0131r\u0131yor? Doktora gitmeli miyim? Ebeveynler olarak ba\u011f\u0131rmaya ra\u011fmen nas\u0131l dinlenebiliriz?<\/p>\n","protected":false},"author":1,"featured_media":533,"parent":14,"menu_order":5,"comment_status":"closed","ping_status":"closed","template":"","meta":{"eyecatcher_title":"","eyecatcher_text":"","eyecatcher_link":"","eyecatcher_icon_position":"","eyecatcher_icon":0,"hide_post_title":false,"hide_header":false,"hide_footer":false},"acf":[],"yoast_head":"<!-- This site is optimized with the Yoast SEO plugin v19.11 - https:\/\/yoast.com\/wordpress\/plugins\/seo\/ -->\n<title>Ba\u011f\u0131rma - Z\u00fcrih Kantonu Anne ve Baba Dan\u0131\u015fmanlar\u0131<\/title>\n<meta name=\"robots\" content=\"index, follow, max-snippet:-1, max-image-preview:large, max-video-preview:-1\" \/>\n<link rel=\"canonical\" href=\"https:\/\/mvb.zh.ch\/tr\/beratungsangebot\/schreien\/\" \/>\n<meta property=\"og:locale\" content=\"tr_TR\" \/>\n<meta property=\"og:type\" content=\"article\" \/>\n<meta property=\"og:title\" content=\"Ba\u011f\u0131rma - Z\u00fcrih Kantonu Anne ve Baba Dan\u0131\u015fmanlar\u0131\" \/>\n<meta property=\"og:description\" content=\"Bebe\u011fim neden s\u00fcrekli ba\u011f\u0131r\u0131yor? Doktora gitmeli miyim? Ebeveynler olarak ba\u011f\u0131rmaya ra\u011fmen nas\u0131l dinlenebiliriz?\" \/>\n<meta property=\"og:url\" content=\"https:\/\/mvb.zh.ch\/tr\/beratungsangebot\/schreien\/\" \/>\n<meta property=\"og:site_name\" content=\"Z\u00fcrih Kantonu Anne ve Baba Dan\u0131\u015fmanlar\u0131\" \/>\n<meta property=\"article:modified_time\" content=\"2023-09-13T14:30:07+00:00\" \/>\n<meta property=\"og:image\" content=\"https:\/\/mvb.zh.ch\/tr\/wp-content\/uploads\/sites\/3\/2022\/12\/schreien-1-1200x630-c-default.jpg\" \/>\n\t<meta property=\"og:image:width\" content=\"1200\" \/>\n\t<meta property=\"og:image:height\" content=\"630\" \/>\n\t<meta property=\"og:image:type\" content=\"image\/jpeg\" \/>\n<meta name=\"twitter:card\" content=\"summary_large_image\" \/>\n<meta name=\"twitter:label1\" content=\"Tahmini okuma s\u00fcresi\" \/>\n\t<meta name=\"twitter:data1\" content=\"2 dakika\" \/>\n<script type=\"application\/ld+json\" class=\"yoast-schema-graph\">{\"@context\":\"https:\/\/schema.org\",\"@graph\":[{\"@type\":\"WebPage\",\"@id\":\"https:\/\/mvb.zh.ch\/tr\/beratungsangebot\/schreien\/\",\"url\":\"https:\/\/mvb.zh.ch\/tr\/beratungsangebot\/schreien\/\",\"name\":\"Ba\u011f\u0131rma - Z\u00fcrih Kantonu Anne ve Baba Dan\u0131\u015fmanlar\u0131\",\"isPartOf\":{\"@id\":\"https:\/\/mvb.zh.ch\/tr\/#website\"},\"datePublished\":\"2022-11-11T10:41:42+00:00\",\"dateModified\":\"2023-09-13T14:30:07+00:00\",\"breadcrumb\":{\"@id\":\"https:\/\/mvb.zh.ch\/tr\/beratungsangebot\/schreien\/#breadcrumb\"},\"inLanguage\":\"tr\",\"potentialAction\":[{\"@type\":\"ReadAction\",\"target\":[\"https:\/\/mvb.zh.ch\/tr\/beratungsangebot\/schreien\/\"]}]},{\"@type\":\"BreadcrumbList\",\"@id\":\"https:\/\/mvb.zh.ch\/tr\/beratungsangebot\/schreien\/#breadcrumb\",\"itemListElement\":[{\"@type\":\"ListItem\",\"position\":1,\"name\":\"Startseite\",\"item\":\"https:\/\/mvb.zh.ch\/tr\/\"},{\"@type\":\"ListItem\",\"position\":2,\"name\":\"Beratungsangebot\",\"item\":\"https:\/\/mvb.zh.ch\/tr\/beratungsangebot\/\"},{\"@type\":\"ListItem\",\"position\":3,\"name\":\"Schreien\"}]},{\"@type\":\"WebSite\",\"@id\":\"https:\/\/mvb.zh.ch\/tr\/#website\",\"url\":\"https:\/\/mvb.zh.ch\/tr\/\",\"name\":\"Z\u00fcrih Kantonu Anne ve Baba Dan\u0131\u015fmanlar\u0131\",\"description\":\"\",\"publisher\":{\"@id\":\"https:\/\/mvb.zh.ch\/tr\/#organization\"},\"inLanguage\":\"tr\"}]}<\/script>\n<!-- \/ Yoast SEO plugin. -->","yoast_head_json":{"title":"Ba\u011f\u0131rma - Z\u00fcrih Kantonu Anne ve Baba Dan\u0131\u015fmanlar\u0131","robots":{"index":"index","follow":"follow","max-snippet":"max-snippet:-1","max-image-preview":"max-image-preview:large","max-video-preview":"max-video-preview:-1"},"canonical":"https:\/\/mvb.zh.ch\/tr\/beratungsangebot\/schreien\/","og_locale":"tr_TR","og_type":"article","og_title":"Ba\u011f\u0131rma - Z\u00fcrih Kantonu Anne ve Baba Dan\u0131\u015fmanlar\u0131","og_description":"Bebe\u011fim neden s\u00fcrekli ba\u011f\u0131r\u0131yor? Doktora gitmeli miyim? Ebeveynler olarak ba\u011f\u0131rmaya ra\u011fmen nas\u0131l dinlenebiliriz?","og_url":"https:\/\/mvb.zh.ch\/tr\/beratungsangebot\/schreien\/","og_site_name":"Z\u00fcrih Kantonu Anne ve Baba Dan\u0131\u015fmanlar\u0131","article_modified_time":"2023-09-13T14:30:07+00:00","og_image":[{"width":1200,"height":630,"url":"https:\/\/mvb.zh.ch\/tr\/wp-content\/uploads\/sites\/3\/2022\/12\/schreien-1-1200x630-c-default.jpg","type":"image\/jpeg"}],"twitter_card":"summary_large_image","twitter_misc":{"Tahmini okuma s\u00fcresi":"2 dakika"},"schema":{"@context":"https:\/\/schema.org","@graph":[{"@type":"WebPage","@id":"https:\/\/mvb.zh.ch\/tr\/beratungsangebot\/schreien\/","url":"https:\/\/mvb.zh.ch\/tr\/beratungsangebot\/schreien\/","name":"Ba\u011f\u0131rma - Z\u00fcrih Kantonu Anne ve Baba Dan\u0131\u015fmanlar\u0131","isPartOf":{"@id":"https:\/\/mvb.zh.ch\/tr\/#website"},"datePublished":"2022-11-11T10:41:42+00:00","dateModified":"2023-09-13T14:30:07+00:00","breadcrumb":{"@id":"https:\/\/mvb.zh.ch\/tr\/beratungsangebot\/schreien\/#breadcrumb"},"inLanguage":"tr","potentialAction":[{"@type":"ReadAction","target":["https:\/\/mvb.zh.ch\/tr\/beratungsangebot\/schreien\/"]}]},{"@type":"BreadcrumbList","@id":"https:\/\/mvb.zh.ch\/tr\/beratungsangebot\/schreien\/#breadcrumb","itemListElement":[{"@type":"ListItem","position":1,"name":"Startseite","item":"https:\/\/mvb.zh.ch\/tr\/"},{"@type":"ListItem","position":2,"name":"Beratungsangebot","item":"https:\/\/mvb.zh.ch\/tr\/beratungsangebot\/"},{"@type":"ListItem","position":3,"name":"Schreien"}]},{"@type":"WebSite","@id":"https:\/\/mvb.zh.ch\/tr\/#website","url":"https:\/\/mvb.zh.ch\/tr\/","name":"Z\u00fcrih Kantonu Anne ve Baba Dan\u0131\u015fmanlar\u0131","description":"","publisher":{"@id":"https:\/\/mvb.zh.ch\/tr\/#organization"},"inLanguage":"tr"}]}},"_links":{"self":[{"href":"https:\/\/mvb.zh.ch\/tr\/wp-json\/wp\/v2\/pages\/183"}],"collection":[{"href":"https:\/\/mvb.zh.ch\/tr\/wp-json\/wp\/v2\/pages"}],"about":[{"href":"https:\/\/mvb.zh.ch\/tr\/wp-json\/wp\/v2\/types\/page"}],"author":[{"embeddable":true,"href":"https:\/\/mvb.zh.ch\/tr\/wp-json\/wp\/v2\/users\/1"}],"replies":[{"embeddable":true,"href":"https:\/\/mvb.zh.ch\/tr\/wp-json\/wp\/v2\/comments?post=183"}],"version-history":[{"count":10,"href":"https:\/\/mvb.zh.ch\/tr\/wp-json\/wp\/v2\/pages\/183\/revisions"}],"predecessor-version":[{"id":816,"href":"https:\/\/mvb.zh.ch\/tr\/wp-json\/wp\/v2\/pages\/183\/revisions\/816"}],"up":[{"embeddable":true,"href":"https:\/\/mvb.zh.ch\/tr\/wp-json\/wp\/v2\/pages\/14"}],"wp:featuredmedia":[{"embeddable":true,"href":"https:\/\/mvb.zh.ch\/tr\/wp-json\/wp\/v2\/media\/533"}],"wp:attachment":[{"href":"https:\/\/mvb.zh.ch\/tr\/wp-json\/wp\/v2\/media?parent=183"}],"curies":[{"name":"wp","href":"https:\/\/api.w.org\/{rel}","templated":true}]}}