{"id":59,"date":"2022-10-27T15:13:40","date_gmt":"2022-10-27T13:13:40","guid":{"rendered":"urn:uuid:ffa5d312-55ea-4bc7-a17d-1d69676a9f7d"},"modified":"2023-03-06T10:06:36","modified_gmt":"2023-03-06T09:06:36","slug":"impressum","status":"publish","type":"page","link":"https:\/\/mvb.zh.ch\/ti\/impressum\/","title":{"rendered":"Impres\u00adsum"},"content":{"rendered":"<header\n\tclass=\"wp-block-mind-post-title autospace\"\n\t\n>\n\t\n\t\n<h1\n    class=\"heading-1\"\n    id=\"main-title\"\n><\/h1>\n\n<\/header>\n\n\n            <h2\n            class=\"wp-block-mind-heading wp-block-mind-heading-isLevel2 wp-block-mind-heading-isDisplayLevel3 heading-3\"\n            id=\"%e1%8a%95%e1%89%b5%e1%88%95%e1%8b%9d%e1%89%b6-%e1%8a%93%e1%8b%ad%e1%89%b2-%e1%88%98%e1%88%ad%e1%89%a0%e1%89%a5-%e1%88%93%e1%89%a0%e1%88%ac%e1%89%b3-%e1%88%93%e1%88%8b%e1%8d%8d%e1%8a%90%e1%89%b5\"\n        ><span>\u1295\u1275\u1215\u12dd\u1276 \u1293\u12ed\u1272 \u1218\u122d\u1260\u1265 \u1213\u1260\u122c\u1273 \u1213\u120b\u134d\u1290\u1275 \u12dd\u12c8\u1235\u12f5<\/span><\/h2>\n    \n\n<div class=\"wp-block-mind-location-contact\">\n\t\t\t\t\t\t<address><span\n\t\t\tclass=\"contact-name\"\n\t\t>Amt f\u00fcr Jugend und Berufs\u00adber\u00adatung<\/span><br>Gesch\u00e4ftsstelle der Bezirke B\u00fclach und Dielsdorf<br>Schaffhauserstrasse 53<br>8180&nbsp;B\u00fclach<\/address>\n\n\t\t\t\t\t\t\t\t\t\t\t\t\t\t    \t <a\n\t\t class=\"contact-item-value\"\n\t\t href=\"mailto:ajb.buelach@ajb.zh.ch\"\n\t >ajb.buelach@ajb.zh.ch<\/a>\n\t\t\t\t\t\t\t\t\t\t\t\t\t\t    \t<a\n\tclass=\"phone contact-item-value\"\n\thref=\"tel:0041432599500\" rel=\"nofollow\"\n\taria-label=\"4 1. 4 3. 2 5 9. 9 5. 0 0\"\n>+41 43 259 95 00<\/a>\n\n\t\t\t\t\t\t\t\t\t\t\t\t\t\t\t\t\t\t\t\t\t<\/div>\n\n\n            <h3\n            class=\"wp-block-mind-heading wp-block-mind-heading-isLevel3 wp-block-mind-heading-isDisplayLevelDefault heading-3\"\n            id=\"%e1%8a%a3%e1%89%b0%e1%8c%8b%e1%89%a3%e1%89%a5%e1%88%ab\"\n        ><span>\u12a3\u1270\u130b\u1263\u1265\u122b<\/span><\/h3>\n    \n\n\n<p><a href=\"https:\/\/www.mind.ch\/\" target=\"_blank\" rel=\"noreferrer noopener\">MIND. Agentur f\u00fcr Strate\u00adgie, Design, Code und Content<\/a><\/p>\n\n\n\n            <h2\n            class=\"wp-block-mind-heading wp-block-mind-heading-isLevel2 wp-block-mind-heading-isDisplayLevel3 heading-3\"\n            id=\"%e1%8a%ab%e1%89%a5-%e1%88%93%e1%88%8b%e1%8d%8d%e1%8a%90%e1%89%b5-%e1%8a%93%e1%8c%bb-%e1%8b%9d%e1%8a%be%e1%8a%90\"\n        ><span>\u12ab\u1265 \u1213\u120b\u134d\u1290\u1275 \u1293\u133b \u12dd\u12be\u1290<\/span><\/h2>\n    \n\n\n<p>\u12a9\u1209 \u133d\u1211\u134b\u1275\u1295 \u1218\u122b\u12b8\u1262 \u1218\u1235\u1218\u122b\u1275\u1295 \u1265\u1325\u1295\u1243\u1250 \u12dd\u1270\u1348\u1270\u1238\u1295 \u1265\u1250\u133b\u120a \u12dd\u1215\u12f0\u1235\u1295 \u12a5\u12e9\u1362 \u12a3\u1265\u12db \u1218\u122d\u1260\u1265 \u1213\u1260\u122c\u1273 \u1245\u1291\u12d5\u1295 \u121d\u1209\u12a5\u1295 \u1213\u1260\u122c\u1273 \u12ad\u1295\u1205\u1265 \u121d\u1209\u12a5 \u133b\u12d5\u122d\u1293 \u12a2\u1293 \u12a5\u1290\u12c8\u134a\u1361\u12a5\u1295\u1270\u12be\u1290 \u130d\u1295 \u1265\u1218\u1295\u1308\u12f2 \u12a5\u12da \u1218\u122d\u1260\u1265 \u1213\u1260\u122c\u1273 \u12dd\u12c8\u1203\u1265 \u1213\u1260\u122c\u1273 \u1245\u1291\u12d5\u1361\u121d\u1209\u12a5 \u12c8\u12ed \u12dd\u1270\u1213\u12f0\u1235 \u121d\u12c3\u1291 \u12c8\u12ed \u1295\u12d8\u12ed\u121d\u12c3\u1291 \u1213\u120b\u134d\u1290\u1275\u1361\u12d5\u12f3 \u12c8\u12ed \u12cd\u1215\u1235\u1290\u1275 \u12a8\u121d\u12d8\u12ed\u1295\u12c8\u1235\u12f5 \u12ad\u1275\u130d\u1295\u12d8\u1261 \u1295\u12f0\u120a\u1362 \u12a3\u1265\u12db \u1218\u122d\u1260\u1265 \u1213\u1260\u122c\u1273 \u12d8\u120e \u1213\u1260\u122c\u1273 \u12a3\u1265 \u12dd\u12be\u1290 \u130d\u12dc\u1295 \u1265\u12d8\u12ed \u12dd\u12be\u1290 \u12a3\u1250\u12f2\u121d\u12ab \u12dd\u12c8\u1203\u1265 \u121d\u120d\u12ad\u1273\u1295 \u12ad\u1295\u1245\u12ed\u122e \u12a8\u121d\u12a1\u2019\u12cd\u1295 \u1290\u1272 \u1270\u1290\u1262\u1229 \u12d8\u120e \u1213\u1260\u122c\u1273 \u12ad\u1295\u1245\u12ed\u122e \u1338\u1255\u1325\u1273\u1275 \u12a8\u12ed\u130d\u1260\u1228\u120d\u1293 \u1218\u1230\u120d\u1293 \u12dd\u1270\u1213\u12dd\u12a0 \u12a5\u12e9\u1362<\/p>\n\n\n\n\n<p>\u12a9\u120e\u121d \u121d\u1235 \u12c8\u133b\u12a5\u1270\u129b\u1273\u1275 \u12c8\u1203\u1265\u1272 \u12a3\u1308\u120d\u130d\u120e\u1275 \u12d8\u122b\u12bd\u1261\u12bb \u1218\u120b\u130d\u1266\u1273\u1275 (\u120a\u1295\u12ad\u1273\u1275) \u12ad\u133d\u121d\u1260\u1229 \u12a8\u1208\u12c9 \u1245\u1291\u12d5\u1290\u1276\u121d \u1270\u1228\u130b\u130a\u1339 \u12a5\u12e9\u1361\u12a5\u1270\u12be\u1290 \u130d\u1295 \u1295\u1213\u12f0 \u1265\u1203\u12ed\u1350\u122d\u120a\u1295\u12ad (hyper\u00adlink) \u12ad\u1275\u122d\u12a8\u1265 \u12a5\u1275\u12ad\u12a5\u120d \u1218\u122d\u1260\u1265 \u1213\u1260\u122c\u1273 \u1295\u1293\u1273 \u1205\u120b\u12c8\u1295 \u1275\u1215\u12dd\u1276\u1295 \u1213\u120b\u134d\u1290\u1275 \u12ad\u1295\u12c8\u1235\u12f5 \u12a3\u12ed\u1295\u12bd\u12a5\u120d\u1295 \u12a2\u1293\u1362 \u12a5\u1272 \u12a3\u1255\u122b\u1262 \u1293\u12ed\u1273 \u1218\u122d\u1260\u1265 \u1213\u1260\u122c\u1273 \u1265\u12cd\u120d\u1241 \u1295\u12d8\u12ed\u1215\u130b\u12ca\u1361\u12d8\u12ed\u1245\u1291\u12d5\u1295 \u12d8\u12ed\u121d\u1209\u12a5\u1295 \u1275\u1215\u12dd\u1276 \u12a8\u121d\u12a1\u2019\u12cd\u1295 \u1265\u134d\u120b\u12ed \u1265\u1275\u1215\u12dd\u1276 \u1293\u12ed \u12dd\u1270\u122b\u12b8\u1261 \u1308\u133b\u1275 \u12ad\u1218\u133d\u12a5 \u12dd\u12bd\u12a5\u120d \u12d5\u1295\u12c8\u1275 \u12f5\u121b \u1213\u120b\u134d\u1290\u1275 \u12ed\u12c8\u1235\u12f0\u120b\u1362 \u12a5\u1272 \u12d5\u1295\u12c8\u1275 \u1240\u1325\u1273\u12ca\u1361\u12d8\u12ed\u1240\u1325\u1273\u12ca \u12c8\u12ed \u1308\u1295\u12d8\u1263\u12ca \u12c8\u12ed \u12f5\u121b \u12a3\u1265 \u121d\u1325\u134b\u12a5 \u12f3\u1273 \u12a8\u130b\u1325\u121d \u12d8\u12bd\u12a5\u120d \u12ab\u120d\u12a5 \u12d5\u1295\u12c8\u1275 \u12a8\u121d\u12a1\u2018\u12cd\u1295 \u12ad\u1275\u1325\u1240\u121d \u12d8\u12ed\u121d\u12bd\u12a3\u120d \u12c8\u12ed \u12ab\u120d\u12a5 \u121d\u12bd\u1295\u12eb\u1273\u1275 \u1293\u12ed \u12dd\u12be\u1290 \u12d3\u12ed\u1290\u1275 \u1265\u12d8\u12e8\u1308\u12f5\u1235\u1362<\/p>\n\n\n\n\n<p>\u1265\u1270\u12c8\u1233\u12ba \u12a5\u12db \u1218\u122d\u1260\u1265 \u1213\u1260\u122c\u1273 \u12a3\u1265 \u121d\u121d\u1215\u12f3\u122d \u12d9\u122a\u12ad \u1295\u12d8\u120e \u12a3\u1320\u1253\u1255\u121b \u1218\u121d\u122d\u1212\u1273\u1275 \u1275\u1215\u1265\u122d \u12a5\u12eb:<\/p>\n\n\n\n\n<p><a href=\"http:\/\/www.zh.ch\/internet\/de\/service\/nav\/footer\/nutzungsregelungen.html\" target=\"_blank\" rel=\"noreferrer noopener\">www.zh.ch\/internet\/de\/service\/nav\/footer\/nutzungsregelungen.html<\/a><\/p>\n\n","protected":false},"excerpt":{"rendered":"<p>MIND. Agentur f\u00fcr Strate\u00adgie, Design, Code und Content \u12a9\u1209 \u133d\u1211\u134b\u1275\u1295 \u1218\u122b\u12b8\u1262 \u1218\u1235\u1218\u122b\u1275\u1295 \u1265\u1325\u1295\u1243\u1250 \u12dd\u1270\u1348\u1270\u1238\u1295 \u1265\u1250\u133b\u120a \u12dd\u1215\u12f0\u1235\u1295 \u12a5\u12e9\u1362 \u12a3\u1265\u12db \u1218\u122d\u1260\u1265 \u1213\u1260\u122c\u1273 \u1245\u1291\u12d5\u1295 \u121d\u1209\u12a5\u1295 \u1213\u1260\u122c\u1273 \u12ad\u1295\u1205\u1265 \u121d\u1209\u12a5 \u133b\u12d5\u122d\u1293 \u12a2\u1293 \u12a5\u1290\u12c8\u134a\u1361\u12a5\u1295\u1270\u12be\u1290 \u130d\u1295 \u1265\u1218\u1295\u1308\u12f2 \u12a5\u12da \u1218\u122d\u1260\u1265 \u1213\u1260\u122c\u1273 \u12dd\u12c8\u1203\u1265 \u1213\u1260\u122c\u1273 \u1245\u1291\u12d5\u1361\u121d\u1209\u12a5 \u12c8\u12ed \u12dd\u1270\u1213\u12f0\u1235 \u121d\u12c3\u1291 \u12c8\u12ed \u1295\u12d8\u12ed\u121d\u12c3\u1291 \u1213\u120b\u134d\u1290\u1275\u1361\u12d5\u12f3 \u12c8\u12ed \u12cd\u1215\u1235\u1290\u1275 \u12a8\u121d\u12d8\u12ed\u1295\u12c8\u1235\u12f5 \u12ad\u1275\u130d\u1295\u12d8\u1261 \u1295\u12f0\u120a\u1362 \u12a3\u1265\u12db \u1218\u122d\u1260\u1265 \u1213\u1260\u122c\u1273 \u12d8\u120e \u1213\u1260\u122c\u1273 \u12a3\u1265 \u12dd\u12be\u1290 \u130d\u12dc\u1295 [&hellip;]<\/p>\n","protected":false},"author":1,"featured_media":0,"parent":0,"menu_order":14,"comment_status":"closed","ping_status":"closed","template":"","meta":{"eyecatcher_title":"","eyecatcher_text":"","eyecatcher_link":"","eyecatcher_icon_position":"","eyecatcher_icon":0,"hide_post_title":false,"hide_header":false,"hide_footer":false},"acf":[],"yoast_head":"<!-- This site is optimized with the Yoast SEO plugin v19.11 - https:\/\/yoast.com\/wordpress\/plugins\/seo\/ -->\n<title>Impressum - \u1293\u12ed \u12a3\u12cd\u122b\u1303 \u12d9\u122a\u12ad \u1218\u134d\u1228 \u12d8\u12ed\u1275\u1295 \u130b\u12dd\u1295 \u1262\u122b\u1295<\/title>\n<meta name=\"robots\" content=\"index, follow, max-snippet:-1, max-image-preview:large, max-video-preview:-1\" \/>\n<link rel=\"canonical\" href=\"https:\/\/mvb.zh.ch\/ti\/impressum\/\" \/>\n<meta property=\"og:locale\" content=\"en_US\" \/>\n<meta property=\"og:type\" content=\"article\" \/>\n<meta property=\"og:title\" content=\"Impressum - \u1293\u12ed \u12a3\u12cd\u122b\u1303 \u12d9\u122a\u12ad \u1218\u134d\u1228 \u12d8\u12ed\u1275\u1295 \u130b\u12dd\u1295 \u1262\u122b\u1295\" \/>\n<meta property=\"og:description\" content=\"MIND. Agentur f\u00fcr Strate\u00adgie, Design, Code und Content \u12a9\u1209 \u133d\u1211\u134b\u1275\u1295 \u1218\u122b\u12b8\u1262 \u1218\u1235\u1218\u122b\u1275\u1295 \u1265\u1325\u1295\u1243\u1250 \u12dd\u1270\u1348\u1270\u1238\u1295 \u1265\u1250\u133b\u120a \u12dd\u1215\u12f0\u1235\u1295 \u12a5\u12e9\u1362 \u12a3\u1265\u12db \u1218\u122d\u1260\u1265 \u1213\u1260\u122c\u1273 \u1245\u1291\u12d5\u1295 \u121d\u1209\u12a5\u1295 \u1213\u1260\u122c\u1273 \u12ad\u1295\u1205\u1265 \u121d\u1209\u12a5 \u133b\u12d5\u122d\u1293 \u12a2\u1293 \u12a5\u1290\u12c8\u134a\u1361\u12a5\u1295\u1270\u12be\u1290 \u130d\u1295 \u1265\u1218\u1295\u1308\u12f2 \u12a5\u12da \u1218\u122d\u1260\u1265 \u1213\u1260\u122c\u1273 \u12dd\u12c8\u1203\u1265 \u1213\u1260\u122c\u1273 \u1245\u1291\u12d5\u1361\u121d\u1209\u12a5 \u12c8\u12ed \u12dd\u1270\u1213\u12f0\u1235 \u121d\u12c3\u1291 \u12c8\u12ed \u1295\u12d8\u12ed\u121d\u12c3\u1291 \u1213\u120b\u134d\u1290\u1275\u1361\u12d5\u12f3 \u12c8\u12ed \u12cd\u1215\u1235\u1290\u1275 \u12a8\u121d\u12d8\u12ed\u1295\u12c8\u1235\u12f5 \u12ad\u1275\u130d\u1295\u12d8\u1261 \u1295\u12f0\u120a\u1362 \u12a3\u1265\u12db \u1218\u122d\u1260\u1265 \u1213\u1260\u122c\u1273 \u12d8\u120e \u1213\u1260\u122c\u1273 \u12a3\u1265 \u12dd\u12be\u1290 \u130d\u12dc\u1295 [&hellip;]\" \/>\n<meta property=\"og:url\" content=\"https:\/\/mvb.zh.ch\/ti\/impressum\/\" \/>\n<meta property=\"og:site_name\" content=\"\u1293\u12ed \u12a3\u12cd\u122b\u1303 \u12d9\u122a\u12ad \u1218\u134d\u1228 \u12d8\u12ed\u1275\u1295 \u130b\u12dd\u1295 \u1262\u122b\u1295\" \/>\n<meta property=\"article:modified_time\" content=\"2023-03-06T09:06:36+00:00\" \/>\n<meta name=\"twitter:card\" content=\"summary_large_image\" \/>\n<meta name=\"twitter:label1\" content=\"Est. reading time\" \/>\n\t<meta name=\"twitter:data1\" content=\"1 minute\" \/>\n<script type=\"application\/ld+json\" class=\"yoast-schema-graph\">{\"@context\":\"https:\/\/schema.org\",\"@graph\":[{\"@type\":\"WebPage\",\"@id\":\"https:\/\/mvb.zh.ch\/ti\/impressum\/\",\"url\":\"https:\/\/mvb.zh.ch\/ti\/impressum\/\",\"name\":\"Impressum - \u1293\u12ed \u12a3\u12cd\u122b\u1303 \u12d9\u122a\u12ad \u1218\u134d\u1228 \u12d8\u12ed\u1275\u1295 \u130b\u12dd\u1295 \u1262\u122b\u1295\",\"isPartOf\":{\"@id\":\"https:\/\/mvb.zh.ch\/ti\/#website\"},\"datePublished\":\"2022-10-27T13:13:40+00:00\",\"dateModified\":\"2023-03-06T09:06:36+00:00\",\"breadcrumb\":{\"@id\":\"https:\/\/mvb.zh.ch\/ti\/impressum\/#breadcrumb\"},\"inLanguage\":\"tir-ET\",\"potentialAction\":[{\"@type\":\"ReadAction\",\"target\":[\"https:\/\/mvb.zh.ch\/ti\/impressum\/\"]}]},{\"@type\":\"BreadcrumbList\",\"@id\":\"https:\/\/mvb.zh.ch\/ti\/impressum\/#breadcrumb\",\"itemListElement\":[{\"@type\":\"ListItem\",\"position\":1,\"name\":\"Startseite\",\"item\":\"https:\/\/mvb.zh.ch\/ti\/\"},{\"@type\":\"ListItem\",\"position\":2,\"name\":\"Impressum\"}]},{\"@type\":\"WebSite\",\"@id\":\"https:\/\/mvb.zh.ch\/ti\/#website\",\"url\":\"https:\/\/mvb.zh.ch\/ti\/\",\"name\":\"\u1293\u12ed \u12a3\u12cd\u122b\u1303 \u12d9\u122a\u12ad \u1218\u134d\u1228 \u12d8\u12ed\u1275\u1295 \u130b\u12dd\u1295 \u1262\u122b\u1295\",\"description\":\"\",\"publisher\":{\"@id\":\"https:\/\/mvb.zh.ch\/ti\/#organization\"},\"inLanguage\":\"tir-ET\"}]}<\/script>\n<!-- \/ Yoast SEO plugin. -->","yoast_head_json":{"title":"Impressum - \u1293\u12ed \u12a3\u12cd\u122b\u1303 \u12d9\u122a\u12ad \u1218\u134d\u1228 \u12d8\u12ed\u1275\u1295 \u130b\u12dd\u1295 \u1262\u122b\u1295","robots":{"index":"index","follow":"follow","max-snippet":"max-snippet:-1","max-image-preview":"max-image-preview:large","max-video-preview":"max-video-preview:-1"},"canonical":"https:\/\/mvb.zh.ch\/ti\/impressum\/","og_locale":"en_US","og_type":"article","og_title":"Impressum - \u1293\u12ed \u12a3\u12cd\u122b\u1303 \u12d9\u122a\u12ad \u1218\u134d\u1228 \u12d8\u12ed\u1275\u1295 \u130b\u12dd\u1295 \u1262\u122b\u1295","og_description":"MIND. Agentur f\u00fcr Strate\u00adgie, Design, Code und Content \u12a9\u1209 \u133d\u1211\u134b\u1275\u1295 \u1218\u122b\u12b8\u1262 \u1218\u1235\u1218\u122b\u1275\u1295 \u1265\u1325\u1295\u1243\u1250 \u12dd\u1270\u1348\u1270\u1238\u1295 \u1265\u1250\u133b\u120a \u12dd\u1215\u12f0\u1235\u1295 \u12a5\u12e9\u1362 \u12a3\u1265\u12db \u1218\u122d\u1260\u1265 \u1213\u1260\u122c\u1273 \u1245\u1291\u12d5\u1295 \u121d\u1209\u12a5\u1295 \u1213\u1260\u122c\u1273 \u12ad\u1295\u1205\u1265 \u121d\u1209\u12a5 \u133b\u12d5\u122d\u1293 \u12a2\u1293 \u12a5\u1290\u12c8\u134a\u1361\u12a5\u1295\u1270\u12be\u1290 \u130d\u1295 \u1265\u1218\u1295\u1308\u12f2 \u12a5\u12da \u1218\u122d\u1260\u1265 \u1213\u1260\u122c\u1273 \u12dd\u12c8\u1203\u1265 \u1213\u1260\u122c\u1273 \u1245\u1291\u12d5\u1361\u121d\u1209\u12a5 \u12c8\u12ed \u12dd\u1270\u1213\u12f0\u1235 \u121d\u12c3\u1291 \u12c8\u12ed \u1295\u12d8\u12ed\u121d\u12c3\u1291 \u1213\u120b\u134d\u1290\u1275\u1361\u12d5\u12f3 \u12c8\u12ed \u12cd\u1215\u1235\u1290\u1275 \u12a8\u121d\u12d8\u12ed\u1295\u12c8\u1235\u12f5 \u12ad\u1275\u130d\u1295\u12d8\u1261 \u1295\u12f0\u120a\u1362 \u12a3\u1265\u12db \u1218\u122d\u1260\u1265 \u1213\u1260\u122c\u1273 \u12d8\u120e \u1213\u1260\u122c\u1273 \u12a3\u1265 \u12dd\u12be\u1290 \u130d\u12dc\u1295 [&hellip;]","og_url":"https:\/\/mvb.zh.ch\/ti\/impressum\/","og_site_name":"\u1293\u12ed \u12a3\u12cd\u122b\u1303 \u12d9\u122a\u12ad \u1218\u134d\u1228 \u12d8\u12ed\u1275\u1295 \u130b\u12dd\u1295 \u1262\u122b\u1295","article_modified_time":"2023-03-06T09:06:36+00:00","twitter_card":"summary_large_image","twitter_misc":{"Est. reading time":"1 minute"},"schema":{"@context":"https:\/\/schema.org","@graph":[{"@type":"WebPage","@id":"https:\/\/mvb.zh.ch\/ti\/impressum\/","url":"https:\/\/mvb.zh.ch\/ti\/impressum\/","name":"Impressum - \u1293\u12ed \u12a3\u12cd\u122b\u1303 \u12d9\u122a\u12ad \u1218\u134d\u1228 \u12d8\u12ed\u1275\u1295 \u130b\u12dd\u1295 \u1262\u122b\u1295","isPartOf":{"@id":"https:\/\/mvb.zh.ch\/ti\/#website"},"datePublished":"2022-10-27T13:13:40+00:00","dateModified":"2023-03-06T09:06:36+00:00","breadcrumb":{"@id":"https:\/\/mvb.zh.ch\/ti\/impressum\/#breadcrumb"},"inLanguage":"tir-ET","potentialAction":[{"@type":"ReadAction","target":["https:\/\/mvb.zh.ch\/ti\/impressum\/"]}]},{"@type":"BreadcrumbList","@id":"https:\/\/mvb.zh.ch\/ti\/impressum\/#breadcrumb","itemListElement":[{"@type":"ListItem","position":1,"name":"Startseite","item":"https:\/\/mvb.zh.ch\/ti\/"},{"@type":"ListItem","position":2,"name":"Impressum"}]},{"@type":"WebSite","@id":"https:\/\/mvb.zh.ch\/ti\/#website","url":"https:\/\/mvb.zh.ch\/ti\/","name":"\u1293\u12ed \u12a3\u12cd\u122b\u1303 \u12d9\u122a\u12ad \u1218\u134d\u1228 \u12d8\u12ed\u1275\u1295 \u130b\u12dd\u1295 \u1262\u122b\u1295","description":"","publisher":{"@id":"https:\/\/mvb.zh.ch\/ti\/#organization"},"inLanguage":"tir-ET"}]}},"_links":{"self":[{"href":"https:\/\/mvb.zh.ch\/ti\/wp-json\/wp\/v2\/pages\/59"}],"collection":[{"href":"https:\/\/mvb.zh.ch\/ti\/wp-json\/wp\/v2\/pages"}],"about":[{"href":"https:\/\/mvb.zh.ch\/ti\/wp-json\/wp\/v2\/types\/page"}],"author":[{"embeddable":true,"href":"https:\/\/mvb.zh.ch\/ti\/wp-json\/wp\/v2\/users\/1"}],"replies":[{"embeddable":true,"href":"https:\/\/mvb.zh.ch\/ti\/wp-json\/wp\/v2\/comments?post=59"}],"version-history":[{"count":5,"href":"https:\/\/mvb.zh.ch\/ti\/wp-json\/wp\/v2\/pages\/59\/revisions"}],"predecessor-version":[{"id":820,"href":"https:\/\/mvb.zh.ch\/ti\/wp-json\/wp\/v2\/pages\/59\/revisions\/820"}],"wp:attachment":[{"href":"https:\/\/mvb.zh.ch\/ti\/wp-json\/wp\/v2\/media?parent=59"}],"curies":[{"name":"wp","href":"https:\/\/api.w.org\/{rel}","templated":true}]}}