{"id":83,"date":"2022-10-27T16:32:11","date_gmt":"2022-10-27T14:32:11","guid":{"rendered":"urn:uuid:28880692-f289-467a-a5a6-60eb008dae66"},"modified":"2023-09-13T16:03:16","modified_gmt":"2023-09-13T14:03:16","slug":"erziehung","status":"publish","type":"page","link":"https:\/\/mvb.zh.ch\/sq\/beratungsangebot\/erziehung\/","title":{"rendered":"Erziehung"},"content":{"rendered":"\t\n\t\n    <div\n        class=\"wp-block-mind-image alignfull\"\n        \n\t        >\n\t    \t\t    <picture\n\t\t\t\tclass=\"isLandscape\"\n\t\t\t>\t\t\t\t\t<source type=\"image\/webp\" srcset=\"https:\/\/mvb.zh.ch\/sq\/wp-content\/uploads\/sites\/2\/2023\/01\/mvb_header_erziehung_2340x1080-370x0-c-default.webp 370w, https:\/\/mvb.zh.ch\/sq\/wp-content\/uploads\/sites\/2\/2023\/01\/mvb_header_erziehung_2340x1080-560x0-c-default.webp 560w, https:\/\/mvb.zh.ch\/sq\/wp-content\/uploads\/sites\/2\/2023\/01\/mvb_header_erziehung_2340x1080-768x0-c-default.webp 768w, https:\/\/mvb.zh.ch\/sq\/wp-content\/uploads\/sites\/2\/2023\/01\/mvb_header_erziehung_2340x1080-1160x0-c-default.webp 1160w, https:\/\/mvb.zh.ch\/sq\/wp-content\/uploads\/sites\/2\/2023\/01\/mvb_header_erziehung_2340x1080-1920x0-c-default.webp 1920w, https:\/\/mvb.zh.ch\/sq\/wp-content\/uploads\/sites\/2\/2023\/01\/mvb_header_erziehung_2340x1080-2340x0-c-default.webp 2340w\" sizes=\"100vw\">\n<source type=\"image\/jpeg\" srcset=\"https:\/\/mvb.zh.ch\/sq\/wp-content\/uploads\/sites\/2\/2023\/01\/mvb_header_erziehung_2340x1080-370x0-c-default.jpg 370w, https:\/\/mvb.zh.ch\/sq\/wp-content\/uploads\/sites\/2\/2023\/01\/mvb_header_erziehung_2340x1080-560x0-c-default.jpg 560w, https:\/\/mvb.zh.ch\/sq\/wp-content\/uploads\/sites\/2\/2023\/01\/mvb_header_erziehung_2340x1080-768x0-c-default.jpg 768w, https:\/\/mvb.zh.ch\/sq\/wp-content\/uploads\/sites\/2\/2023\/01\/mvb_header_erziehung_2340x1080-1160x0-c-default.jpg 1160w, https:\/\/mvb.zh.ch\/sq\/wp-content\/uploads\/sites\/2\/2023\/01\/mvb_header_erziehung_2340x1080-1920x0-c-default.jpg 1920w, https:\/\/mvb.zh.ch\/sq\/wp-content\/uploads\/sites\/2\/2023\/01\/mvb_header_erziehung_2340x1080-2340x0-c-default.jpg 2340w\" sizes=\"100vw\">\n<img src=\"https:\/\/mvb.zh.ch\/sq\/wp-content\/uploads\/sites\/2\/2023\/01\/mvb_header_erziehung_2340x1080-2340x0-c-default.jpg\" width=\"2340\" height=\"1080\" alt=\"Figura tregon nj\u00eb v\u00eblla e mot\u00ebr, nj\u00eb djal\u00eb t\u00eb rritur dhe nj\u00eb vajz\u00eb t\u00eb vog\u00ebl. Ata po zien p\u00ebr nj\u00eb skuter.\" loading=\"lazy\">\n\t\t\t<\/picture>\n\t        <\/div>\n\n\n<header\n\tclass=\"wp-block-mind-post-title autospace\"\n\t\n>\n\t\n\t\n<h1\n    class=\"heading-1\"\n    id=\"main-title\"\n><\/h1>\n\n<\/header>\n\n\n\n<p class=\"is-style-lead-ajb\">\u00c7\u00ebsht\u00adjet e prind\u00ebrve lidhur me edukimin jan\u00eb t\u00eb ndryshme dhe jan\u00eb pjes\u00eb e jet\u00ebs s\u00eb p\u00ebrdit\u00adshme famil\u00adjare, xhelozia dhe sfidimi, argu\u00admen\u00adtimi dhe vendosja e kufijve, dhe shum\u00eb t\u00eb tjera. Ne ju ndih\u00admo\u00adjm\u00eb t\u00eb kuptoni m\u00eb mir\u00eb sjell\u00adjen e f\u00ebmij\u00ebs suaj dhe t\u00eb gjeni zgjid\u00adhje t\u00eb p\u00ebrsh\u00adtat\u00adshme.<\/p>\n\n\n\n            <h2\n            class=\"wp-block-mind-heading wp-block-mind-heading-isLevel2 wp-block-mind-heading-isDisplayLevel3 heading-3\"\n            id=\"xhelozia-ndaj-foshnjes\"\n        ><span>Xhelozia ndaj fosh\u00adn\u00adj\u00ebs<\/span><\/h2>\n    \n\n\n<p class=\"is-style-lead\">F\u00ebmija m\u00eb i madh mund t\u00eb jet\u00eb xheloz p\u00ebr fosh\u00adn\u00adj\u00ebn e porsalin\u00addur. Kjo \u00ebsht\u00eb krejt\u00eb\u00adsisht normale. Paprit\u00admas, nuk \u00ebsht\u00eb m\u00eb vet\u00ebm dhe duhet t\u00eb ndaj\u00eb v\u00ebmend\u00adjen tuaj me fosh\u00adn\u00adj\u00ebn. \u00cbsht\u00eb e r\u00ebnd\u00eb\u00adsishme q\u00eb ju si prind, ta merrni seri\u00adozisht pasig\u00adur\u00adin\u00eb e f\u00ebmij\u00ebs suaj m\u00eb t\u00eb madh dhe ta p\u00ebrgatitni at\u00eb p\u00ebr fosh\u00adn\u00adj\u00ebn q\u00eb p\u00ebrpara lindjes. P\u00ebr shem\u00adbull, mund t\u00eb luani me nj\u00eb kukull q\u00eb qan dhe d\u00ebsh\u00adi\u00adron t\u00eb ngush\u00ebl\u00adlo\u00adhet. Vazh\u00addoni t\u00eb plan\u00adi\u00adfikoni aktivitetet vet\u00ebm me f\u00ebmij\u00ebn m\u00eb t\u00eb madh. Ja se si mund t\u00eb ndih\u00admoni me p\u00ebrbal\u00adlimin e duhur t\u00eb xhelozis\u00eb s\u00eb tyre.<\/p>\n\n\n\n\n\n\t<div\n\t    class=\"wp-block-mind-button is-style-text\"\n\t    \n\t>\n\t    \t        <a\n\t            class=\"button-theme [ button-primary-bg ] has-icon\"\n\t            href=\"https:\/\/www.fuerslebengut.ch\/eifersuechtig-auf-das-neue-geschwisterchen\/\"\n\t            \t        >\t<svg viewBox=\"0 0 29 49\" fill=\"none\" xmlns=\"http:\/\/www.w3.org\/2000\/svg\"  class=\"button-icon [ readmore-icon ]\" focusable=\"false\" aria-hidden=\"true\" role=\"img\">\n<path d=\"M3.50218 48.0013C2.60365 48.0013 1.71533 47.6713 1.03122 47.0013C-0.337 45.6613 -0.337 43.4913 1.03122 42.1513L19.5532 24.0013L1.02101 5.85125C-0.337 4.51125 -0.337 2.34125 1.02101 1.00125C2.37902 -0.338747 4.60493 -0.328747 5.97315 1.00125L26.9763 21.5813C28.3446 22.9213 28.3446 25.0913 26.9763 26.4313L5.97315 47.0013C5.28904 47.6713 4.3905 48.0013 3.50218 48.0013V48.0013Z\" fill=\"black\"\/>\n<\/svg>\n\n\n\t        <span\n\t        class=\"button-text\"\n        >M\u00eb shum\u00eb infor\u00adma\u00adcion n\u00eb gjer\u00adman\u00adisht<\/span>\n\t\n    \n<\/a>\n\t    \t<\/div>\n\n\n            <h2\n            class=\"wp-block-mind-heading wp-block-mind-heading-isLevel2 wp-block-mind-heading-isDisplayLevel3 heading-3\"\n            id=\"periudha-e-sfidimit\"\n        ><span>Peri\u00adudha e sfidimit<\/span><\/h2>\n    \n\n\n<p class=\"is-style-lead\">Midis mosh\u00ebs 18&nbsp;\u2013 24 muajsh, f\u00ebmij\u00ebt fillo\u00adjn\u00eb t\u00eb b\u00ebhen t\u00eb pavarur dhe n\u00eb m\u00ebnyr\u00eb t\u00eb p\u00ebrs\u00ebritur p\u00ebrplasen me kufiz\u00adime. K\u00ebto kufiz\u00adime mund t\u00eb jen\u00eb rreg\u00adul\u00adlat dhe ndalimet e prind\u00ebrve ose kufijt\u00eb e tyre. Frustrimi i f\u00ebmij\u00ebs suaj shpre\u00adhet me mosbesim. Ju nuk mund t\u00eb paran\u00addaloni sfidimin. Por mund t\u00eb m\u00ebsoni ta kuptoni m\u00eb mir\u00eb dhe ta p\u00ebrbal\u00adloni sfidimin. Ne do t\u2019ju ndih\u00admo\u00adjm\u00eb ta b\u00ebni k\u00ebt\u00eb.<\/p>\n\n\n\n\n\n\t<div\n\t    class=\"wp-block-mind-button is-style-text\"\n\t    \n\t>\n\t    \t        <a\n\t            class=\"button-theme [ button-primary-bg ] has-icon\"\n\t            href=\"https:\/\/www.fuerslebengut.ch\/trotzen-und-selbststaendig-werden\/\"\n\t            \t        >\t<svg viewBox=\"0 0 29 49\" fill=\"none\" xmlns=\"http:\/\/www.w3.org\/2000\/svg\"  class=\"button-icon [ readmore-icon ]\" focusable=\"false\" aria-hidden=\"true\" role=\"img\">\n<path d=\"M3.50218 48.0013C2.60365 48.0013 1.71533 47.6713 1.03122 47.0013C-0.337 45.6613 -0.337 43.4913 1.03122 42.1513L19.5532 24.0013L1.02101 5.85125C-0.337 4.51125 -0.337 2.34125 1.02101 1.00125C2.37902 -0.338747 4.60493 -0.328747 5.97315 1.00125L26.9763 21.5813C28.3446 22.9213 28.3446 25.0913 26.9763 26.4313L5.97315 47.0013C5.28904 47.6713 4.3905 48.0013 3.50218 48.0013V48.0013Z\" fill=\"black\"\/>\n<\/svg>\n\n\n\t        <span\n\t        class=\"button-text\"\n        >M\u00eb shum\u00eb infor\u00adma\u00adcion n\u00eb gjer\u00adman\u00adisht<\/span>\n\t\n    \n<\/a>\n\t    \t<\/div>\n\n\n            <h2\n            class=\"wp-block-mind-heading wp-block-mind-heading-isLevel2 wp-block-mind-heading-isDisplayLevel3 heading-3\"\n            id=\"grindja-mes-motrave-e-vellezerve\"\n        ><span>Grindja mes motrave e v\u00ebllez\u00ebrve<\/span><\/h2>\n    \n\n\n<p class=\"is-style-lead\">F\u00ebmij\u00ebt duan t\u00eb siguro\u00adjn\u00eb pozi\u00adcionin dhe r\u00ebnd\u00ebs\u00adin\u00eb e tyre n\u00eb familje. Rivaliteti dhe konflikti midis v\u00ebllez\u00ebrve e motrave \u00ebsht\u00eb pra normale. Nuk ka zgjid\u00adhje t\u00eb p\u00ebrgjithshme se si ju, si prind, duhet t\u00eb reagoni ndaj grind\u00adjeve, xhelozis\u00eb dhe ndjen\u00adjave t\u00eb tjera nega\u00adtive midis v\u00ebllez\u00ebrve dhe motrave. Shpesh ndihmon t\u00eb q\u00ebndroni t\u00eb qet\u00eb dhe t\u00eb v\u00ebzh\u00adgoni s\u00eb pari n\u00eb vend q\u00eb t\u00eb nd\u00ebrhyni menj\u00ebher\u00eb.<\/p>\n\n\n\n\n\n\t<div\n\t    class=\"wp-block-mind-button is-style-text\"\n\t    \n\t>\n\t    \t        <a\n\t            class=\"button-theme [ button-primary-bg ] has-icon\"\n\t            href=\"https:\/\/www.fuerslebengut.ch\/streit-und-rivalitaet-unter-geschwistern\/\"\n\t            \t        >\t<svg viewBox=\"0 0 29 49\" fill=\"none\" xmlns=\"http:\/\/www.w3.org\/2000\/svg\"  class=\"button-icon [ readmore-icon ]\" focusable=\"false\" aria-hidden=\"true\" role=\"img\">\n<path d=\"M3.50218 48.0013C2.60365 48.0013 1.71533 47.6713 1.03122 47.0013C-0.337 45.6613 -0.337 43.4913 1.03122 42.1513L19.5532 24.0013L1.02101 5.85125C-0.337 4.51125 -0.337 2.34125 1.02101 1.00125C2.37902 -0.338747 4.60493 -0.328747 5.97315 1.00125L26.9763 21.5813C28.3446 22.9213 28.3446 25.0913 26.9763 26.4313L5.97315 47.0013C5.28904 47.6713 4.3905 48.0013 3.50218 48.0013V48.0013Z\" fill=\"black\"\/>\n<\/svg>\n\n\n\t        <span\n\t        class=\"button-text\"\n        >M\u00eb shum\u00eb infor\u00adma\u00adcion n\u00eb gjer\u00adman\u00adisht<\/span>\n\t\n    \n<\/a>\n\t    \t<\/div>\n\n\n    <div\n        class=\"wp-block-mind-background has-spacing-top-lg alignfull has-background has-gruen-papier-background-color content autospace isChildBlockContainer\"\n        \n    >\n\t    \t\t\t\n<div\n    class=\"wp-block-mind-grid hasInnerPadding\"\n    \n>\n\t<div class=\"wp-block-mind-grid-wrapper\" id=\"wp-block-mind-grid-wrapper-5\">\n        \n    <div\n\t    class=\"wp-block-mind-grid-item alignwide isGridColumnSpan-3 isGridColumnSpanMedium-4 isAlignSelf-center\"\n\t    style=\"\"\n\t    \n    >\n        <div class=\"wp-block-mind-grid-item-blocks innerContent autospace isChildBlockContainer\">\n            \n<div\n\tclass=\"wp-block-theme-animation content\"\n\t\n>\n\t<lottie-player\n\t  autoplay\n\t  loop\n\t  mode=\"normal\"\n\t  src=\"https:\/\/mvb.zh.ch\/sq\/wp-content\/uploads\/sites\/2\/2022\/11\/icon-fragen-mvb.json\"\n\t  speed=\"1.00\"\n\t>\n\t<\/lottie-player>\n<\/div>\n\n\n        <\/div>\n    <\/div>\n\n\n    <div\n\t    class=\"wp-block-mind-grid-item alignwide isGridColumnSpan-9 isGridColumnSpanMedium-8 isGridColumnStart-4 isGridColumnStartMedium-5 isAlignSelf-center\"\n\t    style=\"\"\n\t    \n    >\n        <div class=\"wp-block-mind-grid-item-blocks innerContent autospace isChildBlockContainer\">\n            \n            <h2\n            class=\"wp-block-mind-heading wp-block-mind-heading-isLevel2 wp-block-mind-heading-isDisplayLevelDefault heading-2\"\n            id=\"a-keni-pyetje-ne-lidhje-me-edukimin-ne-ju-keshillojme-me-kenaqesi-ne-gjuhen-tuaj\"\n        ><span>A keni pyetje n\u00eb lidhje me edukimin? Ne ju k\u00ebshillo\u00adjm\u00eb me k\u00ebnaq\u00ebsi n\u00eb gjuh\u00ebn tuaj!<\/span><\/h2>\n    \n\n\n\n\t<div\n\t    class=\"wp-block-mind-button is-style-primary\"\n\t    \n\t>\n\t    \t        <a\n\t            class=\"button-theme [ button-primary-bg ] has-icon\"\n\t            href=\"https:\/\/mvb.zh.ch\/sq\/kontakt\/\"\n\t            \t        >\t<svg data-name=\"Ebene 1\" xmlns=\"http:\/\/www.w3.org\/2000\/svg\" viewBox=\"0 0 49.378 33.401\"  class=\"button-icon [ readmore-icon ]\" focusable=\"false\" aria-hidden=\"true\" role=\"img\">\n  <path d=\"M260.5,232.906l14.654,16.271-.037.041-14.627,17.089-3.51-2.655,10.654-11.894H225.772v-4.621H267.64l-10.669-11.1Z\" transform=\"translate(-225.772 -232.906)\" fill=\"#fff\"\/>\n<\/svg>\n\n\n\t        <span\n\t        class=\"button-text\"\n        >Na kontak\u00adtoni<\/span>\n\t\n    \n<\/a>\n\t    \t<\/div>\n\n\n        <\/div>\n    <\/div>\n\n\n\t<\/div>\n\n\t        <style type=\"text\/css\">\n#wp-block-mind-grid-wrapper-5 { -ms-grid-rows: repeat(2, auto); }\n#wp-block-mind-grid-wrapper-5 > *:nth-child(1) { -ms-grid-row: 1; -ms-grid-row-span: 1; }\n#wp-block-mind-grid-wrapper-5 > *:nth-child(2) { -ms-grid-row: 2; -ms-grid-row-span: 1; }\n<\/style>\n\n\t<\/div>\n\n\n\n\t        <\/div>\n\n\n<div\n    class=\"wp-block-mind-image-text\"\n    \n>\n    <div class=\"wp-block-mind-image-text-content isVerticallyCentered hasColumnWidths-narrowWide\">\n        \n<div class=\"wp-block-mind-content innerContent autospace isChildBlockContainer\">\n    \n<blockquote\n\tclass=\"wp-block-mind-quote\"\n\t\n>\n\t\t\t<p>P\u00ebrpiqem vazhdimisht me gjuh\u00ebn gjer\u00admane dhe nuk mund t\u00eb komu\u00adnikoj. K\u00ebshillimi m\u00eb ndihmon t\u00eb orga\u00adni\u00adzoj jet\u00ebn time t\u00eb p\u00ebrdit\u00adshme famil\u00adjare.<\/p>\n\n\n\t\t\t\t\t<cite class=\"wp-block-mind-quote-cite\">Arjeta T. me f\u00ebmij\u00eb 1 vje\u00e7, dhe f\u00ebmij\u00eb 4 vje\u00e7<\/cite>\n\t\t\t<\/blockquote>\n\n\n\n\n\t<div\n\t    class=\"wp-block-mind-button is-style-outline\"\n\t    \n\t>\n\t    \t        <a\n\t            class=\"button-theme [ button-primary-bg ]\"\n\t            href=\"https:\/\/mvb.zh.ch\/sq\/was-andere-eltern-sagen\/\"\n\t            \t        >\t\n\n\t        <span\n\t        class=\"button-text\"\n        >\u00c7far\u00eb thon\u00eb prind\u00ebrit e tjer\u00eb<\/span>\n\t\n    \n<\/a>\n\t    \t<\/div>\n\n\n<\/div>\n\n\n\t\n\t\n    <div\n        class=\"wp-block-mind-image mobile-small\"\n        \n\t        >\n\t    \t\t    <picture\n\t\t\t\tclass=\"isPortrait\"\n\t\t\t>\t\t\t\t\t<source type=\"image\/webp\" srcset=\"https:\/\/mvb.zh.ch\/sq\/wp-content\/uploads\/sites\/2\/2022\/12\/portrait_6_1080-e1671033814615-370x0-c-default.webp 370w, https:\/\/mvb.zh.ch\/sq\/wp-content\/uploads\/sites\/2\/2022\/12\/portrait_6_1080-e1671033814615-560x0-c-default.webp 560w, https:\/\/mvb.zh.ch\/sq\/wp-content\/uploads\/sites\/2\/2022\/12\/portrait_6_1080-e1671033814615-800x0-c-default.webp 800w, https:\/\/mvb.zh.ch\/sq\/wp-content\/uploads\/sites\/2\/2022\/12\/portrait_6_1080-e1671033814615-969x0-c-default.webp 969w\">\n<source type=\"image\/png\" srcset=\"https:\/\/mvb.zh.ch\/sq\/wp-content\/uploads\/sites\/2\/2022\/12\/portrait_6_1080-e1671033814615-370x0-c-default.png 370w, https:\/\/mvb.zh.ch\/sq\/wp-content\/uploads\/sites\/2\/2022\/12\/portrait_6_1080-e1671033814615-560x0-c-default.png 560w, https:\/\/mvb.zh.ch\/sq\/wp-content\/uploads\/sites\/2\/2022\/12\/portrait_6_1080-e1671033814615-800x0-c-default.png 800w, https:\/\/mvb.zh.ch\/sq\/wp-content\/uploads\/sites\/2\/2022\/12\/portrait_6_1080-e1671033814615-969x0-c-default.png 969w\">\n<img src=\"https:\/\/mvb.zh.ch\/sq\/wp-content\/uploads\/sites\/2\/2022\/12\/portrait_6_1080-e1671033814615-969x0-c-default.png\" width=\"969\" height=\"1079.7428571429\" alt=\"Figura tregon portretin e sip\u00ebrm t\u00eb Arjeta T, e cila duket e k\u00ebnaqur. \" loading=\"lazy\">\n\t\t\t<\/picture>\n\t        <\/div>\n\n\n    <\/div>\n<\/div>\n\n\n            <h2\n            class=\"wp-block-mind-heading has-spacing-top-lg alignwide wp-block-mind-heading-isLevel2 wp-block-mind-heading-isDisplayLevelDefault heading-2\"\n            id=\"tema-te-tjera-te-keshillimit\"\n        ><span>Tema t\u00eb tjera t\u00eb k\u00ebshillimit<\/span><\/h2>\n    \n\n","protected":false},"excerpt":{"rendered":"<p>Pse f\u00ebmija m\u00eb i madh \u00ebsht\u00eb xheloz p\u00ebr foshnj\u00ebn? \u00c7far\u00eb duhet t\u00eb b\u00ebj n\u00ebse nuk kam m\u00eb durim me f\u00ebmij\u00ebn tim sfidues?<\/p>\n","protected":false},"author":1,"featured_media":413,"parent":14,"menu_order":8,"comment_status":"closed","ping_status":"closed","template":"","meta":{"eyecatcher_title":"","eyecatcher_text":"","eyecatcher_link":"","eyecatcher_icon_position":"","eyecatcher_icon":0,"hide_post_title":false,"hide_header":false,"hide_footer":false},"acf":[],"yoast_head":"<!-- This site is optimized with the Yoast SEO plugin v19.11 - https:\/\/yoast.com\/wordpress\/plugins\/seo\/ -->\n<title>Edukimi - K\u00ebshillueset e n\u00ebnave dhe baballar\u00ebve, Kantoni i Zyrihut<\/title>\n<meta name=\"robots\" content=\"index, follow, max-snippet:-1, max-image-preview:large, max-video-preview:-1\" \/>\n<link rel=\"canonical\" href=\"https:\/\/mvb.zh.ch\/sq\/beratungsangebot\/erziehung\/\" \/>\n<meta property=\"og:locale\" content=\"sq_AL\" \/>\n<meta property=\"og:type\" content=\"article\" \/>\n<meta property=\"og:title\" content=\"Edukimi - K\u00ebshillueset e n\u00ebnave dhe baballar\u00ebve, Kantoni i Zyrihut\" \/>\n<meta property=\"og:description\" content=\"Pse f\u00ebmija m\u00eb i madh \u00ebsht\u00eb xheloz p\u00ebr foshnj\u00ebn? \u00c7far\u00eb duhet t\u00eb b\u00ebj n\u00ebse nuk kam m\u00eb durim me f\u00ebmij\u00ebn tim sfidues?\" \/>\n<meta property=\"og:url\" content=\"https:\/\/mvb.zh.ch\/sq\/beratungsangebot\/erziehung\/\" \/>\n<meta property=\"og:site_name\" content=\"K\u00ebshillueset e n\u00ebnave dhe baballar\u00ebve, Kantoni i Zyrihut\" \/>\n<meta property=\"article:modified_time\" content=\"2023-09-13T14:03:16+00:00\" \/>\n<meta property=\"og:image\" content=\"https:\/\/mvb.zh.ch\/sq\/wp-content\/uploads\/sites\/2\/2022\/12\/erziehung-1200x630-c-default.jpg\" \/>\n\t<meta property=\"og:image:width\" content=\"1200\" \/>\n\t<meta property=\"og:image:height\" content=\"630\" \/>\n\t<meta property=\"og:image:type\" content=\"image\/jpeg\" \/>\n<meta name=\"twitter:card\" content=\"summary_large_image\" \/>\n<meta name=\"twitter:label1\" content=\"Est. reading time\" \/>\n\t<meta name=\"twitter:data1\" content=\"2 minuta\" \/>\n<script type=\"application\/ld+json\" class=\"yoast-schema-graph\">{\"@context\":\"https:\/\/schema.org\",\"@graph\":[{\"@type\":\"WebPage\",\"@id\":\"https:\/\/mvb.zh.ch\/sq\/beratungsangebot\/erziehung\/\",\"url\":\"https:\/\/mvb.zh.ch\/sq\/beratungsangebot\/erziehung\/\",\"name\":\"Edukimi - K\u00ebshillueset e n\u00ebnave dhe baballar\u00ebve, Kantoni i Zyrihut\",\"isPartOf\":{\"@id\":\"https:\/\/mvb.zh.ch\/sq\/#website\"},\"datePublished\":\"2022-10-27T14:32:11+00:00\",\"dateModified\":\"2023-09-13T14:03:16+00:00\",\"breadcrumb\":{\"@id\":\"https:\/\/mvb.zh.ch\/sq\/beratungsangebot\/erziehung\/#breadcrumb\"},\"inLanguage\":\"sq\",\"potentialAction\":[{\"@type\":\"ReadAction\",\"target\":[\"https:\/\/mvb.zh.ch\/sq\/beratungsangebot\/erziehung\/\"]}]},{\"@type\":\"BreadcrumbList\",\"@id\":\"https:\/\/mvb.zh.ch\/sq\/beratungsangebot\/erziehung\/#breadcrumb\",\"itemListElement\":[{\"@type\":\"ListItem\",\"position\":1,\"name\":\"Startseite\",\"item\":\"https:\/\/mvb.zh.ch\/sq\/\"},{\"@type\":\"ListItem\",\"position\":2,\"name\":\"Beratungsangebot\",\"item\":\"https:\/\/mvb.zh.ch\/sq\/beratungsangebot\/\"},{\"@type\":\"ListItem\",\"position\":3,\"name\":\"Erziehung\"}]},{\"@type\":\"WebSite\",\"@id\":\"https:\/\/mvb.zh.ch\/sq\/#website\",\"url\":\"https:\/\/mvb.zh.ch\/sq\/\",\"name\":\"K\u00ebshillueset e n\u00ebnave dhe baballar\u00ebve, Kantoni i Zyrihut\",\"description\":\"\",\"publisher\":{\"@id\":\"https:\/\/mvb.zh.ch\/sq\/#organization\"},\"inLanguage\":\"sq\"}]}<\/script>\n<!-- \/ Yoast SEO plugin. -->","yoast_head_json":{"title":"Edukimi - K\u00ebshillueset e n\u00ebnave dhe baballar\u00ebve, Kantoni i Zyrihut","robots":{"index":"index","follow":"follow","max-snippet":"max-snippet:-1","max-image-preview":"max-image-preview:large","max-video-preview":"max-video-preview:-1"},"canonical":"https:\/\/mvb.zh.ch\/sq\/beratungsangebot\/erziehung\/","og_locale":"sq_AL","og_type":"article","og_title":"Edukimi - K\u00ebshillueset e n\u00ebnave dhe baballar\u00ebve, Kantoni i Zyrihut","og_description":"Pse f\u00ebmija m\u00eb i madh \u00ebsht\u00eb xheloz p\u00ebr foshnj\u00ebn? \u00c7far\u00eb duhet t\u00eb b\u00ebj n\u00ebse nuk kam m\u00eb durim me f\u00ebmij\u00ebn tim sfidues?","og_url":"https:\/\/mvb.zh.ch\/sq\/beratungsangebot\/erziehung\/","og_site_name":"K\u00ebshillueset e n\u00ebnave dhe baballar\u00ebve, Kantoni i Zyrihut","article_modified_time":"2023-09-13T14:03:16+00:00","og_image":[{"width":1200,"height":630,"url":"https:\/\/mvb.zh.ch\/sq\/wp-content\/uploads\/sites\/2\/2022\/12\/erziehung-1200x630-c-default.jpg","type":"image\/jpeg"}],"twitter_card":"summary_large_image","twitter_misc":{"Est. reading time":"2 minuta"},"schema":{"@context":"https:\/\/schema.org","@graph":[{"@type":"WebPage","@id":"https:\/\/mvb.zh.ch\/sq\/beratungsangebot\/erziehung\/","url":"https:\/\/mvb.zh.ch\/sq\/beratungsangebot\/erziehung\/","name":"Edukimi - K\u00ebshillueset e n\u00ebnave dhe baballar\u00ebve, Kantoni i Zyrihut","isPartOf":{"@id":"https:\/\/mvb.zh.ch\/sq\/#website"},"datePublished":"2022-10-27T14:32:11+00:00","dateModified":"2023-09-13T14:03:16+00:00","breadcrumb":{"@id":"https:\/\/mvb.zh.ch\/sq\/beratungsangebot\/erziehung\/#breadcrumb"},"inLanguage":"sq","potentialAction":[{"@type":"ReadAction","target":["https:\/\/mvb.zh.ch\/sq\/beratungsangebot\/erziehung\/"]}]},{"@type":"BreadcrumbList","@id":"https:\/\/mvb.zh.ch\/sq\/beratungsangebot\/erziehung\/#breadcrumb","itemListElement":[{"@type":"ListItem","position":1,"name":"Startseite","item":"https:\/\/mvb.zh.ch\/sq\/"},{"@type":"ListItem","position":2,"name":"Beratungsangebot","item":"https:\/\/mvb.zh.ch\/sq\/beratungsangebot\/"},{"@type":"ListItem","position":3,"name":"Erziehung"}]},{"@type":"WebSite","@id":"https:\/\/mvb.zh.ch\/sq\/#website","url":"https:\/\/mvb.zh.ch\/sq\/","name":"K\u00ebshillueset e n\u00ebnave dhe baballar\u00ebve, Kantoni i Zyrihut","description":"","publisher":{"@id":"https:\/\/mvb.zh.ch\/sq\/#organization"},"inLanguage":"sq"}]}},"_links":{"self":[{"href":"https:\/\/mvb.zh.ch\/sq\/wp-json\/wp\/v2\/pages\/83"}],"collection":[{"href":"https:\/\/mvb.zh.ch\/sq\/wp-json\/wp\/v2\/pages"}],"about":[{"href":"https:\/\/mvb.zh.ch\/sq\/wp-json\/wp\/v2\/types\/page"}],"author":[{"embeddable":true,"href":"https:\/\/mvb.zh.ch\/sq\/wp-json\/wp\/v2\/users\/1"}],"replies":[{"embeddable":true,"href":"https:\/\/mvb.zh.ch\/sq\/wp-json\/wp\/v2\/comments?post=83"}],"version-history":[{"count":10,"href":"https:\/\/mvb.zh.ch\/sq\/wp-json\/wp\/v2\/pages\/83\/revisions"}],"predecessor-version":[{"id":803,"href":"https:\/\/mvb.zh.ch\/sq\/wp-json\/wp\/v2\/pages\/83\/revisions\/803"}],"up":[{"embeddable":true,"href":"https:\/\/mvb.zh.ch\/sq\/wp-json\/wp\/v2\/pages\/14"}],"wp:featuredmedia":[{"embeddable":true,"href":"https:\/\/mvb.zh.ch\/sq\/wp-json\/wp\/v2\/media\/413"}],"wp:attachment":[{"href":"https:\/\/mvb.zh.ch\/sq\/wp-json\/wp\/v2\/media?parent=83"}],"curies":[{"name":"wp","href":"https:\/\/api.w.org\/{rel}","templated":true}]}}