{"id":61,"date":"2022-10-27T15:13:52","date_gmt":"2022-10-27T13:13:52","guid":{"rendered":"urn:uuid:31b23d64-d21d-4245-b9c7-3774d351d055"},"modified":"2023-03-05T23:03:16","modified_gmt":"2023-03-05T22:03:16","slug":"ueber-uns","status":"publish","type":"page","link":"https:\/\/mvb.zh.ch\/sq\/ueber-uns\/","title":{"rendered":"\u00dcber uns"},"content":{"rendered":"<header\n\tclass=\"wp-block-mind-post-title autospace\"\n\t\n>\n\t\n\t\n<h1\n    class=\"heading-1\"\n    id=\"main-title\"\n><\/h1>\n\n<\/header>\n\n\n\n<p class=\"is-style-lead-ajb\">\u00c7do familje \u00ebsht\u00eb unike dhe ka nevoja t\u00eb ndryshme. Kantoni i Zyrihut forcon dhe promovon larmin\u00eb e famil\u00adjeve, me k\u00ebshillim personal, kurse p\u00ebrkat\u00ebse dhe sh\u00ebr\u00adbime mb\u00ebshtet\u00ebse kantonale.<\/p>\n\n\n\n\n<p class=\"is-style-lead\">Qendra p\u00ebr Mir\u00ebqe\u00adnien e F\u00ebmi\u00adj\u00ebve dhe Rinis\u00eb (kjz) n\u00eb rajonin tuaj do t\u2019ju ndih\u00admoj\u00eb me \u00e7\u00ebshtje rreth jet\u00ebs s\u00eb p\u00ebrdit\u00adshme famil\u00adjare. Special\u00adist\u00ebt tan\u00eb me p\u00ebrvoj\u00eb do t\u2019ju k\u00ebshillo\u00adjn\u00eb falas, konfi\u00adden\u00adcial\u00adisht dhe person\u00adal\u00adisht. Me k\u00ebshillue\u00adset tona t\u00eb n\u00ebnave dhe babal\u00adlar\u00ebve, mund t\u00eb disku\u00adtoni tema q\u00eb jan\u00eb t\u00eb r\u00ebnd\u00eb\u00adsishme p\u00ebr ju pas lindjes s\u00eb f\u00ebmij\u00ebs suaj. Punon\u00adj\u00ebsit tan\u00eb jan\u00eb profe\u00adsion\u00adist\u00eb kujdestarie me nj\u00eb fokus n\u00eb p\u00ebrku\u00adjdesjen e f\u00ebmi\u00adj\u00ebve dhe trajnimit shtes\u00eb n\u00eb k\u00ebshillimin e n\u00ebnave dhe babal\u00adlar\u00ebve.<\/p>\n\n\n\n\t\n\t\t        \n    <div\n        class=\"wp-block-mind-image\"\n        \n\t    \t    id=\"wp-block-mind-image-75c0e6127bd65f46224dc9671257a19c\"\n\t        >\n\t    \t\t    <div class=\"wp-block-mind-image-restrictedWidthContainer\">\n\t            <img\n\t        class=\"graphic isLandscape\"\n\t        role=\"img\"\n\t         src=\"https:\/\/mvb.zh.ch\/sq\/wp-content\/uploads\/sites\/2\/2022\/10\/logo-ajb-buelach-dielsdorf.svg\" alt=\"\"\n\t    >\n\t\t    <\/div>\n\n\t\t    <style>\n\t\t\t    \t\t\t        @media (max-width: 767px) {\n\t\t                #wp-block-mind-image-75c0e6127bd65f46224dc9671257a19c > * {\n\t\t\t\t            max-width: 75%;\n\t\t\t            }\n\t\t\t        }\n\t\t\t    \n\t\t\t    \t\t\t        @media (min-width: 768px) and (max-width: 1199px) {\n\t\t                #wp-block-mind-image-75c0e6127bd65f46224dc9671257a19c > * {\n\t\t\t\t            max-width: 50%;\n\t\t\t            }\n\t\t\t\t    }\n\t\t\t    \n\t\t\t    \t\t\t\t    @media (min-width: 1200px) {\n\t\t                #wp-block-mind-image-75c0e6127bd65f46224dc9671257a19c > * {\n\t\t\t\t            max-width: 50%;\n\t\t\t            }\n\t\t\t\t    }\n\t\t\t    \t\t    <\/style>\n\t        <\/div>\n\n\n<div class=\"wp-block-mind-location-contact\">\n\t\t\t\t\t\t<address><span\n\t\t\tclass=\"contact-name\"\n\t\t>Amt f\u00fcr Jugend und Berufs\u00adber\u00adatung<\/span><br>Gesch\u00e4ftsstelle der Bezirke B\u00fclach und Dielsdorf<br>Schaffhauserstrasse 53<br>8180&nbsp;B\u00fclach<\/address>\n\n\t\t\t\t\t\t\t\t\t\t\t    \t <a\n\t\t class=\"contact-item-value\"\n\t\t href=\"mailto:ajb.buelach@ajb.zh.ch\"\n\t >ajb.buelach@ajb.zh.ch<\/a>\n\t\t\t\t\t\t\t\t\t\t\t\t\t\t    \t<a\n\tclass=\"phone contact-item-value\"\n\thref=\"tel:0041432599500\" rel=\"nofollow\"\n\taria-label=\"4 1. 4 3. 2 5 9. 9 5. 0 0\"\n>+41 43 259 95 00<\/a>\n\n\t\t\t\t\t\t\t\t\t\t\t\t\t\t\t\t\t\t\t\t\t\t\t\t<\/div>\n","protected":false},"excerpt":{"rendered":"<p>\u00c7do familje \u00ebsht\u00eb unike dhe ka nevoja t\u00eb ndryshme. Kantoni i Zyrihut forcon dhe promovon larmin\u00eb e famil\u00adjeve, me k\u00ebshillim personal, kurse p\u00ebrkat\u00ebse dhe sh\u00ebr\u00adbime mb\u00ebshtet\u00ebse kantonale. Qendra p\u00ebr Mir\u00ebqe\u00adnien e F\u00ebmi\u00adj\u00ebve dhe Rinis\u00eb (kjz) n\u00eb rajonin tuaj do t\u2019ju ndih\u00admoj\u00eb me \u00e7\u00ebshtje rreth jet\u00ebs s\u00eb p\u00ebrdit\u00adshme famil\u00adjare. Special\u00adist\u00ebt tan\u00eb me p\u00ebrvoj\u00eb do t\u2019ju k\u00ebshillo\u00adjn\u00eb [&hellip;]<\/p>\n","protected":false},"author":1,"featured_media":0,"parent":0,"menu_order":13,"comment_status":"closed","ping_status":"closed","template":"","meta":{"eyecatcher_title":"","eyecatcher_text":"","eyecatcher_link":"","eyecatcher_icon_position":"","eyecatcher_icon":0,"hide_post_title":false,"hide_header":false,"hide_footer":false},"acf":[],"yoast_head":"<!-- This site is optimized with the Yoast SEO plugin v19.11 - https:\/\/yoast.com\/wordpress\/plugins\/seo\/ -->\n<title>Rreth nesh - K\u00ebshillueset e n\u00ebnave dhe baballar\u00ebve, Kantoni i Zyrihut<\/title>\n<meta name=\"robots\" content=\"index, follow, max-snippet:-1, max-image-preview:large, max-video-preview:-1\" \/>\n<link rel=\"canonical\" href=\"https:\/\/mvb.zh.ch\/sq\/ueber-uns\/\" \/>\n<meta property=\"og:locale\" content=\"sq_AL\" \/>\n<meta property=\"og:type\" content=\"article\" \/>\n<meta property=\"og:title\" content=\"Rreth nesh - K\u00ebshillueset e n\u00ebnave dhe baballar\u00ebve, Kantoni i Zyrihut\" \/>\n<meta property=\"og:description\" content=\"\u00c7do familje \u00ebsht\u00eb unike dhe ka nevoja t\u00eb ndryshme. Kantoni i Zyrihut forcon dhe promovon larmin\u00eb e famil\u00adjeve, me k\u00ebshillim personal, kurse p\u00ebrkat\u00ebse dhe sh\u00ebr\u00adbime mb\u00ebshtet\u00ebse kantonale. Qendra p\u00ebr Mir\u00ebqe\u00adnien e F\u00ebmi\u00adj\u00ebve dhe Rinis\u00eb (kjz) n\u00eb rajonin tuaj do t\u2019ju ndih\u00admoj\u00eb me \u00e7\u00ebshtje rreth jet\u00ebs s\u00eb p\u00ebrdit\u00adshme famil\u00adjare. Special\u00adist\u00ebt tan\u00eb me p\u00ebrvoj\u00eb do t\u2019ju k\u00ebshillo\u00adjn\u00eb [&hellip;]\" \/>\n<meta property=\"og:url\" content=\"https:\/\/mvb.zh.ch\/sq\/ueber-uns\/\" \/>\n<meta property=\"og:site_name\" content=\"K\u00ebshillueset e n\u00ebnave dhe baballar\u00ebve, Kantoni i Zyrihut\" \/>\n<meta property=\"article:modified_time\" content=\"2023-03-05T22:03:16+00:00\" \/>\n<meta name=\"twitter:card\" content=\"summary_large_image\" \/>\n<meta name=\"twitter:label1\" content=\"Est. reading time\" \/>\n\t<meta name=\"twitter:data1\" content=\"1 minut\u00eb\" \/>\n<script type=\"application\/ld+json\" class=\"yoast-schema-graph\">{\"@context\":\"https:\/\/schema.org\",\"@graph\":[{\"@type\":\"WebPage\",\"@id\":\"https:\/\/mvb.zh.ch\/sq\/ueber-uns\/\",\"url\":\"https:\/\/mvb.zh.ch\/sq\/ueber-uns\/\",\"name\":\"Rreth nesh - K\u00ebshillueset e n\u00ebnave dhe baballar\u00ebve, Kantoni i Zyrihut\",\"isPartOf\":{\"@id\":\"https:\/\/mvb.zh.ch\/sq\/#website\"},\"datePublished\":\"2022-10-27T13:13:52+00:00\",\"dateModified\":\"2023-03-05T22:03:16+00:00\",\"breadcrumb\":{\"@id\":\"https:\/\/mvb.zh.ch\/sq\/ueber-uns\/#breadcrumb\"},\"inLanguage\":\"sq\",\"potentialAction\":[{\"@type\":\"ReadAction\",\"target\":[\"https:\/\/mvb.zh.ch\/sq\/ueber-uns\/\"]}]},{\"@type\":\"BreadcrumbList\",\"@id\":\"https:\/\/mvb.zh.ch\/sq\/ueber-uns\/#breadcrumb\",\"itemListElement\":[{\"@type\":\"ListItem\",\"position\":1,\"name\":\"Startseite\",\"item\":\"https:\/\/mvb.zh.ch\/sq\/\"},{\"@type\":\"ListItem\",\"position\":2,\"name\":\"\u00dcber uns\"}]},{\"@type\":\"WebSite\",\"@id\":\"https:\/\/mvb.zh.ch\/sq\/#website\",\"url\":\"https:\/\/mvb.zh.ch\/sq\/\",\"name\":\"K\u00ebshillueset e n\u00ebnave dhe baballar\u00ebve, Kantoni i Zyrihut\",\"description\":\"\",\"publisher\":{\"@id\":\"https:\/\/mvb.zh.ch\/sq\/#organization\"},\"inLanguage\":\"sq\"}]}<\/script>\n<!-- \/ Yoast SEO plugin. -->","yoast_head_json":{"title":"Rreth nesh - K\u00ebshillueset e n\u00ebnave dhe baballar\u00ebve, Kantoni i Zyrihut","robots":{"index":"index","follow":"follow","max-snippet":"max-snippet:-1","max-image-preview":"max-image-preview:large","max-video-preview":"max-video-preview:-1"},"canonical":"https:\/\/mvb.zh.ch\/sq\/ueber-uns\/","og_locale":"sq_AL","og_type":"article","og_title":"Rreth nesh - K\u00ebshillueset e n\u00ebnave dhe baballar\u00ebve, Kantoni i Zyrihut","og_description":"\u00c7do familje \u00ebsht\u00eb unike dhe ka nevoja t\u00eb ndryshme. Kantoni i Zyrihut forcon dhe promovon larmin\u00eb e famil\u00adjeve, me k\u00ebshillim personal, kurse p\u00ebrkat\u00ebse dhe sh\u00ebr\u00adbime mb\u00ebshtet\u00ebse kantonale. Qendra p\u00ebr Mir\u00ebqe\u00adnien e F\u00ebmi\u00adj\u00ebve dhe Rinis\u00eb (kjz) n\u00eb rajonin tuaj do t\u2019ju ndih\u00admoj\u00eb me \u00e7\u00ebshtje rreth jet\u00ebs s\u00eb p\u00ebrdit\u00adshme famil\u00adjare. Special\u00adist\u00ebt tan\u00eb me p\u00ebrvoj\u00eb do t\u2019ju k\u00ebshillo\u00adjn\u00eb [&hellip;]","og_url":"https:\/\/mvb.zh.ch\/sq\/ueber-uns\/","og_site_name":"K\u00ebshillueset e n\u00ebnave dhe baballar\u00ebve, Kantoni i Zyrihut","article_modified_time":"2023-03-05T22:03:16+00:00","twitter_card":"summary_large_image","twitter_misc":{"Est. reading time":"1 minut\u00eb"},"schema":{"@context":"https:\/\/schema.org","@graph":[{"@type":"WebPage","@id":"https:\/\/mvb.zh.ch\/sq\/ueber-uns\/","url":"https:\/\/mvb.zh.ch\/sq\/ueber-uns\/","name":"Rreth nesh - K\u00ebshillueset e n\u00ebnave dhe baballar\u00ebve, Kantoni i Zyrihut","isPartOf":{"@id":"https:\/\/mvb.zh.ch\/sq\/#website"},"datePublished":"2022-10-27T13:13:52+00:00","dateModified":"2023-03-05T22:03:16+00:00","breadcrumb":{"@id":"https:\/\/mvb.zh.ch\/sq\/ueber-uns\/#breadcrumb"},"inLanguage":"sq","potentialAction":[{"@type":"ReadAction","target":["https:\/\/mvb.zh.ch\/sq\/ueber-uns\/"]}]},{"@type":"BreadcrumbList","@id":"https:\/\/mvb.zh.ch\/sq\/ueber-uns\/#breadcrumb","itemListElement":[{"@type":"ListItem","position":1,"name":"Startseite","item":"https:\/\/mvb.zh.ch\/sq\/"},{"@type":"ListItem","position":2,"name":"\u00dcber uns"}]},{"@type":"WebSite","@id":"https:\/\/mvb.zh.ch\/sq\/#website","url":"https:\/\/mvb.zh.ch\/sq\/","name":"K\u00ebshillueset e n\u00ebnave dhe baballar\u00ebve, Kantoni i Zyrihut","description":"","publisher":{"@id":"https:\/\/mvb.zh.ch\/sq\/#organization"},"inLanguage":"sq"}]}},"_links":{"self":[{"href":"https:\/\/mvb.zh.ch\/sq\/wp-json\/wp\/v2\/pages\/61"}],"collection":[{"href":"https:\/\/mvb.zh.ch\/sq\/wp-json\/wp\/v2\/pages"}],"about":[{"href":"https:\/\/mvb.zh.ch\/sq\/wp-json\/wp\/v2\/types\/page"}],"author":[{"embeddable":true,"href":"https:\/\/mvb.zh.ch\/sq\/wp-json\/wp\/v2\/users\/1"}],"replies":[{"embeddable":true,"href":"https:\/\/mvb.zh.ch\/sq\/wp-json\/wp\/v2\/comments?post=61"}],"version-history":[{"count":8,"href":"https:\/\/mvb.zh.ch\/sq\/wp-json\/wp\/v2\/pages\/61\/revisions"}],"predecessor-version":[{"id":783,"href":"https:\/\/mvb.zh.ch\/sq\/wp-json\/wp\/v2\/pages\/61\/revisions\/783"}],"wp:attachment":[{"href":"https:\/\/mvb.zh.ch\/sq\/wp-json\/wp\/v2\/media?parent=61"}],"curies":[{"name":"wp","href":"https:\/\/api.w.org\/{rel}","templated":true}]}}