{"id":183,"date":"2022-11-11T11:41:42","date_gmt":"2022-11-11T10:41:42","guid":{"rendered":"urn:uuid:93369ec4-e4b7-453f-916f-d07e18e44121"},"modified":"2023-09-13T16:04:47","modified_gmt":"2023-09-13T14:04:47","slug":"schreien","status":"publish","type":"page","link":"https:\/\/mvb.zh.ch\/sq\/beratungsangebot\/schreien\/","title":{"rendered":"Schreien"},"content":{"rendered":"\t\n\t\n    <div\n        class=\"wp-block-mind-image alignfull\"\n        \n\t        >\n\t    \t\t    <picture\n\t\t\t\tclass=\"isLandscape\"\n\t\t\t>\t\t\t\t\t<source type=\"image\/webp\" srcset=\"https:\/\/mvb.zh.ch\/sq\/wp-content\/uploads\/sites\/2\/2022\/12\/mvb_header_schreibaby_2340x1080-370x0-c-default.webp 370w, https:\/\/mvb.zh.ch\/sq\/wp-content\/uploads\/sites\/2\/2022\/12\/mvb_header_schreibaby_2340x1080-560x0-c-default.webp 560w, https:\/\/mvb.zh.ch\/sq\/wp-content\/uploads\/sites\/2\/2022\/12\/mvb_header_schreibaby_2340x1080-768x0-c-default.webp 768w, https:\/\/mvb.zh.ch\/sq\/wp-content\/uploads\/sites\/2\/2022\/12\/mvb_header_schreibaby_2340x1080-1160x0-c-default.webp 1160w, https:\/\/mvb.zh.ch\/sq\/wp-content\/uploads\/sites\/2\/2022\/12\/mvb_header_schreibaby_2340x1080-1920x0-c-default.webp 1920w, https:\/\/mvb.zh.ch\/sq\/wp-content\/uploads\/sites\/2\/2022\/12\/mvb_header_schreibaby_2340x1080-2430x0-c-default.webp 2430w\" sizes=\"100vw\">\n<source type=\"image\/jpeg\" srcset=\"https:\/\/mvb.zh.ch\/sq\/wp-content\/uploads\/sites\/2\/2022\/12\/mvb_header_schreibaby_2340x1080-370x0-c-default.jpg 370w, https:\/\/mvb.zh.ch\/sq\/wp-content\/uploads\/sites\/2\/2022\/12\/mvb_header_schreibaby_2340x1080-560x0-c-default.jpg 560w, https:\/\/mvb.zh.ch\/sq\/wp-content\/uploads\/sites\/2\/2022\/12\/mvb_header_schreibaby_2340x1080-768x0-c-default.jpg 768w, https:\/\/mvb.zh.ch\/sq\/wp-content\/uploads\/sites\/2\/2022\/12\/mvb_header_schreibaby_2340x1080-1160x0-c-default.jpg 1160w, https:\/\/mvb.zh.ch\/sq\/wp-content\/uploads\/sites\/2\/2022\/12\/mvb_header_schreibaby_2340x1080-1920x0-c-default.jpg 1920w, https:\/\/mvb.zh.ch\/sq\/wp-content\/uploads\/sites\/2\/2022\/12\/mvb_header_schreibaby_2340x1080-2430x0-c-default.jpg 2430w\" sizes=\"100vw\">\n<img src=\"https:\/\/mvb.zh.ch\/sq\/wp-content\/uploads\/sites\/2\/2022\/12\/mvb_header_schreibaby_2340x1080-2430x0-c-default.jpg\" width=\"2430\" height=\"1081\" alt=\"Figura tregon n\u00ebn\u00ebn me foshnj\u00ebn n\u00eb krah\u00eb. Ajo ka nj\u00eb efekt qet\u00ebsues tek foshnja.\" loading=\"lazy\">\n\t\t\t<\/picture>\n\t        <\/div>\n\n\n<header\n\tclass=\"wp-block-mind-post-title autospace\"\n\t\n>\n\t\n\t\n<h1\n    class=\"heading-1\"\n    id=\"main-title\"\n><\/h1>\n\n<\/header>\n\n\n\n<p class=\"is-style-lead-ajb\">F\u00ebmija juaj duhet t\u00eb m\u00ebsoj\u00eb s\u00eb pari t\u00eb zhvil\u00adloj\u00eb nj\u00eb rit\u00ebm gjumi-zgjimi. Edhe tretja duhet t\u00eb stabi\u00adli\u00adzo\u00adhet s\u00eb pari. Shum\u00eb foshnja kan\u00eb nevoj\u00eb p\u00ebr mb\u00ebshtetje t\u00eb ve\u00e7ant\u00eb gjat\u00eb k\u00ebsaj peri\u00adudhe fillestare. Disa foshnja qajn\u00eb me t\u00eb madhe dhe v\u00ebshtir\u00eb se mund t\u00eb qet\u00eb\u00adso\u00adhen. Kjo mund t\u00eb jet\u00eb shum\u00eb stre\u00adsuese p\u00ebr prind\u00ebrit. N\u00eb nj\u00eb situat\u00eb t\u00eb till\u00eb, ne do t\u2019ju k\u00ebshillo\u00adjm\u00eb dhe do t\u00eb punojm\u00eb me ju p\u00ebr t\u00eb gjetur zgjid\u00adhje.<\/p>\n\n\n\n\n<p class=\"is-style-lead-ajb\">E r\u00ebnd\u00eb\u00adsishme: Mos e shkundni fosh\u00adn\u00adj\u00ebn tuaj. Shkundja \u00ebsht\u00eb e rrezik\u00adshme.<\/p>\n\n\n\n            <h3\n            class=\"wp-block-mind-heading wp-block-mind-heading-isLevel3 wp-block-mind-heading-isDisplayLevelDefault heading-3\"\n            id=\"ngushellimi\"\n        ><span>Ngush\u00ebl\u00adlimi<\/span><\/h3>\n    \n\n\n<p class=\"is-style-lead\">Foshnja juaj q\u00eb qan thjesht sinjal\u00adi\u00adzon se nuk ndihet mir\u00eb; se nuk d\u00ebsh\u00adi\u00adron t\u2019ju m\u00ebrzis\u00eb q\u00ebllim\u00adisht si prind. Kontakti fizik, tingujt e nj\u00eb z\u00ebri t\u00eb njohur ose rrahjet ritmike t\u00eb zemr\u00ebs shpesh ngush\u00ebl\u00adlo\u00adjn\u00eb. Edhe ndri\u00e7imi i zbehur ose nj\u00eb mjedis i qet\u00eb mund t\u00eb ndih\u00admo\u00adjn\u00eb n\u00eb qet\u00ebsimin e fosh\u00adn\u00adj\u00ebs suaj.<\/p>\n\n\n\n\n<p class=\"is-style-lead\">E r\u00ebnd\u00eb\u00adsishme: Mos e shkundni f\u00ebmij\u00ebn tuaj. Shkundja \u00ebsht\u00eb e rrezik\u00adshme.<\/p>\n\n\n\n\n\n\t<div\n\t    class=\"wp-block-mind-button is-style-text\"\n\t    \n\t>\n\t    \t        <a\n\t            class=\"button-theme [ button-primary-bg ] has-icon\"\n\t            href=\"https:\/\/www.fuerslebengut.ch\/mein-kind-hoert-nicht-auf-zu-schreien\/\"\n\t            \t        >\t<svg viewBox=\"0 0 29 49\" fill=\"none\" xmlns=\"http:\/\/www.w3.org\/2000\/svg\"  class=\"button-icon [ readmore-icon ]\" focusable=\"false\" aria-hidden=\"true\" role=\"img\">\n<path d=\"M3.50218 48.0013C2.60365 48.0013 1.71533 47.6713 1.03122 47.0013C-0.337 45.6613 -0.337 43.4913 1.03122 42.1513L19.5532 24.0013L1.02101 5.85125C-0.337 4.51125 -0.337 2.34125 1.02101 1.00125C2.37902 -0.338747 4.60493 -0.328747 5.97315 1.00125L26.9763 21.5813C28.3446 22.9213 28.3446 25.0913 26.9763 26.4313L5.97315 47.0013C5.28904 47.6713 4.3905 48.0013 3.50218 48.0013V48.0013Z\" fill=\"black\"\/>\n<\/svg>\n\n\n\t        <span\n\t        class=\"button-text\"\n        >M\u00eb shum\u00eb infor\u00adma\u00adcion n\u00eb gjer\u00adman\u00adisht<\/span>\n\t\n    \n<\/a>\n\t    \t<\/div>\n\n\n            <h2\n            class=\"wp-block-mind-heading wp-block-mind-heading-isLevel2 wp-block-mind-heading-isDisplayLevel3 heading-3\"\n            id=\"gjumi\"\n        ><span>Gjumi<\/span><\/h2>\n    \n\n\n<p class=\"is-style-lead\">N\u00eb jav\u00ebt e para, fazat e zgjimit dhe t\u00eb gjumit t\u00eb f\u00ebmij\u00ebs suaj shp\u00ebrn\u00adda\u00adhen n\u00eb m\u00ebnyr\u00eb t\u00eb parreg\u00adullt gjat\u00eb 24 or\u00ebve. Me kalimin e koh\u00ebs, f\u00ebmija juaj q\u00ebndron zgjuar m\u00eb shum\u00eb gjat\u00eb dit\u00ebs dhe fle m\u00eb pak n\u00eb mes. Dhe fle m\u00eb gjat\u00eb nat\u00ebn dhe q\u00ebndron zgjuar m\u00eb pak koh\u00eb n\u00eb mes. Orga\u00adni\u00adzoni aktivisht peri\u00adud\u00adhat e zgjimit gjat\u00eb gjith\u00eb dit\u00ebs me loj\u00ebra, biseda, larje etj. p\u00ebr t\u00eb mb\u00ebshte\u00adtur nj\u00eb rit\u00ebm dit\u00eb-nat\u00eb.<\/p>\n\n\n\n\n\n\t<div\n\t    class=\"wp-block-mind-button is-style-text\"\n\t    \n\t>\n\t    \t        <a\n\t            class=\"button-theme [ button-primary-bg ] has-icon\"\n\t            href=\"https:\/\/www.fuerslebengut.ch\/einschlafen-und-durchschlafen\/\"\n\t            \t        >\t<svg viewBox=\"0 0 29 49\" fill=\"none\" xmlns=\"http:\/\/www.w3.org\/2000\/svg\"  class=\"button-icon [ readmore-icon ]\" focusable=\"false\" aria-hidden=\"true\" role=\"img\">\n<path d=\"M3.50218 48.0013C2.60365 48.0013 1.71533 47.6713 1.03122 47.0013C-0.337 45.6613 -0.337 43.4913 1.03122 42.1513L19.5532 24.0013L1.02101 5.85125C-0.337 4.51125 -0.337 2.34125 1.02101 1.00125C2.37902 -0.338747 4.60493 -0.328747 5.97315 1.00125L26.9763 21.5813C28.3446 22.9213 28.3446 25.0913 26.9763 26.4313L5.97315 47.0013C5.28904 47.6713 4.3905 48.0013 3.50218 48.0013V48.0013Z\" fill=\"black\"\/>\n<\/svg>\n\n\n\t        <span\n\t        class=\"button-text\"\n        >M\u00eb shum\u00eb infor\u00adma\u00adcion n\u00eb gjer\u00adman\u00adisht<\/span>\n\t\n    \n<\/a>\n\t    \t<\/div>\n\n\n            <h2\n            class=\"wp-block-mind-heading wp-block-mind-heading-isLevel2 wp-block-mind-heading-isDisplayLevel3 heading-3\"\n            id=\"rraskapitja\"\n        ><span>Rraskapitja<\/span><\/h2>\n    \n\n\n<p class=\"is-style-lead\">Kur foshnja nuk pushon s\u00eb qari, mund t\u00eb jet\u00eb shum\u00eb e v\u00ebshtir\u00eb p\u00ebr prind\u00ebrit. Qoft\u00eb edhe dhjet\u00eb minuta ngush\u00ebl\u00adlimi pa sukses mund t\u00eb jet\u00eb shum\u00eb e bezdis\u00adshme p\u00ebr prind\u00ebrit. A ju rrasp\u00adkapit apo ju zem\u00ebron qarja e vazh\u00addueshme me t\u00eb madhe? A po arrini n\u00eb kufijt\u00eb e durimit tuaj? At\u00ebher\u00eb, k\u00ebrkoni mb\u00ebshtetje nga familja juaj ose nga profe\u00adsion\u00adist\u00ebt.<\/p>\n\n\n\n\n<p class=\"is-style-lead\">E r\u00ebnd\u00eb\u00adsishme: Mos e shkundni f\u00ebmij\u00ebn tuaj. Shkundja \u00ebsht\u00eb e rrezik\u00adshme.<\/p>\n\n\n\n\n\n\t<div\n\t    class=\"wp-block-mind-button is-style-text\"\n\t    \n\t>\n\t    \t        <a\n\t            class=\"button-theme [ button-primary-bg ] has-icon\"\n\t            href=\"https:\/\/www.fuerslebengut.ch\/mein-kind-hoert-nicht-auf-zu-schreien\/\"\n\t            \t        >\t<svg viewBox=\"0 0 29 49\" fill=\"none\" xmlns=\"http:\/\/www.w3.org\/2000\/svg\"  class=\"button-icon [ readmore-icon ]\" focusable=\"false\" aria-hidden=\"true\" role=\"img\">\n<path d=\"M3.50218 48.0013C2.60365 48.0013 1.71533 47.6713 1.03122 47.0013C-0.337 45.6613 -0.337 43.4913 1.03122 42.1513L19.5532 24.0013L1.02101 5.85125C-0.337 4.51125 -0.337 2.34125 1.02101 1.00125C2.37902 -0.338747 4.60493 -0.328747 5.97315 1.00125L26.9763 21.5813C28.3446 22.9213 28.3446 25.0913 26.9763 26.4313L5.97315 47.0013C5.28904 47.6713 4.3905 48.0013 3.50218 48.0013V48.0013Z\" fill=\"black\"\/>\n<\/svg>\n\n\n\t        <span\n\t        class=\"button-text\"\n        >M\u00eb shum\u00eb infor\u00adma\u00adcion n\u00eb gjer\u00adman\u00adisht<\/span>\n\t\n    \n<\/a>\n\t    \t<\/div>\n\n\n            <h2\n            class=\"wp-block-mind-heading wp-block-mind-heading-isLevel2 wp-block-mind-heading-isDisplayLevel3 heading-3\"\n            id=\"shkundja-eshte-e-rrezikshme\"\n        ><span>Shkundja \u00ebsht\u00eb e rrezik\u00adshme<\/span><\/h2>\n    \n\n\n<p class=\"is-style-lead\">Kur nj\u00eb f\u00ebmij\u00eb shkun\u00addet, koka l\u00ebkun\u00addet para-mbrapa. Si rezul\u00adtat, koka dhe truri mund t\u00eb l\u00ebndo\u00adhen. Kjo mund t\u00eb \u00e7oj\u00eb n\u00eb paaft\u00ebsi t\u00eb r\u00ebnda apo edhe vdekje. Edhe l\u00ebviz\u00adjet e paprit\u00adura pa mbajtur kok\u00ebn ose duke hedhur f\u00ebmij\u00ebn si nj\u00eb loj\u00eb jan\u00eb t\u00eb rrezik\u00adshme. A jeni t\u00eb d\u00ebsh\u00adp\u00ebruar dhe t\u00eb frus\u00adtruar sepse f\u00ebmija juaj qan gjith\u00admon\u00eb? Vendoseni f\u00ebmij\u00ebn tuaj diku t\u00eb sigurt, sikurse n\u00eb nj\u00eb krevat f\u00ebmi\u00adj\u00ebsh ose n\u00eb dysheme, dilni nga dhoma dhe merrni ndihm\u00eb.<\/p>\n\n\n\n\n\n\t<div\n\t    class=\"wp-block-mind-button is-style-text\"\n\t    \n\t>\n\t    \t        <a\n\t            class=\"button-theme [ button-primary-bg ] has-icon\"\n\t            href=\"https:\/\/www.fuerslebengut.ch\/mein-kind-hoert-nicht-auf-zu-schreien\/\"\n\t            \t        >\t<svg viewBox=\"0 0 29 49\" fill=\"none\" xmlns=\"http:\/\/www.w3.org\/2000\/svg\"  class=\"button-icon [ readmore-icon ]\" focusable=\"false\" aria-hidden=\"true\" role=\"img\">\n<path d=\"M3.50218 48.0013C2.60365 48.0013 1.71533 47.6713 1.03122 47.0013C-0.337 45.6613 -0.337 43.4913 1.03122 42.1513L19.5532 24.0013L1.02101 5.85125C-0.337 4.51125 -0.337 2.34125 1.02101 1.00125C2.37902 -0.338747 4.60493 -0.328747 5.97315 1.00125L26.9763 21.5813C28.3446 22.9213 28.3446 25.0913 26.9763 26.4313L5.97315 47.0013C5.28904 47.6713 4.3905 48.0013 3.50218 48.0013V48.0013Z\" fill=\"black\"\/>\n<\/svg>\n\n\n\t        <span\n\t        class=\"button-text\"\n        >M\u00eb shum\u00eb infor\u00adma\u00adcion n\u00eb gjer\u00adman\u00adisht<\/span>\n\t\n    \n<\/a>\n\t    \t<\/div>\n\n\n    <div\n        class=\"wp-block-mind-background has-spacing-top-lg alignfull has-background has-gruen-papier-background-color content autospace isChildBlockContainer\"\n        \n    >\n\t    \t\t\t\n<div\n    class=\"wp-block-mind-grid hasInnerPadding\"\n    \n>\n\t<div class=\"wp-block-mind-grid-wrapper\" id=\"wp-block-mind-grid-wrapper-5\">\n        \n    <div\n\t    class=\"wp-block-mind-grid-item alignwide isGridColumnSpan-3 isGridColumnSpanMedium-4 isAlignSelf-center\"\n\t    style=\"\"\n\t    \n    >\n        <div class=\"wp-block-mind-grid-item-blocks innerContent autospace isChildBlockContainer\">\n            \n<div\n\tclass=\"wp-block-theme-animation content\"\n\t\n>\n\t<lottie-player\n\t  autoplay\n\t  loop\n\t  mode=\"normal\"\n\t  src=\"https:\/\/mvb.zh.ch\/sq\/wp-content\/uploads\/sites\/2\/2022\/11\/icon-fragen-mvb.json\"\n\t  speed=\"1.00\"\n\t>\n\t<\/lottie-player>\n<\/div>\n\n\n        <\/div>\n    <\/div>\n\n\n    <div\n\t    class=\"wp-block-mind-grid-item alignwide isGridColumnSpan-9 isGridColumnSpanMedium-8 isGridColumnStart-4 isGridColumnStartMedium-5 isAlignSelf-center\"\n\t    style=\"\"\n\t    \n    >\n        <div class=\"wp-block-mind-grid-item-blocks innerContent autospace isChildBlockContainer\">\n            \n            <h2\n            class=\"wp-block-mind-heading wp-block-mind-heading-isLevel2 wp-block-mind-heading-isDisplayLevelDefault heading-2\"\n            id=\"a-keni-ndonje-pyetje-ne-lidhje-me-te-qaren-e-madhe-ne-ju-keshillojme-me-kenaqesi-ne-gjuhen-tuaj\"\n        ><span>A keni ndonj\u00eb pyetje n\u00eb lidhje me t\u00eb qar\u00ebn e madhe? Ne ju k\u00ebshillo\u00adjm\u00eb me k\u00ebnaq\u00ebsi n\u00eb gjuh\u00ebn tuaj!<\/span><\/h2>\n    \n\n\n\n\t<div\n\t    class=\"wp-block-mind-button is-style-primary\"\n\t    \n\t>\n\t    \t        <a\n\t            class=\"button-theme [ button-primary-bg ] has-icon\"\n\t            href=\"https:\/\/mvb.zh.ch\/sq\/kontakt\/\"\n\t            \t        >\t<svg data-name=\"Ebene 1\" xmlns=\"http:\/\/www.w3.org\/2000\/svg\" viewBox=\"0 0 49.378 33.401\"  class=\"button-icon [ readmore-icon ]\" focusable=\"false\" aria-hidden=\"true\" role=\"img\">\n  <path d=\"M260.5,232.906l14.654,16.271-.037.041-14.627,17.089-3.51-2.655,10.654-11.894H225.772v-4.621H267.64l-10.669-11.1Z\" transform=\"translate(-225.772 -232.906)\" fill=\"#fff\"\/>\n<\/svg>\n\n\n\t        <span\n\t        class=\"button-text\"\n        >Na kontak\u00adtoni<\/span>\n\t\n    \n<\/a>\n\t    \t<\/div>\n\n\n        <\/div>\n    <\/div>\n\n\n\t<\/div>\n\n\t        <style type=\"text\/css\">\n#wp-block-mind-grid-wrapper-5 { -ms-grid-rows: repeat(2, auto); }\n#wp-block-mind-grid-wrapper-5 > *:nth-child(1) { -ms-grid-row: 1; -ms-grid-row-span: 1; }\n#wp-block-mind-grid-wrapper-5 > *:nth-child(2) { -ms-grid-row: 2; -ms-grid-row-span: 1; }\n<\/style>\n\n\t<\/div>\n\n\n\n\t        <\/div>\n\n\n<div\n    class=\"wp-block-mind-image-text\"\n    \n>\n    <div class=\"wp-block-mind-image-text-content isVerticallyCentered hasColumnWidths-narrowWide\">\n        \n<div class=\"wp-block-mind-content innerContent autospace isChildBlockContainer\">\n    \n<blockquote\n\tclass=\"wp-block-mind-quote\"\n\t\n>\n\t\t\t<p>Ne nuk flem\u00eb shum\u00eb dhe jemi z\u00ebn\u00eb shum\u00eb. Me mb\u00ebshtet\u00adjen e k\u00ebshilltares s\u00eb n\u00ebnave dhe babal\u00adlar\u00ebve, tani mund ta p\u00ebrbal\u00adlo\u00adjm\u00eb m\u00eb mir\u00eb stresin si familje.<\/p>\n\n\n\t\t\t\t\t<cite class=\"wp-block-mind-quote-cite\">Diana dhe Pedro R. me foshnj\u00eb, 10 muaj<\/cite>\n\t\t\t<\/blockquote>\n\n\n\n\n\t<div\n\t    class=\"wp-block-mind-button is-style-outline\"\n\t    \n\t>\n\t    \t        <a\n\t            class=\"button-theme [ button-primary-bg ]\"\n\t            href=\"https:\/\/mvb.zh.ch\/sq\/was-andere-eltern-sagen\/\"\n\t            \t        >\t\n\n\t        <span\n\t        class=\"button-text\"\n        >\u00c7far\u00eb thon\u00eb prind\u00ebrit e tjer\u00eb<\/span>\n\t\n    \n<\/a>\n\t    \t<\/div>\n\n\n<\/div>\n\n\n\t\n\t\n    <div\n        class=\"wp-block-mind-image mobile-small\"\n        \n\t        >\n\t    \t\t    <picture\n\t\t\t\tclass=\"isPortrait\"\n\t\t\t>\t\t\t\t\t<source type=\"image\/webp\" srcset=\"https:\/\/mvb.zh.ch\/sq\/wp-content\/uploads\/sites\/2\/2022\/12\/portrait_3_1080-e1671034675714-370x0-c-default.webp 370w, https:\/\/mvb.zh.ch\/sq\/wp-content\/uploads\/sites\/2\/2022\/12\/portrait_3_1080-e1671034675714-560x0-c-default.webp 560w, https:\/\/mvb.zh.ch\/sq\/wp-content\/uploads\/sites\/2\/2022\/12\/portrait_3_1080-e1671034675714-800x0-c-default.webp 800w, https:\/\/mvb.zh.ch\/sq\/wp-content\/uploads\/sites\/2\/2022\/12\/portrait_3_1080-e1671034675714-985x0-c-default.webp 985w\">\n<source type=\"image\/png\" srcset=\"https:\/\/mvb.zh.ch\/sq\/wp-content\/uploads\/sites\/2\/2022\/12\/portrait_3_1080-e1671034675714-370x0-c-default.png 370w, https:\/\/mvb.zh.ch\/sq\/wp-content\/uploads\/sites\/2\/2022\/12\/portrait_3_1080-e1671034675714-560x0-c-default.png 560w, https:\/\/mvb.zh.ch\/sq\/wp-content\/uploads\/sites\/2\/2022\/12\/portrait_3_1080-e1671034675714-800x0-c-default.png 800w, https:\/\/mvb.zh.ch\/sq\/wp-content\/uploads\/sites\/2\/2022\/12\/portrait_3_1080-e1671034675714-985x0-c-default.png 985w\">\n<img src=\"https:\/\/mvb.zh.ch\/sq\/wp-content\/uploads\/sites\/2\/2022\/12\/portrait_3_1080-e1671034675714-985x0-c-default.png\" width=\"985\" height=\"1079.9821428571\" alt=\"Figura tregon portretin e sip\u00ebrm t\u00eb Diana dhe Petro R, nj\u00eb \u00e7ift i ri i lumtur\" loading=\"lazy\">\n\t\t\t<\/picture>\n\t        <\/div>\n\n\n    <\/div>\n<\/div>\n\n\n            <h2\n            class=\"wp-block-mind-heading has-spacing-top-lg alignwide wp-block-mind-heading-isLevel2 wp-block-mind-heading-isDisplayLevelDefault heading-2\"\n            id=\"tema-te-tjera-te-keshillimit\"\n        ><span>Tema t\u00eb tjera t\u00eb k\u00ebshillimit<\/span><\/h2>\n    \n\n","protected":false},"excerpt":{"rendered":"<p>Pse qan gjithmon\u00eb f\u00ebmija im me t\u00eb madhe? A duhet t\u2019i drejtohem mjekut? Si mund ta p\u00ebrballojm\u00eb t\u00eb qar\u00ebn e madhe ne si prind\u00ebr?<\/p>\n","protected":false},"author":1,"featured_media":533,"parent":14,"menu_order":5,"comment_status":"closed","ping_status":"closed","template":"","meta":{"eyecatcher_title":"","eyecatcher_text":"","eyecatcher_link":"","eyecatcher_icon_position":"","eyecatcher_icon":0,"hide_post_title":false,"hide_header":false,"hide_footer":false},"acf":[],"yoast_head":"<!-- This site is optimized with the Yoast SEO plugin v19.11 - https:\/\/yoast.com\/wordpress\/plugins\/seo\/ -->\n<title>Qarja me t\u00eb madhe - K\u00ebshillueset e n\u00ebnave dhe baballar\u00ebve, Kantoni i Zyrihut<\/title>\n<meta name=\"robots\" content=\"index, follow, max-snippet:-1, max-image-preview:large, max-video-preview:-1\" \/>\n<link rel=\"canonical\" href=\"https:\/\/mvb.zh.ch\/sq\/beratungsangebot\/schreien\/\" \/>\n<meta property=\"og:locale\" content=\"sq_AL\" \/>\n<meta property=\"og:type\" content=\"article\" \/>\n<meta property=\"og:title\" content=\"Qarja me t\u00eb madhe - K\u00ebshillueset e n\u00ebnave dhe baballar\u00ebve, Kantoni i Zyrihut\" \/>\n<meta property=\"og:description\" content=\"Pse qan gjithmon\u00eb f\u00ebmija im me t\u00eb madhe? A duhet t\u2019i drejtohem mjekut? Si mund ta p\u00ebrballojm\u00eb t\u00eb qar\u00ebn e madhe ne si prind\u00ebr?\" \/>\n<meta property=\"og:url\" content=\"https:\/\/mvb.zh.ch\/sq\/beratungsangebot\/schreien\/\" \/>\n<meta property=\"og:site_name\" content=\"K\u00ebshillueset e n\u00ebnave dhe baballar\u00ebve, Kantoni i Zyrihut\" \/>\n<meta property=\"article:modified_time\" content=\"2023-09-13T14:04:47+00:00\" \/>\n<meta property=\"og:image\" content=\"https:\/\/mvb.zh.ch\/sq\/wp-content\/uploads\/sites\/2\/2022\/12\/schreien-1-1200x630-c-default.jpg\" \/>\n\t<meta property=\"og:image:width\" content=\"1200\" \/>\n\t<meta property=\"og:image:height\" content=\"630\" \/>\n\t<meta property=\"og:image:type\" content=\"image\/jpeg\" \/>\n<meta name=\"twitter:card\" content=\"summary_large_image\" \/>\n<meta name=\"twitter:label1\" content=\"Est. reading time\" \/>\n\t<meta name=\"twitter:data1\" content=\"2 minuta\" \/>\n<script type=\"application\/ld+json\" class=\"yoast-schema-graph\">{\"@context\":\"https:\/\/schema.org\",\"@graph\":[{\"@type\":\"WebPage\",\"@id\":\"https:\/\/mvb.zh.ch\/sq\/beratungsangebot\/schreien\/\",\"url\":\"https:\/\/mvb.zh.ch\/sq\/beratungsangebot\/schreien\/\",\"name\":\"Qarja me t\u00eb madhe - K\u00ebshillueset e n\u00ebnave dhe baballar\u00ebve, Kantoni i Zyrihut\",\"isPartOf\":{\"@id\":\"https:\/\/mvb.zh.ch\/sq\/#website\"},\"datePublished\":\"2022-11-11T10:41:42+00:00\",\"dateModified\":\"2023-09-13T14:04:47+00:00\",\"breadcrumb\":{\"@id\":\"https:\/\/mvb.zh.ch\/sq\/beratungsangebot\/schreien\/#breadcrumb\"},\"inLanguage\":\"sq\",\"potentialAction\":[{\"@type\":\"ReadAction\",\"target\":[\"https:\/\/mvb.zh.ch\/sq\/beratungsangebot\/schreien\/\"]}]},{\"@type\":\"BreadcrumbList\",\"@id\":\"https:\/\/mvb.zh.ch\/sq\/beratungsangebot\/schreien\/#breadcrumb\",\"itemListElement\":[{\"@type\":\"ListItem\",\"position\":1,\"name\":\"Startseite\",\"item\":\"https:\/\/mvb.zh.ch\/sq\/\"},{\"@type\":\"ListItem\",\"position\":2,\"name\":\"Beratungsangebot\",\"item\":\"https:\/\/mvb.zh.ch\/sq\/beratungsangebot\/\"},{\"@type\":\"ListItem\",\"position\":3,\"name\":\"Schreien\"}]},{\"@type\":\"WebSite\",\"@id\":\"https:\/\/mvb.zh.ch\/sq\/#website\",\"url\":\"https:\/\/mvb.zh.ch\/sq\/\",\"name\":\"K\u00ebshillueset e n\u00ebnave dhe baballar\u00ebve, Kantoni i Zyrihut\",\"description\":\"\",\"publisher\":{\"@id\":\"https:\/\/mvb.zh.ch\/sq\/#organization\"},\"inLanguage\":\"sq\"}]}<\/script>\n<!-- \/ Yoast SEO plugin. -->","yoast_head_json":{"title":"Qarja me t\u00eb madhe - K\u00ebshillueset e n\u00ebnave dhe baballar\u00ebve, Kantoni i Zyrihut","robots":{"index":"index","follow":"follow","max-snippet":"max-snippet:-1","max-image-preview":"max-image-preview:large","max-video-preview":"max-video-preview:-1"},"canonical":"https:\/\/mvb.zh.ch\/sq\/beratungsangebot\/schreien\/","og_locale":"sq_AL","og_type":"article","og_title":"Qarja me t\u00eb madhe - K\u00ebshillueset e n\u00ebnave dhe baballar\u00ebve, Kantoni i Zyrihut","og_description":"Pse qan gjithmon\u00eb f\u00ebmija im me t\u00eb madhe? A duhet t\u2019i drejtohem mjekut? Si mund ta p\u00ebrballojm\u00eb t\u00eb qar\u00ebn e madhe ne si prind\u00ebr?","og_url":"https:\/\/mvb.zh.ch\/sq\/beratungsangebot\/schreien\/","og_site_name":"K\u00ebshillueset e n\u00ebnave dhe baballar\u00ebve, Kantoni i Zyrihut","article_modified_time":"2023-09-13T14:04:47+00:00","og_image":[{"width":1200,"height":630,"url":"https:\/\/mvb.zh.ch\/sq\/wp-content\/uploads\/sites\/2\/2022\/12\/schreien-1-1200x630-c-default.jpg","type":"image\/jpeg"}],"twitter_card":"summary_large_image","twitter_misc":{"Est. reading time":"2 minuta"},"schema":{"@context":"https:\/\/schema.org","@graph":[{"@type":"WebPage","@id":"https:\/\/mvb.zh.ch\/sq\/beratungsangebot\/schreien\/","url":"https:\/\/mvb.zh.ch\/sq\/beratungsangebot\/schreien\/","name":"Qarja me t\u00eb madhe - K\u00ebshillueset e n\u00ebnave dhe baballar\u00ebve, Kantoni i Zyrihut","isPartOf":{"@id":"https:\/\/mvb.zh.ch\/sq\/#website"},"datePublished":"2022-11-11T10:41:42+00:00","dateModified":"2023-09-13T14:04:47+00:00","breadcrumb":{"@id":"https:\/\/mvb.zh.ch\/sq\/beratungsangebot\/schreien\/#breadcrumb"},"inLanguage":"sq","potentialAction":[{"@type":"ReadAction","target":["https:\/\/mvb.zh.ch\/sq\/beratungsangebot\/schreien\/"]}]},{"@type":"BreadcrumbList","@id":"https:\/\/mvb.zh.ch\/sq\/beratungsangebot\/schreien\/#breadcrumb","itemListElement":[{"@type":"ListItem","position":1,"name":"Startseite","item":"https:\/\/mvb.zh.ch\/sq\/"},{"@type":"ListItem","position":2,"name":"Beratungsangebot","item":"https:\/\/mvb.zh.ch\/sq\/beratungsangebot\/"},{"@type":"ListItem","position":3,"name":"Schreien"}]},{"@type":"WebSite","@id":"https:\/\/mvb.zh.ch\/sq\/#website","url":"https:\/\/mvb.zh.ch\/sq\/","name":"K\u00ebshillueset e n\u00ebnave dhe baballar\u00ebve, Kantoni i Zyrihut","description":"","publisher":{"@id":"https:\/\/mvb.zh.ch\/sq\/#organization"},"inLanguage":"sq"}]}},"_links":{"self":[{"href":"https:\/\/mvb.zh.ch\/sq\/wp-json\/wp\/v2\/pages\/183"}],"collection":[{"href":"https:\/\/mvb.zh.ch\/sq\/wp-json\/wp\/v2\/pages"}],"about":[{"href":"https:\/\/mvb.zh.ch\/sq\/wp-json\/wp\/v2\/types\/page"}],"author":[{"embeddable":true,"href":"https:\/\/mvb.zh.ch\/sq\/wp-json\/wp\/v2\/users\/1"}],"replies":[{"embeddable":true,"href":"https:\/\/mvb.zh.ch\/sq\/wp-json\/wp\/v2\/comments?post=183"}],"version-history":[{"count":10,"href":"https:\/\/mvb.zh.ch\/sq\/wp-json\/wp\/v2\/pages\/183\/revisions"}],"predecessor-version":[{"id":806,"href":"https:\/\/mvb.zh.ch\/sq\/wp-json\/wp\/v2\/pages\/183\/revisions\/806"}],"up":[{"embeddable":true,"href":"https:\/\/mvb.zh.ch\/sq\/wp-json\/wp\/v2\/pages\/14"}],"wp:featuredmedia":[{"embeddable":true,"href":"https:\/\/mvb.zh.ch\/sq\/wp-json\/wp\/v2\/media\/533"}],"wp:attachment":[{"href":"https:\/\/mvb.zh.ch\/sq\/wp-json\/wp\/v2\/media?parent=183"}],"curies":[{"name":"wp","href":"https:\/\/api.w.org\/{rel}","templated":true}]}}