{"id":83,"date":"2022-10-27T16:32:11","date_gmt":"2022-10-27T14:32:11","guid":{"rendered":"urn:uuid:28880692-f289-467a-a5a6-60eb008dae66"},"modified":"2023-09-13T16:44:14","modified_gmt":"2023-09-13T14:44:14","slug":"erziehung","status":"publish","type":"page","link":"https:\/\/mvb.zh.ch\/pt\/beratungsangebot\/erziehung\/","title":{"rendered":"Erziehung"},"content":{"rendered":"\t\n\t\n    <div\n        class=\"wp-block-mind-image alignfull\"\n        \n\t        >\n\t    \t\t    <picture\n\t\t\t\tclass=\"isLandscape\"\n\t\t\t>\t\t\t\t\t<source type=\"image\/webp\" srcset=\"https:\/\/mvb.zh.ch\/pt\/wp-content\/uploads\/sites\/4\/2023\/01\/mvb_header_erziehung_2340x1080-370x0-c-default.webp 370w, https:\/\/mvb.zh.ch\/pt\/wp-content\/uploads\/sites\/4\/2023\/01\/mvb_header_erziehung_2340x1080-560x0-c-default.webp 560w, https:\/\/mvb.zh.ch\/pt\/wp-content\/uploads\/sites\/4\/2023\/01\/mvb_header_erziehung_2340x1080-768x0-c-default.webp 768w, https:\/\/mvb.zh.ch\/pt\/wp-content\/uploads\/sites\/4\/2023\/01\/mvb_header_erziehung_2340x1080-1160x0-c-default.webp 1160w, https:\/\/mvb.zh.ch\/pt\/wp-content\/uploads\/sites\/4\/2023\/01\/mvb_header_erziehung_2340x1080-1920x0-c-default.webp 1920w, https:\/\/mvb.zh.ch\/pt\/wp-content\/uploads\/sites\/4\/2023\/01\/mvb_header_erziehung_2340x1080-2340x0-c-default.webp 2340w\" sizes=\"100vw\">\n<source type=\"image\/jpeg\" srcset=\"https:\/\/mvb.zh.ch\/pt\/wp-content\/uploads\/sites\/4\/2023\/01\/mvb_header_erziehung_2340x1080-370x0-c-default.jpg 370w, https:\/\/mvb.zh.ch\/pt\/wp-content\/uploads\/sites\/4\/2023\/01\/mvb_header_erziehung_2340x1080-560x0-c-default.jpg 560w, https:\/\/mvb.zh.ch\/pt\/wp-content\/uploads\/sites\/4\/2023\/01\/mvb_header_erziehung_2340x1080-768x0-c-default.jpg 768w, https:\/\/mvb.zh.ch\/pt\/wp-content\/uploads\/sites\/4\/2023\/01\/mvb_header_erziehung_2340x1080-1160x0-c-default.jpg 1160w, https:\/\/mvb.zh.ch\/pt\/wp-content\/uploads\/sites\/4\/2023\/01\/mvb_header_erziehung_2340x1080-1920x0-c-default.jpg 1920w, https:\/\/mvb.zh.ch\/pt\/wp-content\/uploads\/sites\/4\/2023\/01\/mvb_header_erziehung_2340x1080-2340x0-c-default.jpg 2340w\" sizes=\"100vw\">\n<img src=\"https:\/\/mvb.zh.ch\/pt\/wp-content\/uploads\/sites\/4\/2023\/01\/mvb_header_erziehung_2340x1080-2340x0-c-default.jpg\" width=\"2340\" height=\"1080\" alt=\"A ilustra\u00e7\u00e3o mostra dois irm\u00e3os, um rapaz maior e uma rapariga mais pequena. Est\u00e3o a discutir por causa de uma trotinete.\" loading=\"lazy\">\n\t\t\t<\/picture>\n\t        <\/div>\n\n\n<header\n\tclass=\"wp-block-mind-post-title autospace\"\n\t\n>\n\t\n\t\n<h1\n    class=\"heading-1\"\n    id=\"main-title\"\n><\/h1>\n\n<\/header>\n\n\n\n<p class=\"is-style-lead-ajb\">As quest\u00f5es educa\u00adti\u00advas s\u00e3o vari\u00adadas e fazem parte da vida quotid\u00adi\u00adana famil\u00adiar: ci\u00fames e desafios, discuss\u00f5es e defini\u00e7\u00e3o de limites, e muito mais. Apoiamos-vos na melhor compreen\u00ads\u00e3o do compor\u00adta\u00admento da vossa crian\u00e7a e na procura de solu\u00e7\u00f5es adequadas.<\/p>\n\n\n\n            <h2\n            class=\"wp-block-mind-heading wp-block-mind-heading-isLevel2 wp-block-mind-heading-isDisplayLevel3 heading-3\"\n            id=\"ciumes-do-bebe\"\n        ><span>Ci\u00fames do beb\u00e9<\/span><\/h2>\n    \n\n\n<p class=\"is-style-lead\">A crian\u00e7a mais velha pode ter ci\u00fames do beb\u00e9. Isto \u00e9 normal. De repente, j\u00e1 n\u00e3o est\u00e1 sozinha e tem de partil\u00adhar a vossa aten\u00e7\u00e3o com o beb\u00e9. \u00c9 impor\u00adtante que voc\u00eas, como pais, levem a s\u00e9rio a inse\u00adgu\u00adran\u00e7a da vossa crian\u00e7a mais velha e a preparem para o beb\u00e9 antes do nasci\u00admento. Por exemplo, podem brincar com um boneco que chora e quer ser confor\u00adt\u00adado. Planeiem tamb\u00e9m ativi\u00addades apenas com a crian\u00e7a mais velha. Para que possam ajud\u00e1-la a lidar melhor com os seus ci\u00fames.<\/p>\n\n\n\n\n\n\t<div\n\t    class=\"wp-block-mind-button is-style-text\"\n\t    \n\t>\n\t    \t        <a\n\t            class=\"button-theme [ button-primary-bg ] has-icon\"\n\t            href=\"https:\/\/www.fuerslebengut.ch\/eifersuechtig-auf-das-neue-geschwisterchen\/\"\n\t            \t        >\t<svg viewBox=\"0 0 29 49\" fill=\"none\" xmlns=\"http:\/\/www.w3.org\/2000\/svg\"  class=\"button-icon [ readmore-icon ]\" focusable=\"false\" aria-hidden=\"true\" role=\"img\">\n<path d=\"M3.50218 48.0013C2.60365 48.0013 1.71533 47.6713 1.03122 47.0013C-0.337 45.6613 -0.337 43.4913 1.03122 42.1513L19.5532 24.0013L1.02101 5.85125C-0.337 4.51125 -0.337 2.34125 1.02101 1.00125C2.37902 -0.338747 4.60493 -0.328747 5.97315 1.00125L26.9763 21.5813C28.3446 22.9213 28.3446 25.0913 26.9763 26.4313L5.97315 47.0013C5.28904 47.6713 4.3905 48.0013 3.50218 48.0013V48.0013Z\" fill=\"black\"\/>\n<\/svg>\n\n\n\t        <span\n\t        class=\"button-text\"\n        >Mais infor\u00adma\u00e7\u00f5es em alem\u00e3o<\/span>\n\t\n    \n<\/a>\n\t    \t<\/div>\n\n\n            <h2\n            class=\"wp-block-mind-heading wp-block-mind-heading-isLevel2 wp-block-mind-heading-isDisplayLevel3 heading-3\"\n            id=\"fase-de-desafio\"\n        ><span>Fase de desafio<\/span><\/h2>\n    \n\n\n<p class=\"is-style-lead\">Entre os 18 e 24 meses, as crian\u00e7as come\u00e7am a tornar-se inde\u00adpen\u00addentes e a atingir repeti\u00adda\u00admente os vossos limites. Estes limites podem ser regras e proibi\u00e7\u00f5es dos pais ou os pr\u00f3prios limites. A frus\u00adtra\u00e7\u00e3o da vossa crian\u00e7a mani\u00adfesta-se em desafios. N\u00e3o podem impedir birras. Mas podem apren\u00adder a enten\u00adder melhor e a lidar com desafios. Apoiamos-vos.<\/p>\n\n\n\n\n\n\t<div\n\t    class=\"wp-block-mind-button is-style-text\"\n\t    \n\t>\n\t    \t        <a\n\t            class=\"button-theme [ button-primary-bg ] has-icon\"\n\t            href=\"https:\/\/www.fuerslebengut.ch\/trotzen-und-selbststaendig-werden\/\"\n\t            \t        >\t<svg viewBox=\"0 0 29 49\" fill=\"none\" xmlns=\"http:\/\/www.w3.org\/2000\/svg\"  class=\"button-icon [ readmore-icon ]\" focusable=\"false\" aria-hidden=\"true\" role=\"img\">\n<path d=\"M3.50218 48.0013C2.60365 48.0013 1.71533 47.6713 1.03122 47.0013C-0.337 45.6613 -0.337 43.4913 1.03122 42.1513L19.5532 24.0013L1.02101 5.85125C-0.337 4.51125 -0.337 2.34125 1.02101 1.00125C2.37902 -0.338747 4.60493 -0.328747 5.97315 1.00125L26.9763 21.5813C28.3446 22.9213 28.3446 25.0913 26.9763 26.4313L5.97315 47.0013C5.28904 47.6713 4.3905 48.0013 3.50218 48.0013V48.0013Z\" fill=\"black\"\/>\n<\/svg>\n\n\n\t        <span\n\t        class=\"button-text\"\n        >Mais infor\u00adma\u00e7\u00f5es em alem\u00e3o<\/span>\n\t\n    \n<\/a>\n\t    \t<\/div>\n\n\n            <h2\n            class=\"wp-block-mind-heading wp-block-mind-heading-isLevel2 wp-block-mind-heading-isDisplayLevel3 heading-3\"\n            id=\"discussoes-entre-irmaos\"\n        ><span>Discuss\u00f5es entre irm\u00e3os<\/span><\/h2>\n    \n\n\n<p class=\"is-style-lead\">As crian\u00e7as querem garan\u00adtir a sua posi\u00e7\u00e3o e import\u00e2n\u00adcia na fam\u00edlia. A rival\u00adi\u00addade e as discuss\u00f5es entre irm\u00e3os s\u00e3o, portanto, normais. N\u00e3o h\u00e1 solu\u00e7\u00e3o geral para voc\u00eas, como pais, reagirem a discuss\u00f5es, ci\u00fames e outros senti\u00admen\u00adtos nega\u00adtivos entre irm\u00e3os. Muitas vezes ajuda a manter a calma e obser\u00advar primeiro em vez de inter\u00advir imedi\u00adata\u00admente.<\/p>\n\n\n\n\n\n\t<div\n\t    class=\"wp-block-mind-button is-style-text\"\n\t    \n\t>\n\t    \t        <a\n\t            class=\"button-theme [ button-primary-bg ] has-icon\"\n\t            href=\"https:\/\/www.fuerslebengut.ch\/streit-und-rivalitaet-unter-geschwistern\/\"\n\t            \t        >\t<svg viewBox=\"0 0 29 49\" fill=\"none\" xmlns=\"http:\/\/www.w3.org\/2000\/svg\"  class=\"button-icon [ readmore-icon ]\" focusable=\"false\" aria-hidden=\"true\" role=\"img\">\n<path d=\"M3.50218 48.0013C2.60365 48.0013 1.71533 47.6713 1.03122 47.0013C-0.337 45.6613 -0.337 43.4913 1.03122 42.1513L19.5532 24.0013L1.02101 5.85125C-0.337 4.51125 -0.337 2.34125 1.02101 1.00125C2.37902 -0.338747 4.60493 -0.328747 5.97315 1.00125L26.9763 21.5813C28.3446 22.9213 28.3446 25.0913 26.9763 26.4313L5.97315 47.0013C5.28904 47.6713 4.3905 48.0013 3.50218 48.0013V48.0013Z\" fill=\"black\"\/>\n<\/svg>\n\n\n\t        <span\n\t        class=\"button-text\"\n        >Mais infor\u00adma\u00e7\u00f5es em alem\u00e3o<\/span>\n\t\n    \n<\/a>\n\t    \t<\/div>\n\n\n    <div\n        class=\"wp-block-mind-background has-spacing-top-lg alignfull has-background has-gruen-papier-background-color content autospace isChildBlockContainer\"\n        \n    >\n\t    \t\t\t\n<div\n    class=\"wp-block-mind-grid hasInnerPadding\"\n    \n>\n\t<div class=\"wp-block-mind-grid-wrapper\" id=\"wp-block-mind-grid-wrapper-5\">\n        \n    <div\n\t    class=\"wp-block-mind-grid-item alignwide isGridColumnSpan-3 isGridColumnSpanMedium-4 isAlignSelf-center\"\n\t    style=\"\"\n\t    \n    >\n        <div class=\"wp-block-mind-grid-item-blocks innerContent autospace isChildBlockContainer\">\n            \n<div\n\tclass=\"wp-block-theme-animation content\"\n\t\n>\n\t<lottie-player\n\t  autoplay\n\t  loop\n\t  mode=\"normal\"\n\t  src=\"https:\/\/mvb.zh.ch\/pt\/wp-content\/uploads\/sites\/4\/2022\/11\/icon-fragen-mvb.json\"\n\t  speed=\"1.00\"\n\t>\n\t<\/lottie-player>\n<\/div>\n\n\n        <\/div>\n    <\/div>\n\n\n    <div\n\t    class=\"wp-block-mind-grid-item alignwide isGridColumnSpan-9 isGridColumnSpanMedium-8 isGridColumnStart-4 isGridColumnStartMedium-5 isAlignSelf-center\"\n\t    style=\"\"\n\t    \n    >\n        <div class=\"wp-block-mind-grid-item-blocks innerContent autospace isChildBlockContainer\">\n            \n            <h2\n            class=\"wp-block-mind-heading wp-block-mind-heading-isLevel2 wp-block-mind-heading-isDisplayLevelDefault heading-2\"\n            id=\"tem-alguma-pergunta-sobre-educacao-teremos-todo-o-gosto-em-aconselhar-na-vossa-lingua\"\n        ><span>T\u00eam alguma pergunta sobre educa\u00e7\u00e3o? Teremos todo o gosto em acon\u00adsel\u00adhar na vossa l\u00edngua!<\/span><\/h2>\n    \n\n\n\n\t<div\n\t    class=\"wp-block-mind-button is-style-primary\"\n\t    \n\t>\n\t    \t        <a\n\t            class=\"button-theme [ button-primary-bg ] has-icon\"\n\t            href=\"https:\/\/mvb.zh.ch\/pt\/kontakt\/\"\n\t            \t        >\t<svg data-name=\"Ebene 1\" xmlns=\"http:\/\/www.w3.org\/2000\/svg\" viewBox=\"0 0 49.378 33.401\"  class=\"button-icon [ readmore-icon ]\" focusable=\"false\" aria-hidden=\"true\" role=\"img\">\n  <path d=\"M260.5,232.906l14.654,16.271-.037.041-14.627,17.089-3.51-2.655,10.654-11.894H225.772v-4.621H267.64l-10.669-11.1Z\" transform=\"translate(-225.772 -232.906)\" fill=\"#fff\"\/>\n<\/svg>\n\n\n\t        <span\n\t        class=\"button-text\"\n        >Entrar em contacto<\/span>\n\t\n    \n<\/a>\n\t    \t<\/div>\n\n\n        <\/div>\n    <\/div>\n\n\n\t<\/div>\n\n\t        <style type=\"text\/css\">\n#wp-block-mind-grid-wrapper-5 { -ms-grid-rows: repeat(2, auto); }\n#wp-block-mind-grid-wrapper-5 > *:nth-child(1) { -ms-grid-row: 1; -ms-grid-row-span: 1; }\n#wp-block-mind-grid-wrapper-5 > *:nth-child(2) { -ms-grid-row: 2; -ms-grid-row-span: 1; }\n<\/style>\n\n\t<\/div>\n\n\n\n\t        <\/div>\n\n\n<div\n    class=\"wp-block-mind-image-text\"\n    \n>\n    <div class=\"wp-block-mind-image-text-content isVerticallyCentered hasColumnWidths-narrowWide\">\n        \n<div class=\"wp-block-mind-content innerContent autospace isChildBlockContainer\">\n    \n<blockquote\n\tclass=\"wp-block-mind-quote\"\n\t\n>\n\t\t\t<p>Estou constan\u00adte\u00admente a batal\u00adhar com a l\u00edngua alem\u00e3 e n\u00e3o consigo comu\u00adnicar. O acon\u00adsel\u00adhamento ajuda-me a orga\u00adni\u00adzar a minha vida quotid\u00adi\u00adana famil\u00adiar.<\/p>\n\n\n\t\t\t\t\t<cite class=\"wp-block-mind-quote-cite\">Arjeta T. com uma crian\u00e7a de 1 ano e outra crian\u00e7a com 4 anos<\/cite>\n\t\t\t<\/blockquote>\n\n\n\n\n\t<div\n\t    class=\"wp-block-mind-button is-style-outline\"\n\t    \n\t>\n\t    \t        <a\n\t            class=\"button-theme [ button-primary-bg ]\"\n\t            href=\"https:\/\/mvb.zh.ch\/pt\/was-andere-eltern-sagen\/\"\n\t            \t        >\t\n\n\t        <span\n\t        class=\"button-text\"\n        >O que os pais dizem<\/span>\n\t\n    \n<\/a>\n\t    \t<\/div>\n\n\n<\/div>\n\n\n\t\n\t\n    <div\n        class=\"wp-block-mind-image mobile-small\"\n        \n\t        >\n\t    \t\t    <picture\n\t\t\t\tclass=\"isPortrait\"\n\t\t\t>\t\t\t\t\t<source type=\"image\/webp\" srcset=\"https:\/\/mvb.zh.ch\/pt\/wp-content\/uploads\/sites\/4\/2022\/12\/portrait_6_1080-e1671033814615-370x0-c-default.webp 370w, https:\/\/mvb.zh.ch\/pt\/wp-content\/uploads\/sites\/4\/2022\/12\/portrait_6_1080-e1671033814615-560x0-c-default.webp 560w, https:\/\/mvb.zh.ch\/pt\/wp-content\/uploads\/sites\/4\/2022\/12\/portrait_6_1080-e1671033814615-800x0-c-default.webp 800w, https:\/\/mvb.zh.ch\/pt\/wp-content\/uploads\/sites\/4\/2022\/12\/portrait_6_1080-e1671033814615-969x0-c-default.webp 969w\">\n<source type=\"image\/png\" srcset=\"https:\/\/mvb.zh.ch\/pt\/wp-content\/uploads\/sites\/4\/2022\/12\/portrait_6_1080-e1671033814615-370x0-c-default.png 370w, https:\/\/mvb.zh.ch\/pt\/wp-content\/uploads\/sites\/4\/2022\/12\/portrait_6_1080-e1671033814615-560x0-c-default.png 560w, https:\/\/mvb.zh.ch\/pt\/wp-content\/uploads\/sites\/4\/2022\/12\/portrait_6_1080-e1671033814615-800x0-c-default.png 800w, https:\/\/mvb.zh.ch\/pt\/wp-content\/uploads\/sites\/4\/2022\/12\/portrait_6_1080-e1671033814615-969x0-c-default.png 969w\">\n<img src=\"https:\/\/mvb.zh.ch\/pt\/wp-content\/uploads\/sites\/4\/2022\/12\/portrait_6_1080-e1671033814615-969x0-c-default.png\" width=\"969\" height=\"1079.7428571429\" alt=\"A ilustra\u00e7\u00e3o mostra o retrato, da parte superior do corpo, da alegre Arjeta T. \" loading=\"lazy\">\n\t\t\t<\/picture>\n\t        <\/div>\n\n\n    <\/div>\n<\/div>\n\n\n            <h2\n            class=\"wp-block-mind-heading has-spacing-top-lg alignwide wp-block-mind-heading-isLevel2 wp-block-mind-heading-isDisplayLevelDefault heading-2\"\n            id=\"topicos-de-aconselhamento-adicional\"\n        ><span>T\u00f3picos de acon\u00adsel\u00adhamento adicional<\/span><\/h2>\n    \n\n","protected":false},"excerpt":{"rendered":"<p>Porque \u00e9 que a crian\u00e7a mais velha tem ci\u00fames do beb\u00e9? O que devo fazer se n\u00e3o tiver paci\u00eancia para a minha crian\u00e7a desafiadora?<\/p>\n","protected":false},"author":1,"featured_media":413,"parent":14,"menu_order":8,"comment_status":"closed","ping_status":"closed","template":"","meta":{"eyecatcher_title":"","eyecatcher_text":"","eyecatcher_link":"","eyecatcher_icon_position":"","eyecatcher_icon":0,"hide_post_title":false,"hide_header":false,"hide_footer":false},"acf":[],"yoast_head":"<!-- This site is optimized with the Yoast SEO plugin v19.11 - https:\/\/yoast.com\/wordpress\/plugins\/seo\/ -->\n<title>Educa\u00e7\u00e3o - Conselheiras para m\u00e3es e pais do Cant\u00e3o de Zurique<\/title>\n<meta name=\"robots\" content=\"index, follow, max-snippet:-1, max-image-preview:large, max-video-preview:-1\" \/>\n<link rel=\"canonical\" href=\"https:\/\/mvb.zh.ch\/pt\/beratungsangebot\/erziehung\/\" \/>\n<meta property=\"og:locale\" content=\"pt_PT\" \/>\n<meta property=\"og:type\" content=\"article\" \/>\n<meta property=\"og:title\" content=\"Educa\u00e7\u00e3o - Conselheiras para m\u00e3es e pais do Cant\u00e3o de Zurique\" \/>\n<meta property=\"og:description\" content=\"Porque \u00e9 que a crian\u00e7a mais velha tem ci\u00fames do beb\u00e9? O que devo fazer se n\u00e3o tiver paci\u00eancia para a minha crian\u00e7a desafiadora?\" \/>\n<meta property=\"og:url\" content=\"https:\/\/mvb.zh.ch\/pt\/beratungsangebot\/erziehung\/\" \/>\n<meta property=\"og:site_name\" content=\"Conselheiras para m\u00e3es e pais do Cant\u00e3o de Zurique\" \/>\n<meta property=\"article:modified_time\" content=\"2023-09-13T14:44:14+00:00\" \/>\n<meta property=\"og:image\" content=\"https:\/\/mvb.zh.ch\/pt\/wp-content\/uploads\/sites\/4\/2022\/12\/erziehung-1200x630-c-default.jpg\" \/>\n\t<meta property=\"og:image:width\" content=\"1200\" \/>\n\t<meta property=\"og:image:height\" content=\"630\" \/>\n\t<meta property=\"og:image:type\" content=\"image\/jpeg\" \/>\n<meta name=\"twitter:card\" content=\"summary_large_image\" \/>\n<meta name=\"twitter:label1\" content=\"Tempo estimado de leitura\" \/>\n\t<meta name=\"twitter:data1\" content=\"2 minutos\" \/>\n<script type=\"application\/ld+json\" class=\"yoast-schema-graph\">{\"@context\":\"https:\/\/schema.org\",\"@graph\":[{\"@type\":\"WebPage\",\"@id\":\"https:\/\/mvb.zh.ch\/pt\/beratungsangebot\/erziehung\/\",\"url\":\"https:\/\/mvb.zh.ch\/pt\/beratungsangebot\/erziehung\/\",\"name\":\"Educa\u00e7\u00e3o - Conselheiras para m\u00e3es e pais do Cant\u00e3o de Zurique\",\"isPartOf\":{\"@id\":\"https:\/\/mvb.zh.ch\/pt\/#website\"},\"datePublished\":\"2022-10-27T14:32:11+00:00\",\"dateModified\":\"2023-09-13T14:44:14+00:00\",\"breadcrumb\":{\"@id\":\"https:\/\/mvb.zh.ch\/pt\/beratungsangebot\/erziehung\/#breadcrumb\"},\"inLanguage\":\"pt-PT\",\"potentialAction\":[{\"@type\":\"ReadAction\",\"target\":[\"https:\/\/mvb.zh.ch\/pt\/beratungsangebot\/erziehung\/\"]}]},{\"@type\":\"BreadcrumbList\",\"@id\":\"https:\/\/mvb.zh.ch\/pt\/beratungsangebot\/erziehung\/#breadcrumb\",\"itemListElement\":[{\"@type\":\"ListItem\",\"position\":1,\"name\":\"Startseite\",\"item\":\"https:\/\/mvb.zh.ch\/pt\/\"},{\"@type\":\"ListItem\",\"position\":2,\"name\":\"Beratungsangebot\",\"item\":\"https:\/\/mvb.zh.ch\/pt\/beratungsangebot\/\"},{\"@type\":\"ListItem\",\"position\":3,\"name\":\"Erziehung\"}]},{\"@type\":\"WebSite\",\"@id\":\"https:\/\/mvb.zh.ch\/pt\/#website\",\"url\":\"https:\/\/mvb.zh.ch\/pt\/\",\"name\":\"Conselheiras para m\u00e3es e pais do Cant\u00e3o de Zurique\",\"description\":\"\",\"publisher\":{\"@id\":\"https:\/\/mvb.zh.ch\/pt\/#organization\"},\"inLanguage\":\"pt-PT\"}]}<\/script>\n<!-- \/ Yoast SEO plugin. -->","yoast_head_json":{"title":"Educa\u00e7\u00e3o - Conselheiras para m\u00e3es e pais do Cant\u00e3o de Zurique","robots":{"index":"index","follow":"follow","max-snippet":"max-snippet:-1","max-image-preview":"max-image-preview:large","max-video-preview":"max-video-preview:-1"},"canonical":"https:\/\/mvb.zh.ch\/pt\/beratungsangebot\/erziehung\/","og_locale":"pt_PT","og_type":"article","og_title":"Educa\u00e7\u00e3o - Conselheiras para m\u00e3es e pais do Cant\u00e3o de Zurique","og_description":"Porque \u00e9 que a crian\u00e7a mais velha tem ci\u00fames do beb\u00e9? O que devo fazer se n\u00e3o tiver paci\u00eancia para a minha crian\u00e7a desafiadora?","og_url":"https:\/\/mvb.zh.ch\/pt\/beratungsangebot\/erziehung\/","og_site_name":"Conselheiras para m\u00e3es e pais do Cant\u00e3o de Zurique","article_modified_time":"2023-09-13T14:44:14+00:00","og_image":[{"width":1200,"height":630,"url":"https:\/\/mvb.zh.ch\/pt\/wp-content\/uploads\/sites\/4\/2022\/12\/erziehung-1200x630-c-default.jpg","type":"image\/jpeg"}],"twitter_card":"summary_large_image","twitter_misc":{"Tempo estimado de leitura":"2 minutos"},"schema":{"@context":"https:\/\/schema.org","@graph":[{"@type":"WebPage","@id":"https:\/\/mvb.zh.ch\/pt\/beratungsangebot\/erziehung\/","url":"https:\/\/mvb.zh.ch\/pt\/beratungsangebot\/erziehung\/","name":"Educa\u00e7\u00e3o - Conselheiras para m\u00e3es e pais do Cant\u00e3o de Zurique","isPartOf":{"@id":"https:\/\/mvb.zh.ch\/pt\/#website"},"datePublished":"2022-10-27T14:32:11+00:00","dateModified":"2023-09-13T14:44:14+00:00","breadcrumb":{"@id":"https:\/\/mvb.zh.ch\/pt\/beratungsangebot\/erziehung\/#breadcrumb"},"inLanguage":"pt-PT","potentialAction":[{"@type":"ReadAction","target":["https:\/\/mvb.zh.ch\/pt\/beratungsangebot\/erziehung\/"]}]},{"@type":"BreadcrumbList","@id":"https:\/\/mvb.zh.ch\/pt\/beratungsangebot\/erziehung\/#breadcrumb","itemListElement":[{"@type":"ListItem","position":1,"name":"Startseite","item":"https:\/\/mvb.zh.ch\/pt\/"},{"@type":"ListItem","position":2,"name":"Beratungsangebot","item":"https:\/\/mvb.zh.ch\/pt\/beratungsangebot\/"},{"@type":"ListItem","position":3,"name":"Erziehung"}]},{"@type":"WebSite","@id":"https:\/\/mvb.zh.ch\/pt\/#website","url":"https:\/\/mvb.zh.ch\/pt\/","name":"Conselheiras para m\u00e3es e pais do Cant\u00e3o de Zurique","description":"","publisher":{"@id":"https:\/\/mvb.zh.ch\/pt\/#organization"},"inLanguage":"pt-PT"}]}},"_links":{"self":[{"href":"https:\/\/mvb.zh.ch\/pt\/wp-json\/wp\/v2\/pages\/83"}],"collection":[{"href":"https:\/\/mvb.zh.ch\/pt\/wp-json\/wp\/v2\/pages"}],"about":[{"href":"https:\/\/mvb.zh.ch\/pt\/wp-json\/wp\/v2\/types\/page"}],"author":[{"embeddable":true,"href":"https:\/\/mvb.zh.ch\/pt\/wp-json\/wp\/v2\/users\/1"}],"replies":[{"embeddable":true,"href":"https:\/\/mvb.zh.ch\/pt\/wp-json\/wp\/v2\/comments?post=83"}],"version-history":[{"count":10,"href":"https:\/\/mvb.zh.ch\/pt\/wp-json\/wp\/v2\/pages\/83\/revisions"}],"predecessor-version":[{"id":807,"href":"https:\/\/mvb.zh.ch\/pt\/wp-json\/wp\/v2\/pages\/83\/revisions\/807"}],"up":[{"embeddable":true,"href":"https:\/\/mvb.zh.ch\/pt\/wp-json\/wp\/v2\/pages\/14"}],"wp:featuredmedia":[{"embeddable":true,"href":"https:\/\/mvb.zh.ch\/pt\/wp-json\/wp\/v2\/media\/413"}],"wp:attachment":[{"href":"https:\/\/mvb.zh.ch\/pt\/wp-json\/wp\/v2\/media?parent=83"}],"curies":[{"name":"wp","href":"https:\/\/api.w.org\/{rel}","templated":true}]}}