{"id":59,"date":"2022-10-27T15:13:40","date_gmt":"2022-10-27T13:13:40","guid":{"rendered":"urn:uuid:ffa5d312-55ea-4bc7-a17d-1d69676a9f7d"},"modified":"2023-03-05T23:19:39","modified_gmt":"2023-03-05T22:19:39","slug":"impressum","status":"publish","type":"page","link":"https:\/\/mvb.zh.ch\/pt\/impressum\/","title":{"rendered":"Impres\u00adsum"},"content":{"rendered":"<header\n\tclass=\"wp-block-mind-post-title autospace\"\n\t\n>\n\t\n\t\n<h1\n    class=\"heading-1\"\n    id=\"main-title\"\n><\/h1>\n\n<\/header>\n\n\n            <h2\n            class=\"wp-block-mind-heading wp-block-mind-heading-isLevel2 wp-block-mind-heading-isDisplayLevel3 heading-3\"\n            id=\"responsavel-pelo-conteudo-do-site\"\n        ><span>Respon\u00ads\u00e1vel pelo conte\u00fado do site<\/span><\/h2>\n    \n\n<div class=\"wp-block-mind-location-contact\">\n\t\t\t\t\t\t<address><span\n\t\t\tclass=\"contact-name\"\n\t\t>Amt f\u00fcr Jugend und Berufs\u00adber\u00adatung<\/span><br>Gesch\u00e4ftsstelle der Bezirke B\u00fclach und Dielsdorf<br>Schaffhauserstrasse 53<br>8180&nbsp;B\u00fclach<\/address>\n\n\t\t\t\t\t\t\t\t\t\t\t\t\t\t    \t <a\n\t\t class=\"contact-item-value\"\n\t\t href=\"mailto:ajb.buelach@ajb.zh.ch\"\n\t >ajb.buelach@ajb.zh.ch<\/a>\n\t\t\t\t\t\t\t\t\t\t\t\t\t\t    \t<a\n\tclass=\"phone contact-item-value\"\n\thref=\"tel:0041432599500\" rel=\"nofollow\"\n\taria-label=\"4 1. 4 3. 2 5 9. 9 5. 0 0\"\n>+41 43 259 95 00<\/a>\n\n\t\t\t\t\t\t\t\t\t\t\t\t\t\t\t\t\t\t\t\t\t<\/div>\n\n\n            <h3\n            class=\"wp-block-mind-heading wp-block-mind-heading-isLevel3 wp-block-mind-heading-isDisplayLevelDefault heading-3\"\n            id=\"implementacao\"\n        ><span>Imple\u00admen\u00adta\u00e7\u00e3o<\/span><\/h3>\n    \n\n\n<p><a href=\"https:\/\/www.mind.ch\/\" target=\"_blank\" rel=\"noreferrer noopener\">MIND. Agentur f\u00fcr Strate\u00adgie, Design, Code und Content<\/a><\/p>\n\n\n\n            <h2\n            class=\"wp-block-mind-heading wp-block-mind-heading-isLevel2 wp-block-mind-heading-isDisplayLevel3 heading-3\"\n            id=\"isencao-de-responsabilidade\"\n        ><span>Isen\u00e7\u00e3o de respon\u00ads\u00adabil\u00adi\u00addade<\/span><\/h2>\n    \n\n\n<p>Todos os textos e liga\u00e7\u00f5es foram cuida\u00addosa\u00admente veri\u00adfi\u00adca\u00addos e s\u00e3o constan\u00adte\u00admente atual\u00adiza\u00addos. Esfor\u00e7amo-nos por fornecer infor\u00adma\u00e7\u00f5es precisas e comple\u00adtas neste website, mas n\u00e3o assum\u00adi\u00admos qual\u00adquer respon\u00ads\u00adabil\u00adi\u00addade, garan\u00adtias ou respon\u00ads\u00adabil\u00adi\u00addade de que as infor\u00adma\u00e7\u00f5es forneci\u00addas atrav\u00e9s deste website sejam precisas, comple\u00adtas ou atuais. Reser\u00advamo-nos o direito de alterar as infor\u00adma\u00e7\u00f5es neste website a qual\u00adquer momento e sem aviso pr\u00e9vio e tamb\u00e9m n\u00e3o nos compro\u00adm\u00ade\u00adte\u00admos a atualizar as infor\u00adma\u00e7\u00f5es nele conti\u00addas.<\/p>\n\n\n\n\n<p>Todas as liga\u00e7\u00f5es a fornece\u00addores exter\u00adnos foram veri\u00adfi\u00adca\u00addos quanto a exatid\u00e3o no momento da sua inclus\u00e3o, mas n\u00e3o somos respon\u00ads\u00e1veis pelo conte\u00fado e disponi\u00adbil\u00adi\u00addade de websites que podem ser acedi\u00addos atrav\u00e9s de hiperli\u00adga\u00e7\u00f5es. O fornece\u00addor da p\u00e1gina \u00e9 exclu\u00adsi\u00adva\u00admente respon\u00ads\u00e1vel por conte\u00fa\u00addos ilegais, incor\u00adre\u00adtos ou incom\u00adple\u00adtos e, em partic\u00adu\u00adlar, por danos causa\u00addos pelo conte\u00fado de p\u00e1ginas asso\u00adci\u00adadas \u00e0 mesma. N\u00e3o importa se os danos s\u00e3o de natureza direta, indi\u00adreta ou finan\u00adceira, ou se existem outros danos que possam resul\u00adtar da perda de dados, perda de utiliza\u00ad\u00e7\u00e3o ou outras raz\u00f5es de todos os tipos.<\/p>\n\n\n\n\n<p>Al\u00e9m disso, este website est\u00e1 sujeito aos termos de utiliza\u00ad\u00e7\u00e3o do Cant\u00e3o de Zurique:<br><a href=\"http:\/\/www.zh.ch\/internet\/de\/service\/nav\/footer\/nutzungsregelungen.html\" target=\"_blank\" rel=\"noreferrer noopener\">www.zh.ch\/internet\/de\/service\/nav\/footer\/nutzungsregelungen.html<\/a><\/p>\n\n","protected":false},"excerpt":{"rendered":"<p>MIND. Agentur f\u00fcr Strate\u00adgie, Design, Code und Content Todos os textos e liga\u00e7\u00f5es foram cuida\u00addosa\u00admente veri\u00adfi\u00adca\u00addos e s\u00e3o constan\u00adte\u00admente atual\u00adiza\u00addos. Esfor\u00e7amo-nos por fornecer infor\u00adma\u00e7\u00f5es precisas e comple\u00adtas neste website, mas n\u00e3o assum\u00adi\u00admos qual\u00adquer respon\u00ads\u00adabil\u00adi\u00addade, garan\u00adtias ou respon\u00ads\u00adabil\u00adi\u00addade de que as infor\u00adma\u00e7\u00f5es forneci\u00addas atrav\u00e9s deste website sejam precisas, comple\u00adtas ou atuais. Reser\u00advamo-nos o direito de alterar [&hellip;]<\/p>\n","protected":false},"author":1,"featured_media":0,"parent":0,"menu_order":14,"comment_status":"closed","ping_status":"closed","template":"","meta":{"eyecatcher_title":"","eyecatcher_text":"","eyecatcher_link":"","eyecatcher_icon_position":"","eyecatcher_icon":0,"hide_post_title":false,"hide_header":false,"hide_footer":false},"acf":[],"yoast_head":"<!-- This site is optimized with the Yoast SEO plugin v19.11 - https:\/\/yoast.com\/wordpress\/plugins\/seo\/ -->\n<title>Aviso legal - Conselheiras para m\u00e3es e pais do Cant\u00e3o de Zurique<\/title>\n<meta name=\"robots\" content=\"index, follow, max-snippet:-1, max-image-preview:large, max-video-preview:-1\" \/>\n<link rel=\"canonical\" href=\"https:\/\/mvb.zh.ch\/pt\/impressum\/\" \/>\n<meta property=\"og:locale\" content=\"pt_PT\" \/>\n<meta property=\"og:type\" content=\"article\" \/>\n<meta property=\"og:title\" content=\"Aviso legal - Conselheiras para m\u00e3es e pais do Cant\u00e3o de Zurique\" \/>\n<meta property=\"og:description\" content=\"MIND. Agentur f\u00fcr Strate\u00adgie, Design, Code und Content Todos os textos e liga\u00e7\u00f5es foram cuida\u00addosa\u00admente veri\u00adfi\u00adca\u00addos e s\u00e3o constan\u00adte\u00admente atual\u00adiza\u00addos. Esfor\u00e7amo-nos por fornecer infor\u00adma\u00e7\u00f5es precisas e comple\u00adtas neste website, mas n\u00e3o assum\u00adi\u00admos qual\u00adquer respon\u00ads\u00adabil\u00adi\u00addade, garan\u00adtias ou respon\u00ads\u00adabil\u00adi\u00addade de que as infor\u00adma\u00e7\u00f5es forneci\u00addas atrav\u00e9s deste website sejam precisas, comple\u00adtas ou atuais. Reser\u00advamo-nos o direito de alterar [&hellip;]\" \/>\n<meta property=\"og:url\" content=\"https:\/\/mvb.zh.ch\/pt\/impressum\/\" \/>\n<meta property=\"og:site_name\" content=\"Conselheiras para m\u00e3es e pais do Cant\u00e3o de Zurique\" \/>\n<meta property=\"article:modified_time\" content=\"2023-03-05T22:19:39+00:00\" \/>\n<meta name=\"twitter:card\" content=\"summary_large_image\" \/>\n<meta name=\"twitter:label1\" content=\"Tempo estimado de leitura\" \/>\n\t<meta name=\"twitter:data1\" content=\"2 minutos\" \/>\n<script type=\"application\/ld+json\" class=\"yoast-schema-graph\">{\"@context\":\"https:\/\/schema.org\",\"@graph\":[{\"@type\":\"WebPage\",\"@id\":\"https:\/\/mvb.zh.ch\/pt\/impressum\/\",\"url\":\"https:\/\/mvb.zh.ch\/pt\/impressum\/\",\"name\":\"Aviso legal - Conselheiras para m\u00e3es e pais do Cant\u00e3o de Zurique\",\"isPartOf\":{\"@id\":\"https:\/\/mvb.zh.ch\/pt\/#website\"},\"datePublished\":\"2022-10-27T13:13:40+00:00\",\"dateModified\":\"2023-03-05T22:19:39+00:00\",\"breadcrumb\":{\"@id\":\"https:\/\/mvb.zh.ch\/pt\/impressum\/#breadcrumb\"},\"inLanguage\":\"pt-PT\",\"potentialAction\":[{\"@type\":\"ReadAction\",\"target\":[\"https:\/\/mvb.zh.ch\/pt\/impressum\/\"]}]},{\"@type\":\"BreadcrumbList\",\"@id\":\"https:\/\/mvb.zh.ch\/pt\/impressum\/#breadcrumb\",\"itemListElement\":[{\"@type\":\"ListItem\",\"position\":1,\"name\":\"Startseite\",\"item\":\"https:\/\/mvb.zh.ch\/pt\/\"},{\"@type\":\"ListItem\",\"position\":2,\"name\":\"Impressum\"}]},{\"@type\":\"WebSite\",\"@id\":\"https:\/\/mvb.zh.ch\/pt\/#website\",\"url\":\"https:\/\/mvb.zh.ch\/pt\/\",\"name\":\"Conselheiras para m\u00e3es e pais do Cant\u00e3o de Zurique\",\"description\":\"\",\"publisher\":{\"@id\":\"https:\/\/mvb.zh.ch\/pt\/#organization\"},\"inLanguage\":\"pt-PT\"}]}<\/script>\n<!-- \/ Yoast SEO plugin. -->","yoast_head_json":{"title":"Aviso legal - Conselheiras para m\u00e3es e pais do Cant\u00e3o de Zurique","robots":{"index":"index","follow":"follow","max-snippet":"max-snippet:-1","max-image-preview":"max-image-preview:large","max-video-preview":"max-video-preview:-1"},"canonical":"https:\/\/mvb.zh.ch\/pt\/impressum\/","og_locale":"pt_PT","og_type":"article","og_title":"Aviso legal - Conselheiras para m\u00e3es e pais do Cant\u00e3o de Zurique","og_description":"MIND. Agentur f\u00fcr Strate\u00adgie, Design, Code und Content Todos os textos e liga\u00e7\u00f5es foram cuida\u00addosa\u00admente veri\u00adfi\u00adca\u00addos e s\u00e3o constan\u00adte\u00admente atual\u00adiza\u00addos. Esfor\u00e7amo-nos por fornecer infor\u00adma\u00e7\u00f5es precisas e comple\u00adtas neste website, mas n\u00e3o assum\u00adi\u00admos qual\u00adquer respon\u00ads\u00adabil\u00adi\u00addade, garan\u00adtias ou respon\u00ads\u00adabil\u00adi\u00addade de que as infor\u00adma\u00e7\u00f5es forneci\u00addas atrav\u00e9s deste website sejam precisas, comple\u00adtas ou atuais. Reser\u00advamo-nos o direito de alterar [&hellip;]","og_url":"https:\/\/mvb.zh.ch\/pt\/impressum\/","og_site_name":"Conselheiras para m\u00e3es e pais do Cant\u00e3o de Zurique","article_modified_time":"2023-03-05T22:19:39+00:00","twitter_card":"summary_large_image","twitter_misc":{"Tempo estimado de leitura":"2 minutos"},"schema":{"@context":"https:\/\/schema.org","@graph":[{"@type":"WebPage","@id":"https:\/\/mvb.zh.ch\/pt\/impressum\/","url":"https:\/\/mvb.zh.ch\/pt\/impressum\/","name":"Aviso legal - Conselheiras para m\u00e3es e pais do Cant\u00e3o de Zurique","isPartOf":{"@id":"https:\/\/mvb.zh.ch\/pt\/#website"},"datePublished":"2022-10-27T13:13:40+00:00","dateModified":"2023-03-05T22:19:39+00:00","breadcrumb":{"@id":"https:\/\/mvb.zh.ch\/pt\/impressum\/#breadcrumb"},"inLanguage":"pt-PT","potentialAction":[{"@type":"ReadAction","target":["https:\/\/mvb.zh.ch\/pt\/impressum\/"]}]},{"@type":"BreadcrumbList","@id":"https:\/\/mvb.zh.ch\/pt\/impressum\/#breadcrumb","itemListElement":[{"@type":"ListItem","position":1,"name":"Startseite","item":"https:\/\/mvb.zh.ch\/pt\/"},{"@type":"ListItem","position":2,"name":"Impressum"}]},{"@type":"WebSite","@id":"https:\/\/mvb.zh.ch\/pt\/#website","url":"https:\/\/mvb.zh.ch\/pt\/","name":"Conselheiras para m\u00e3es e pais do Cant\u00e3o de Zurique","description":"","publisher":{"@id":"https:\/\/mvb.zh.ch\/pt\/#organization"},"inLanguage":"pt-PT"}]}},"_links":{"self":[{"href":"https:\/\/mvb.zh.ch\/pt\/wp-json\/wp\/v2\/pages\/59"}],"collection":[{"href":"https:\/\/mvb.zh.ch\/pt\/wp-json\/wp\/v2\/pages"}],"about":[{"href":"https:\/\/mvb.zh.ch\/pt\/wp-json\/wp\/v2\/types\/page"}],"author":[{"embeddable":true,"href":"https:\/\/mvb.zh.ch\/pt\/wp-json\/wp\/v2\/users\/1"}],"replies":[{"embeddable":true,"href":"https:\/\/mvb.zh.ch\/pt\/wp-json\/wp\/v2\/comments?post=59"}],"version-history":[{"count":5,"href":"https:\/\/mvb.zh.ch\/pt\/wp-json\/wp\/v2\/pages\/59\/revisions"}],"predecessor-version":[{"id":784,"href":"https:\/\/mvb.zh.ch\/pt\/wp-json\/wp\/v2\/pages\/59\/revisions\/784"}],"wp:attachment":[{"href":"https:\/\/mvb.zh.ch\/pt\/wp-json\/wp\/v2\/media?parent=59"}],"curies":[{"name":"wp","href":"https:\/\/api.w.org\/{rel}","templated":true}]}}