{"id":59,"date":"2022-10-27T15:13:40","date_gmt":"2022-10-27T13:13:40","guid":{"rendered":"urn:uuid:ffa5d312-55ea-4bc7-a17d-1d69676a9f7d"},"modified":"2023-01-23T09:49:01","modified_gmt":"2023-01-23T08:49:01","slug":"impressum","status":"publish","type":"page","link":"https:\/\/mvb.zh.ch\/ar\/impressum\/","title":{"rendered":"Impres\u00adsum"},"content":{"rendered":"<header\n\tclass=\"wp-block-mind-post-title autospace\"\n\t\n>\n\t\n\t\n<h1\n    class=\"heading-1\"\n    id=\"main-title\"\n><\/h1>\n\n<\/header>\n\n\n            <h2\n            class=\"wp-block-mind-heading wp-block-mind-heading-isLevel2 wp-block-mind-heading-isDisplayLevel3 heading-3\"\n            id=\"%d8%a7%d9%84%d9%85%d8%b3%d8%a4%d9%88%d9%84-%d8%b9%d9%86-%d9%85%d8%ad%d8%aa%d9%88%d9%89-%d8%a7%d9%84%d8%b5%d9%81%d8%ad%d8%a9\"\n        ><span>\u0627\u0644\u0645\u0633\u0624\u0648\u0644 \u0639\u0646 \u0645\u062d\u062a\u0648\u0649 \u0627\u0644\u0635\u0641\u062d\u0629<\/span><\/h2>\n    \n\n<div class=\"wp-block-mind-location-contact\">\n\t\t\t\t\t\t<address><span\n\t\t\tclass=\"contact-name\"\n\t\t>Amt f\u00fcr Jugend und Berufs\u00adber\u00adatung<\/span><br>Gesch\u00e4ftsstelle der Bezirke B\u00fclach und Dielsdorf<br>Schaffhauserstrasse 53<br>8180&nbsp;B\u00fclach<\/address>\n\n\t\t\t\t\t\t\t\t\t\t\t\t\t\t    \t <a\n\t\t class=\"contact-item-value\"\n\t\t href=\"mailto:ajb.buelach@ajb.zh.ch\"\n\t >ajb.buelach@ajb.zh.ch<\/a>\n\t\t\t\t\t\t\t\t\t\t\t\t\t\t    \t<a\n\tclass=\"phone contact-item-value\"\n\thref=\"tel:0041432599500\" rel=\"nofollow\"\n\taria-label=\"4 1. 4 3. 2 5 9. 9 5. 0 0\"\n>+41 43 259 95 00<\/a>\n\n\t\t\t\t\t\t\t\t\t\t\t\t\t\t\t\t\t\t\t\t\t<\/div>\n\n\n            <h3\n            class=\"wp-block-mind-heading wp-block-mind-heading-isLevel3 wp-block-mind-heading-isDisplayLevelDefault heading-3\"\n            id=\"%d8%a7%d9%84%d8%aa%d9%86%d9%81%d9%8a%d8%b0\"\n        ><span>\u0627\u0644\u062a\u0646\u0641\u064a\u0630<\/span><\/h3>\n    \n\n\n<p><a href=\"https:\/\/www.mind.ch\/\" target=\"_blank\" rel=\"noreferrer noopener\">MIND. Agentur f\u00fcr Strate\u00adgie, Design, Code und Content<\/a><\/p>\n\n\n\n            <h2\n            class=\"wp-block-mind-heading wp-block-mind-heading-isLevel2 wp-block-mind-heading-isDisplayLevel3 heading-3\"\n            id=\"%d8%a5%d8%ae%d9%84%d8%a7%d8%a1-%d8%a7%d9%84%d9%85%d8%b3%d8%a4%d9%88%d9%84%d9%8a%d8%a9\"\n        ><span>\u0625\u062e\u0644\u0627\u0621 \u0627\u0644\u0645\u0633\u0624\u0648\u0644\u064a\u0629<\/span><\/h2>\n    \n\n\n<p>\u062a\u0645 \u0627\u0644\u062a\u062d\u0642\u0642 \u0645\u0646 \u062c\u0645\u064a\u0639 \u0627\u0644\u0646\u0635\u0648\u0635 \u0648\u0627\u0644\u0631\u0648\u0627\u0628\u0637 \u0628\u0639\u0646\u0627\u064a\u0629 \u0648\u064a\u062a\u0645 \u062a\u062d\u062f\u064a\u062b\u0647\u0627 \u0628\u0627\u0633\u062a\u0645\u0631\u0627\u0631. \u0646\u0628\u0630\u0644 \u0642\u0635\u0627\u0631\u0649 \u062c\u0647\u062f\u0646\u0627 \u0644\u062a\u0642\u062f\u064a\u0645 \u0645\u0639\u0644\u0648\u0645\u0627\u062a \u0635\u062d\u064a\u062d\u0629 \u0648\u0643\u0627\u0645\u0644\u0629 \u0639\u0644\u0649 \u0647\u0630\u0627 \u0627\u0644\u0645\u0648\u0642\u0639\u060c \u0644\u0643\u0646\u0646\u0627 \u0644\u0627 \u0646\u062a\u062d\u0645\u0644 \u0623\u064a \u0645\u0633\u0624\u0648\u0644\u064a\u0629 \u0623\u0648 \u0636\u0645\u0627\u0646\u0627\u062a \u0623\u0648 \u0627\u0644\u062a\u0632\u0627\u0645 \u0639\u0646 \u0643\u0648\u0646 \u0627\u0644\u0645\u0639\u0644\u0648\u0645\u0627\u062a \u0627\u0644\u0645\u0642\u062f\u0645\u0629 \u0645\u0646 \u062e\u0644\u0627\u0644 \u0647\u0630\u0627 \u0627\u0644\u0645\u0648\u0642\u0639 \u0635\u062d\u064a\u062d\u0629 \u0623\u0648 \u0643\u0627\u0645\u0644\u0629 \u0623\u0648 \u0645\u062d\u062f\u062b\u0629. \u0646\u062d\u062a\u0641\u0638 \u0628\u0627\u0644\u062d\u0642 \u0641\u064a \u062a\u063a\u064a\u064a\u0631 \u0627\u0644\u0645\u0639\u0644\u0648\u0645\u0627\u062a \u0627\u0644\u0645\u0648\u062c\u0648\u062f\u0629 \u0639\u0644\u0649 \u0647\u0630\u0627 \u0627\u0644\u0645\u0648\u0642\u0639 \u0641\u064a \u0623\u064a \u0648\u0642\u062a \u0648\u062f\u0648\u0646 \u0625\u0634\u0639\u0627\u0631 \u0645\u0633\u0628\u0642\u060c \u0648\u0644\u0627 \u0646\u062a\u0639\u0647\u062f \u0623\u064a\u0636\u064b\u0627 \u0628\u062a\u062d\u062f\u064a\u062b \u0627\u0644\u0645\u0639\u0644\u0648\u0645\u0627\u062a \u0627\u0644\u0648\u0627\u0631\u062f\u0629.<\/p>\n\n\n\n\n<p>\u062a\u0645 \u0627\u0644\u062a\u062d\u0642\u0642 \u0645\u0646 \u062c\u0645\u064a\u0639 \u0627\u0644\u0631\u0648\u0627\u0628\u0637 \u0627\u0644\u0645\u0624\u062f\u064a\u0629 \u0625\u0644\u0649 \u0645\u0648\u0641\u0631\u064a \u0627\u0644\u062e\u062f\u0645\u0627\u062a \u0627\u0644\u062e\u0627\u0631\u062c\u064a\u064a\u0646 \u0644\u0644\u062a\u0623\u0643\u062f \u0645\u0646 \u0635\u062d\u062a\u0647\u0627 \u0641\u064a \u0648\u0642\u062a \u0625\u062f\u0631\u0627\u062c\u0647\u0627\u060c \u0644\u0643\u0646\u0646\u0627 \u0644\u0633\u0646\u0627 \u0645\u0633\u0624\u0648\u0644\u064a\u0646 \u0639\u0646 \u0627\u0644\u0645\u062d\u062a\u0648\u0649 \u0648\u0625\u062a\u0627\u062d\u0629 \u0645\u0648\u0627\u0642\u0639 \u0627\u0644\u0648\u064a\u0628 \u0627\u0644\u062a\u064a \u064a\u0645\u0643\u0646 \u0627\u0644\u0648\u0635\u0648\u0644 \u0625\u0644\u064a\u0647\u0627 \u0639\u0628\u0631 \u0631\u0648\u0627\u0628\u0637 \u062a\u0634\u0639\u0628\u064a\u0629. \u064a\u062a\u062d\u0645\u0644 \u0645\u0648\u0641\u0631 \u0627\u0644\u0635\u0641\u062d\u0629 \u0627\u0644\u062a\u064a \u062a\u062a\u0645 \u0627\u0644\u0625\u0634\u0627\u0631\u0629 \u0625\u0644\u064a\u0647\u0627 \u0648\u062d\u062f\u0647 \u0627\u0644\u0645\u0633\u0624\u0648\u0644\u064a\u0629 \u0639\u0646 \u0627\u0644\u0645\u062d\u062a\u0648\u0649 \u063a\u064a\u0631 \u0627\u0644\u0642\u0627\u0646\u0648\u0646\u064a\u060c \u0623\u0648 \u063a\u064a\u0631 \u0627\u0644\u0635\u062d\u064a\u062d\u060c \u0623\u0648 \u063a\u064a\u0631 \u0627\u0644\u0645\u0643\u062a\u0645\u0644\u060c \u0648\u0639\u0644\u0649 \u0648\u062c\u0647 \u0627\u0644\u062e\u0635\u0648\u0635 \u0639\u0646 \u0627\u0644\u0636\u0631\u0631 \u0627\u0644\u0646\u0627\u062c\u0645 \u0639\u0646 \u0645\u062d\u062a\u0648\u0649 \u0627\u0644\u0635\u0641\u062d\u0627\u062a \u0627\u0644\u0645\u0631\u062a\u0628\u0637\u0629. \u0648\u0644\u0627 \u064a\u0647\u0645 \u0639\u0646\u062f\u0626\u0630 \u0645\u0627 \u0625\u0630\u0627 \u0643\u0627\u0646 \u0627\u0644\u0636\u0631\u0631 \u0630\u0627 \u0637\u0628\u064a\u0639\u0629 \u0645\u0628\u0627\u0634\u0631\u0629\u060c \u0623\u0648 \u063a\u064a\u0631 \u0645\u0628\u0627\u0634\u0631\u0629\u060c \u0623\u0648 \u0645\u0627\u0644\u064a\u0629\u060c \u0623\u0648 \u0645\u0627 \u0625\u0630\u0627 \u0643\u0627\u0646 \u0647\u0646\u0627\u0643 \u0623\u064a \u0636\u0631\u0631 \u0622\u062e\u0631 \u0642\u062f \u064a\u0646\u062c\u0645 \u0639\u0646 \u0641\u0642\u062f\u0627\u0646 \u0627\u0644\u0628\u064a\u0627\u0646\u0627\u062a\u060c \u0623\u0648 \u0641\u0634\u0644 \u0627\u0644\u0627\u0633\u062a\u062e\u062f\u0627\u0645\u060c \u0623\u0648 \u0623\u0633\u0628\u0627\u0628 \u0623\u062e\u0631\u0649 \u0645\u0646 \u0623\u064a \u0646\u0648\u0639.<\/p>\n\n\n\n\n<p>\u0639\u0644\u0627\u0648\u0629 \u0639\u0644\u0649 \u0630\u0644\u0643\u060c \u062a\u062e\u0636\u0639 \u0647\u0630\u0647 \u0627\u0644\u0635\u0641\u062d\u0629 \u0644\u0642\u0648\u0627\u0639\u062f \u0627\u0644\u0627\u0633\u062a\u062e\u062f\u0627\u0645 \u0627\u0644\u0645\u0639\u0645\u0648\u0644 \u0628\u0647\u0627 \u0641\u064a \u0643\u0627\u0646\u062a\u0648\u0646 \u0632\u064a\u0648\u0631\u062e:<br><a href=\"http:\/\/www.zh.ch\/internet\/de\/service\/nav\/footer\/nutzungsregelungen.html\" target=\"_blank\" rel=\"noreferrer noopener\">www.zh.ch\/internet\/de\/service\/nav\/footer\/nutzungsregelungen.html<\/a><\/p>\n\n","protected":false},"excerpt":{"rendered":"<p>MIND. Agentur f\u00fcr Strate\u00adgie, Design, Code und Content \u062a\u0645 \u0627\u0644\u062a\u062d\u0642\u0642 \u0645\u0646 \u062c\u0645\u064a\u0639 \u0627\u0644\u0646\u0635\u0648\u0635 \u0648\u0627\u0644\u0631\u0648\u0627\u0628\u0637 \u0628\u0639\u0646\u0627\u064a\u0629 \u0648\u064a\u062a\u0645 \u062a\u062d\u062f\u064a\u062b\u0647\u0627 \u0628\u0627\u0633\u062a\u0645\u0631\u0627\u0631. \u0646\u0628\u0630\u0644 \u0642\u0635\u0627\u0631\u0649 \u062c\u0647\u062f\u0646\u0627 \u0644\u062a\u0642\u062f\u064a\u0645 \u0645\u0639\u0644\u0648\u0645\u0627\u062a \u0635\u062d\u064a\u062d\u0629 \u0648\u0643\u0627\u0645\u0644\u0629 \u0639\u0644\u0649 \u0647\u0630\u0627 \u0627\u0644\u0645\u0648\u0642\u0639\u060c \u0644\u0643\u0646\u0646\u0627 \u0644\u0627 \u0646\u062a\u062d\u0645\u0644 \u0623\u064a \u0645\u0633\u0624\u0648\u0644\u064a\u0629 \u0623\u0648 \u0636\u0645\u0627\u0646\u0627\u062a \u0623\u0648 \u0627\u0644\u062a\u0632\u0627\u0645 \u0639\u0646 \u0643\u0648\u0646 \u0627\u0644\u0645\u0639\u0644\u0648\u0645\u0627\u062a \u0627\u0644\u0645\u0642\u062f\u0645\u0629 \u0645\u0646 \u062e\u0644\u0627\u0644 \u0647\u0630\u0627 \u0627\u0644\u0645\u0648\u0642\u0639 \u0635\u062d\u064a\u062d\u0629 \u0623\u0648 \u0643\u0627\u0645\u0644\u0629 \u0623\u0648 \u0645\u062d\u062f\u062b\u0629. \u0646\u062d\u062a\u0641\u0638 \u0628\u0627\u0644\u062d\u0642 \u0641\u064a \u062a\u063a\u064a\u064a\u0631 \u0627\u0644\u0645\u0639\u0644\u0648\u0645\u0627\u062a [&hellip;]<\/p>\n","protected":false},"author":1,"featured_media":0,"parent":0,"menu_order":14,"comment_status":"closed","ping_status":"closed","template":"","meta":{"eyecatcher_title":"","eyecatcher_text":"","eyecatcher_link":"","eyecatcher_icon_position":"","eyecatcher_icon":0,"hide_post_title":false,"hide_header":false,"hide_footer":false},"acf":[],"yoast_head":"<!-- This site is optimized with the Yoast SEO plugin v19.11 - https:\/\/yoast.com\/wordpress\/plugins\/seo\/ -->\n<title>\u0628\u064a\u0627\u0646\u0627\u062a \u0627\u0644\u0646\u0634\u0631 - \u062e\u0628\u0631\u0627\u0621 \u0627\u0644\u0645\u0634\u0648\u0631\u0629 \u0644\u0644\u0623\u0645\u0647\u0627\u062a \u0648\u0627\u0644\u0622\u0628\u0627\u0621 \u0641\u064a \u0643\u0627\u0646\u062a\u0648\u0646 \u0632\u064a\u0648\u0631\u062e<\/title>\n<meta name=\"robots\" content=\"index, follow, max-snippet:-1, max-image-preview:large, max-video-preview:-1\" \/>\n<link rel=\"canonical\" href=\"https:\/\/mvb.zh.ch\/ar\/impressum\/\" \/>\n<meta property=\"og:locale\" content=\"ar_AR\" \/>\n<meta property=\"og:type\" content=\"article\" \/>\n<meta property=\"og:title\" content=\"\u0628\u064a\u0627\u0646\u0627\u062a \u0627\u0644\u0646\u0634\u0631 - \u062e\u0628\u0631\u0627\u0621 \u0627\u0644\u0645\u0634\u0648\u0631\u0629 \u0644\u0644\u0623\u0645\u0647\u0627\u062a \u0648\u0627\u0644\u0622\u0628\u0627\u0621 \u0641\u064a \u0643\u0627\u0646\u062a\u0648\u0646 \u0632\u064a\u0648\u0631\u062e\" \/>\n<meta property=\"og:description\" content=\"MIND. Agentur f\u00fcr Strate\u00adgie, Design, Code und Content \u062a\u0645 \u0627\u0644\u062a\u062d\u0642\u0642 \u0645\u0646 \u062c\u0645\u064a\u0639 \u0627\u0644\u0646\u0635\u0648\u0635 \u0648\u0627\u0644\u0631\u0648\u0627\u0628\u0637 \u0628\u0639\u0646\u0627\u064a\u0629 \u0648\u064a\u062a\u0645 \u062a\u062d\u062f\u064a\u062b\u0647\u0627 \u0628\u0627\u0633\u062a\u0645\u0631\u0627\u0631. \u0646\u0628\u0630\u0644 \u0642\u0635\u0627\u0631\u0649 \u062c\u0647\u062f\u0646\u0627 \u0644\u062a\u0642\u062f\u064a\u0645 \u0645\u0639\u0644\u0648\u0645\u0627\u062a \u0635\u062d\u064a\u062d\u0629 \u0648\u0643\u0627\u0645\u0644\u0629 \u0639\u0644\u0649 \u0647\u0630\u0627 \u0627\u0644\u0645\u0648\u0642\u0639\u060c \u0644\u0643\u0646\u0646\u0627 \u0644\u0627 \u0646\u062a\u062d\u0645\u0644 \u0623\u064a \u0645\u0633\u0624\u0648\u0644\u064a\u0629 \u0623\u0648 \u0636\u0645\u0627\u0646\u0627\u062a \u0623\u0648 \u0627\u0644\u062a\u0632\u0627\u0645 \u0639\u0646 \u0643\u0648\u0646 \u0627\u0644\u0645\u0639\u0644\u0648\u0645\u0627\u062a \u0627\u0644\u0645\u0642\u062f\u0645\u0629 \u0645\u0646 \u062e\u0644\u0627\u0644 \u0647\u0630\u0627 \u0627\u0644\u0645\u0648\u0642\u0639 \u0635\u062d\u064a\u062d\u0629 \u0623\u0648 \u0643\u0627\u0645\u0644\u0629 \u0623\u0648 \u0645\u062d\u062f\u062b\u0629. \u0646\u062d\u062a\u0641\u0638 \u0628\u0627\u0644\u062d\u0642 \u0641\u064a \u062a\u063a\u064a\u064a\u0631 \u0627\u0644\u0645\u0639\u0644\u0648\u0645\u0627\u062a [&hellip;]\" \/>\n<meta property=\"og:url\" content=\"https:\/\/mvb.zh.ch\/ar\/impressum\/\" \/>\n<meta property=\"og:site_name\" content=\"\u062e\u0628\u0631\u0627\u0621 \u0627\u0644\u0645\u0634\u0648\u0631\u0629 \u0644\u0644\u0623\u0645\u0647\u0627\u062a \u0648\u0627\u0644\u0622\u0628\u0627\u0621 \u0641\u064a \u0643\u0627\u0646\u062a\u0648\u0646 \u0632\u064a\u0648\u0631\u062e\" \/>\n<meta property=\"article:modified_time\" content=\"2023-01-23T08:49:01+00:00\" \/>\n<meta name=\"twitter:card\" content=\"summary_large_image\" \/>\n<meta name=\"twitter:label1\" content=\"\u0648\u0642\u062a \u0627\u0644\u0642\u0631\u0627\u0621\u0629 \u0627\u0644\u0645\u064f\u0642\u062f\u0651\u0631\" \/>\n\t<meta name=\"twitter:data1\" content=\"\u062f\u0642\u064a\u0642\u062a\u0627\u0646\" \/>\n<script type=\"application\/ld+json\" class=\"yoast-schema-graph\">{\"@context\":\"https:\/\/schema.org\",\"@graph\":[{\"@type\":\"WebPage\",\"@id\":\"https:\/\/mvb.zh.ch\/ar\/impressum\/\",\"url\":\"https:\/\/mvb.zh.ch\/ar\/impressum\/\",\"name\":\"\u0628\u064a\u0627\u0646\u0627\u062a \u0627\u0644\u0646\u0634\u0631 - \u062e\u0628\u0631\u0627\u0621 \u0627\u0644\u0645\u0634\u0648\u0631\u0629 \u0644\u0644\u0623\u0645\u0647\u0627\u062a \u0648\u0627\u0644\u0622\u0628\u0627\u0621 \u0641\u064a \u0643\u0627\u0646\u062a\u0648\u0646 \u0632\u064a\u0648\u0631\u062e\",\"isPartOf\":{\"@id\":\"https:\/\/mvb.zh.ch\/ar\/#website\"},\"datePublished\":\"2022-10-27T13:13:40+00:00\",\"dateModified\":\"2023-01-23T08:49:01+00:00\",\"breadcrumb\":{\"@id\":\"https:\/\/mvb.zh.ch\/ar\/impressum\/#breadcrumb\"},\"inLanguage\":\"ar\",\"potentialAction\":[{\"@type\":\"ReadAction\",\"target\":[\"https:\/\/mvb.zh.ch\/ar\/impressum\/\"]}]},{\"@type\":\"BreadcrumbList\",\"@id\":\"https:\/\/mvb.zh.ch\/ar\/impressum\/#breadcrumb\",\"itemListElement\":[{\"@type\":\"ListItem\",\"position\":1,\"name\":\"Startseite\",\"item\":\"https:\/\/mvb.zh.ch\/ar\/\"},{\"@type\":\"ListItem\",\"position\":2,\"name\":\"Impressum\"}]},{\"@type\":\"WebSite\",\"@id\":\"https:\/\/mvb.zh.ch\/ar\/#website\",\"url\":\"https:\/\/mvb.zh.ch\/ar\/\",\"name\":\"\u062e\u0628\u0631\u0627\u0621 \u0627\u0644\u0645\u0634\u0648\u0631\u0629 \u0644\u0644\u0623\u0645\u0647\u0627\u062a \u0648\u0627\u0644\u0622\u0628\u0627\u0621 \u0641\u064a \u0643\u0627\u0646\u062a\u0648\u0646 \u0632\u064a\u0648\u0631\u062e\",\"description\":\"\",\"publisher\":{\"@id\":\"https:\/\/mvb.zh.ch\/ar\/#organization\"},\"inLanguage\":\"ar\"}]}<\/script>\n<!-- \/ Yoast SEO plugin. -->","yoast_head_json":{"title":"\u0628\u064a\u0627\u0646\u0627\u062a \u0627\u0644\u0646\u0634\u0631 - \u062e\u0628\u0631\u0627\u0621 \u0627\u0644\u0645\u0634\u0648\u0631\u0629 \u0644\u0644\u0623\u0645\u0647\u0627\u062a \u0648\u0627\u0644\u0622\u0628\u0627\u0621 \u0641\u064a \u0643\u0627\u0646\u062a\u0648\u0646 \u0632\u064a\u0648\u0631\u062e","robots":{"index":"index","follow":"follow","max-snippet":"max-snippet:-1","max-image-preview":"max-image-preview:large","max-video-preview":"max-video-preview:-1"},"canonical":"https:\/\/mvb.zh.ch\/ar\/impressum\/","og_locale":"ar_AR","og_type":"article","og_title":"\u0628\u064a\u0627\u0646\u0627\u062a \u0627\u0644\u0646\u0634\u0631 - \u062e\u0628\u0631\u0627\u0621 \u0627\u0644\u0645\u0634\u0648\u0631\u0629 \u0644\u0644\u0623\u0645\u0647\u0627\u062a \u0648\u0627\u0644\u0622\u0628\u0627\u0621 \u0641\u064a \u0643\u0627\u0646\u062a\u0648\u0646 \u0632\u064a\u0648\u0631\u062e","og_description":"MIND. Agentur f\u00fcr Strate\u00adgie, Design, Code und Content \u062a\u0645 \u0627\u0644\u062a\u062d\u0642\u0642 \u0645\u0646 \u062c\u0645\u064a\u0639 \u0627\u0644\u0646\u0635\u0648\u0635 \u0648\u0627\u0644\u0631\u0648\u0627\u0628\u0637 \u0628\u0639\u0646\u0627\u064a\u0629 \u0648\u064a\u062a\u0645 \u062a\u062d\u062f\u064a\u062b\u0647\u0627 \u0628\u0627\u0633\u062a\u0645\u0631\u0627\u0631. \u0646\u0628\u0630\u0644 \u0642\u0635\u0627\u0631\u0649 \u062c\u0647\u062f\u0646\u0627 \u0644\u062a\u0642\u062f\u064a\u0645 \u0645\u0639\u0644\u0648\u0645\u0627\u062a \u0635\u062d\u064a\u062d\u0629 \u0648\u0643\u0627\u0645\u0644\u0629 \u0639\u0644\u0649 \u0647\u0630\u0627 \u0627\u0644\u0645\u0648\u0642\u0639\u060c \u0644\u0643\u0646\u0646\u0627 \u0644\u0627 \u0646\u062a\u062d\u0645\u0644 \u0623\u064a \u0645\u0633\u0624\u0648\u0644\u064a\u0629 \u0623\u0648 \u0636\u0645\u0627\u0646\u0627\u062a \u0623\u0648 \u0627\u0644\u062a\u0632\u0627\u0645 \u0639\u0646 \u0643\u0648\u0646 \u0627\u0644\u0645\u0639\u0644\u0648\u0645\u0627\u062a \u0627\u0644\u0645\u0642\u062f\u0645\u0629 \u0645\u0646 \u062e\u0644\u0627\u0644 \u0647\u0630\u0627 \u0627\u0644\u0645\u0648\u0642\u0639 \u0635\u062d\u064a\u062d\u0629 \u0623\u0648 \u0643\u0627\u0645\u0644\u0629 \u0623\u0648 \u0645\u062d\u062f\u062b\u0629. \u0646\u062d\u062a\u0641\u0638 \u0628\u0627\u0644\u062d\u0642 \u0641\u064a \u062a\u063a\u064a\u064a\u0631 \u0627\u0644\u0645\u0639\u0644\u0648\u0645\u0627\u062a [&hellip;]","og_url":"https:\/\/mvb.zh.ch\/ar\/impressum\/","og_site_name":"\u062e\u0628\u0631\u0627\u0621 \u0627\u0644\u0645\u0634\u0648\u0631\u0629 \u0644\u0644\u0623\u0645\u0647\u0627\u062a \u0648\u0627\u0644\u0622\u0628\u0627\u0621 \u0641\u064a \u0643\u0627\u0646\u062a\u0648\u0646 \u0632\u064a\u0648\u0631\u062e","article_modified_time":"2023-01-23T08:49:01+00:00","twitter_card":"summary_large_image","twitter_misc":{"\u0648\u0642\u062a \u0627\u0644\u0642\u0631\u0627\u0621\u0629 \u0627\u0644\u0645\u064f\u0642\u062f\u0651\u0631":"\u062f\u0642\u064a\u0642\u062a\u0627\u0646"},"schema":{"@context":"https:\/\/schema.org","@graph":[{"@type":"WebPage","@id":"https:\/\/mvb.zh.ch\/ar\/impressum\/","url":"https:\/\/mvb.zh.ch\/ar\/impressum\/","name":"\u0628\u064a\u0627\u0646\u0627\u062a \u0627\u0644\u0646\u0634\u0631 - \u062e\u0628\u0631\u0627\u0621 \u0627\u0644\u0645\u0634\u0648\u0631\u0629 \u0644\u0644\u0623\u0645\u0647\u0627\u062a \u0648\u0627\u0644\u0622\u0628\u0627\u0621 \u0641\u064a \u0643\u0627\u0646\u062a\u0648\u0646 \u0632\u064a\u0648\u0631\u062e","isPartOf":{"@id":"https:\/\/mvb.zh.ch\/ar\/#website"},"datePublished":"2022-10-27T13:13:40+00:00","dateModified":"2023-01-23T08:49:01+00:00","breadcrumb":{"@id":"https:\/\/mvb.zh.ch\/ar\/impressum\/#breadcrumb"},"inLanguage":"ar","potentialAction":[{"@type":"ReadAction","target":["https:\/\/mvb.zh.ch\/ar\/impressum\/"]}]},{"@type":"BreadcrumbList","@id":"https:\/\/mvb.zh.ch\/ar\/impressum\/#breadcrumb","itemListElement":[{"@type":"ListItem","position":1,"name":"Startseite","item":"https:\/\/mvb.zh.ch\/ar\/"},{"@type":"ListItem","position":2,"name":"Impressum"}]},{"@type":"WebSite","@id":"https:\/\/mvb.zh.ch\/ar\/#website","url":"https:\/\/mvb.zh.ch\/ar\/","name":"\u062e\u0628\u0631\u0627\u0621 \u0627\u0644\u0645\u0634\u0648\u0631\u0629 \u0644\u0644\u0623\u0645\u0647\u0627\u062a \u0648\u0627\u0644\u0622\u0628\u0627\u0621 \u0641\u064a \u0643\u0627\u0646\u062a\u0648\u0646 \u0632\u064a\u0648\u0631\u062e","description":"","publisher":{"@id":"https:\/\/mvb.zh.ch\/ar\/#organization"},"inLanguage":"ar"}]}},"_links":{"self":[{"href":"https:\/\/mvb.zh.ch\/ar\/wp-json\/wp\/v2\/pages\/59"}],"collection":[{"href":"https:\/\/mvb.zh.ch\/ar\/wp-json\/wp\/v2\/pages"}],"about":[{"href":"https:\/\/mvb.zh.ch\/ar\/wp-json\/wp\/v2\/types\/page"}],"author":[{"embeddable":true,"href":"https:\/\/mvb.zh.ch\/ar\/wp-json\/wp\/v2\/users\/1"}],"replies":[{"embeddable":true,"href":"https:\/\/mvb.zh.ch\/ar\/wp-json\/wp\/v2\/comments?post=59"}],"version-history":[{"count":4,"href":"https:\/\/mvb.zh.ch\/ar\/wp-json\/wp\/v2\/pages\/59\/revisions"}],"predecessor-version":[{"id":790,"href":"https:\/\/mvb.zh.ch\/ar\/wp-json\/wp\/v2\/pages\/59\/revisions\/790"}],"wp:attachment":[{"href":"https:\/\/mvb.zh.ch\/ar\/wp-json\/wp\/v2\/media?parent=59"}],"curies":[{"name":"wp","href":"https:\/\/api.w.org\/{rel}","templated":true}]}}